


{"id":21025,"date":"2015-10-22T17:08:38","date_gmt":"2015-10-22T21:08:38","guid":{"rendered":"http:\/\/www.veeva.com\/?page_id=21025"},"modified":"2026-04-28T16:48:09","modified_gmt":"2026-04-28T19:48:09","slug":"animal-health","status":"publish","type":"page","link":"https:\/\/pantheon.veeva.com\/br\/products\/animal-health\/","title":{"rendered":"Animal Health"},"content":{"rendered":"<br \/>\n<section class=\"block\">\n<div class=\"banner-container\" style=\"background-image: url(&quot;https:\/\/www.veeva.com\/wp-content\/uploads\/2018\/09\/Animal_Health_Final_bckgrnd.jpg&quot;);\">\n<div class=\"container\">\n<div class=\"row\">\n<div class=\"col-xs-12\">\n<div class=\"breadcrumbs\">\n\t\t\t\t\t\t<a href=\"\/br\/\">Home<\/a> \u00b7 <a href=\"\/br\/products\/pharma-biotech\/\">Segmentos da Ind\u00fastria<\/a> \u00b7 <span class=\"current\">Sa\u00fade Animal<\/span>\n\t\t\t\t\t<\/div>\n<\/p><\/div>\n<\/p><\/div>\n<div class=\"row\">\n<div class=\"col-xs-12\">\n<h2>Lidere o Grupo<\/h2>\n<p>Empodere seu neg\u00f3cio com <br class=\"hidden-xs\">aplicativos <br class=\"display-break\">sob encomenda para a sa\u00fade animal<\/p>\n<p><a href=\"\/br\/contact-us\/\" target=\"_self\" class=\"button theme-color\" id=\"cta-hero-animalHealth\" rel=\"noopener noreferrer\">Entre em Contato Conosco<span class=\"glyphicon glyphicon-menu-right\" aria-hidden=\"true\"><\/span><\/a>\n\t\t\t\t<\/div>\n<\/p><\/div>\n<\/p><\/div>\n<\/p><\/div>\n<\/section>\n<style>\n<p>.product-nav {\n\tbackground-color:#ff9300;\n\tcolor:#fff;\n\tfont-size:16px;\n\tline-height:20px;\n\tfont-weight:500;\n}<\/p>\n<p>.product-nav a.prod-link, .product-nav a.prod-link:visited{\n\tdisplay: flex;\n\talign-items: center;  \n\tjustify-content: center;\n\tbackground-color:#ff9300;\n\theight:60px;\n\tcolor:#fff;\n\tpadding:0 15px;\n\tcursor:pointer;\n}<\/p>\n<p>@media screen and (max-width: 767px) {<\/p>\n<p>\t.product-nav a.prod-link{\n\theight:45px;\n\tcolor:#fff;\n\tpadding:0 15px;\n\tborder-bottom:1px solid #fff;\n\t}\n\t.product-nav a.prod-link br{\n\tdisplay:none;\n\t}\n}<\/p>\n<p>.product-nav a.prod-link:hover {\n\tbackground-color:#e97f16;\n\tcolor:#fff;\n\tcursor:pointer;\n}\n.product-nav a.active, .product-nav a.active:hover, .product-nav a.active:visited{\n\tbackground-color:#fff;\n\tcolor:#000;\n\tcursor:pointer;\n}\n.product-nav [class*=\"col-\"] {\n    padding:0px;\n    text-align:center;\n}<\/p>\n<\/style>\n<div class=\"product-nav\">\n<div class=\"container\">\n<div class=\"row\">\n<div class=\"col-sm-4\">\n\t\t\t<a class=\" prod-link\" href=\"\/br\/products\/pharma-biotech\/\">Pharma + Biotech<\/a>\n\t\t\t<\/div>\n<div class=\"col-sm-4\">\n\t\t\t<a class=\" prod-link\" href=\"\/br\/products\/consumer-health\/\">Sa\u00fade do Consumidor<\/a>\n\t\t\t<\/div>\n<div class=\"col-sm-4\">\n\t\t\t<a class=\"active prod-link\" href=\"\/br\/products\/animal-health\/\">Sa\u00fade Animal<\/a>\n\t\t\t<\/div>\n<\/p><\/div>\n<\/p><\/div>\n<\/div>\n<div class=\"overview-container\">\n<div class=\"container\">\n<div class=\"wrapper\">\n<div class=\"row\">\n<div class=\"col-xs-12\">\n<h1 class=\"cloud\">Veeva para Sa\u00fade Animal<\/h1>\n<p class=\"sub-title\">\nFlex\u00edvel. Simples. Desenvolvido para entregar exatamente o que voc\u00ea necessita.\n<\/p>\n<p>\nEmpresas de sa\u00fade animal est\u00e3o enfrentando um ambiente comercial cada vez mais complexo, sendo for\u00e7adas a fazer funcionar com seus sistemas gen\u00e9ricos ou de nicho, n\u00e3o desenvolvidos para atender seus requisitos \u2013 at\u00e9 agora. O Veeva Commercial Cloud \u00e9 uma solu\u00e7\u00e3o totalmente integrada com capacidades espec\u00edficas de sa\u00fade animal, oferecendo intera\u00e7\u00f5es multicanais com clientes, desde produtores de gado \u00e0 veterin\u00e1rios. Nosso sistema de ponta a ponta tem tudo: gerenciamento de conte\u00fado, gest\u00e3o de relacionamento com o consumidor (CRM) multicanais, marketing de circuito fechado (CLM), gerenciamento de pedidos integrado, gest\u00e3o de contratos e monitoramento de estoque.\n<\/p>\n<p>\nDentro da R&amp;D, padr\u00f5es rigorosos de regulat\u00f3rios para regulamentar medicamentos animais, trazem a necessidade de gerenciar milhares de documentos, em diversas regi\u00f5es. As empresas de sa\u00fade animal enfrentam este desafio com processos ineficientes que ainda dependem de papel ou sistemas antiquados. O Veeva Vault oferece aplicativos de gerenciamento de conte\u00fado constru\u00eddos para as \u00e1reas mais regulamentadas: testes cl\u00ednicos, submiss\u00f5es regulat\u00f3rias, documenta\u00e7\u00e3o de qualidade e materiais promocionais. O modelo de dados e a interface de usu\u00e1rio flex\u00edveis do Vault acomodam esp\u00e9cies, classes de animais e nomes comuns, refletindo exatamente as necessidades do seu neg\u00f3cio.\n<\/p>\n<h5>BENEF\u00cdCIOS<\/h5>\n<ul>\n<li><strong>Execu\u00e7\u00e3o coordenada: <\/strong> capacidades de gerenciamento espec\u00edficas para sa\u00fade animal, como contas, pedidos e contratos \u2013 todas em uma \u00fanica solu\u00e7\u00e3o \u2013 aumentam a produtividade do campo e efici\u00eancia comercial.<\/li>\n<li><strong>Engajamento Cont\u00ednuo: <\/strong>Empresas de sa\u00fade animal podem engajar consumidores com a informa\u00e7\u00e3o correta atrav\u00e9s de todos os canais, incluindo visitas presenciais, eventos, celular, e-mail e internet.<\/li>\n<li><strong>Insights mais profundos:  <\/strong>Pain\u00e9is e relat\u00f3rios inclu\u00eddos em todos os aplicativos Veeva permitem tomadas de decis\u00f5es mais bem informadas. Ganhe insights em tempo real sobre o status de documentos ou efici\u00eancia de processos no Vault ou traga dados externos \u2013 como prescri\u00e7\u00f5es e informa\u00e7\u00f5es de vendas \u2013 juntamente com a intera\u00e7\u00e3o com o cliente e gerenciamento de relacionamento com o consumidor (CRM) para maior visibilidade.<\/li>\n<\/ul>\n<\/div>\n<\/div>\n<\/div>\n<\/div>\n<\/div>\n<div class=\"generic-container\" style=\"background-color: rgb(238, 238, 238);\">\n<div class=\"container\">\n<div class=\"wrapper\">\n<div class=\"row\">\n<h2>Capacidades<\/h2>\n<div class=\"col-md-6\">\n<h5>DETALHAMENTO ESPEC\u00cdFICO DE ESP\u00c9CIES E PRODUTOS<\/h5>\n<p>Aumente a produtividade das vendas com f\u00e1cil visualiza\u00e7\u00e3o e gerenciamento de dados complexos para diversos produtos e esp\u00e9cies. Representantes podem filtrar por produto, esp\u00e9cie ou conta para entender como seu portf\u00f3lio de produto mapeia os clientes \u2013 tudo em quest\u00e3o de segundos.<\/p>\n<h5>GERENCIAMENTO DE DADOS MESTRE INTEGRADO<\/h5>\n<p>Favorece um maior engajamento e prepara sua organiza\u00e7\u00e3o para as novas regulamenta\u00e7\u00f5es de transpar\u00eancia de gastos aproveitando o melhor gerenciamento de dados mestre de consumidor, perfeitamente integrado com a ferramenta de gerenciamento de relacionamento com o consumidor (CRM).<\/p>\n<h5>REPOSITOR DE CONTE\u00daDO MULTICANAL<\/h5>\n<p>Com uma \u00fanica solu\u00e7\u00e3o de ponta a ponta, criar, aprovar, distribuir e retirar conte\u00fado de todos os canais ficou mais f\u00e1cil e simples. Insights de intera\u00e7\u00e3o com o consumidor ficam diretamente dispon\u00edveis no gerenciador de relacionamento com o consumidor (CRM), possibilitando conte\u00fado mais personalizado.\n<\/p><\/div>\n<div class=\"col-md-6\">\n<h5>DADOS COMPLETOS PARA MELHOR ALCANCE DO P\u00daBLICO-ALVO<\/h5>\n<p>Aumente o engajamento do consumidor com dados abertos, f\u00e1ceis de usar, globalmente acess\u00edveis e de alta qualidade \u2013 incluindo mais de 150.000 m\u00e9dicos veterin\u00e1rios profissionais ativos e licenciados. Afilia\u00e7\u00f5es com organiza\u00e7\u00f5es de assist\u00eancia de sa\u00fade (HCO) e refer\u00eancias cruzadas com NPI, DEA e licen\u00e7as nacionais onde estiverem dispon\u00edveis.<\/p>\n<h5>GEST\u00c3O DE CONTE\u00daDO ROBUSTA<\/h5>\n<p>Gerenciamento de conte\u00fado com fluxos de trabalho avan\u00e7ados e relat\u00f3rios em tempo real, equipando as empresas com processos completos mais r\u00e1pidos e possibilitando maior produtividade aos times. O acesso f\u00e1cil e direto \u00e0 funcion\u00e1rios e parceiros externos autorizados oferece uma \u00fanica fonte confi\u00e1vel de conte\u00fado.<\/p><\/div>\n<\/p><\/div>\n<\/p><\/div>\n<\/p><\/div>\n<\/div>\n<p><!-- start new content --><\/p>\n<p><script>\n$(document).ready(function () {\n\t$('.thumb1').click(function (e) {\n\t\t$('#myModal1').modal('show');\n\t});\n\t$('.thumb2').click(function (e) {\n\t\t$('#myModal2').modal('show');\n\t});\n\t$('.thumb3').click(function (e) {\n\t\t$('#myModal3').modal('show');\n\t});\n\t$('.thumb4').click(function (e) {\n\t\t$('#myModal4').modal('show');\n\t});\n});\n<\/script><\/p>\n<p><!-- modals --><\/p>\n<div class=\"modal white fade hidden-xs\" id=\"myModal1\">\n<div class=\"modal-win-content\">\n<div class=\"modal-dialog modal-xl\">\n<div class=\"mod-close\">\n\t\t\t\t<a href=\"#\" class=\"glyph-link\" data-dismiss=\"modal\" aria-hidden=\"true\"><br \/>\n\t\t\t\t\t<i class=\"glyphicon glyphicon-remove\"><\/i><br \/>\n\t\t\t\t<\/a>\n\t\t\t<\/div>\n<p>\t\t\t<img decoding=\"async\" alt=\"\" src=\"https:\/\/www.veeva.com\/wp-content\/uploads\/2018\/08\/openData-screen.png\" width=\"100%\">\n\t\t<\/div>\n<\/p><\/div>\n<\/div>\n<div class=\"modal white fade hidden-xs\" id=\"myModal2\">\n<div class=\"modal-win-content\">\n<div class=\"modal-dialog modal-xl\">\n<div class=\"mod-close\">\n\t\t\t\t<a href=\"#\" class=\"glyph-link\" data-dismiss=\"modal\" aria-hidden=\"true\"><br \/>\n\t\t\t\t\t<i class=\"glyphicon glyphicon-remove\"><\/i><br \/>\n\t\t\t\t<\/a>\n\t\t\t<\/div>\n<p>\t\t\t<img decoding=\"async\" alt=\"\" src=\"https:\/\/www.veeva.com\/wp-content\/uploads\/2018\/08\/network-screen.jpg\" width=\"100%\">\n\t\t<\/div>\n<\/p><\/div>\n<\/div>\n<div class=\"modal white fade hidden-xs\" id=\"myModal3\">\n<div class=\"modal-win-content\">\n<div class=\"modal-dialog modal-xl\">\n<div class=\"mod-close\">\n\t\t\t\t<a href=\"#\" class=\"glyph-link\" data-dismiss=\"modal\" aria-hidden=\"true\"><br \/>\n\t\t\t\t\t<i class=\"glyphicon glyphicon-remove\"><\/i><br \/>\n\t\t\t\t<\/a>\n\t\t\t<\/div>\n<p>\t\t\t<img decoding=\"async\" alt=\"\" src=\"https:\/\/www.veeva.com\/wp-content\/uploads\/2018\/09\/vault-platform-screen.jpg\" width=\"100%\">\n\t\t<\/div>\n<\/p><\/div>\n<\/div>\n<div class=\"modal white fade hidden-xs\" id=\"myModal4\">\n<div class=\"modal-win-content\">\n<div class=\"modal-dialog modal-xl\">\n<div class=\"mod-close\">\n\t\t\t\t<a href=\"#\" class=\"glyph-link\" data-dismiss=\"modal\" aria-hidden=\"true\"><br \/>\n\t\t\t\t\t<i class=\"glyphicon glyphicon-remove\"><\/i><br \/>\n\t\t\t\t<\/a>\n\t\t\t<\/div>\n<p>\t\t\t<img decoding=\"async\" alt=\"\" src=\"https:\/\/www.veeva.com\/wp-content\/uploads\/2018\/08\/mc-crm-multiscreen-screen.jpg\" width=\"100%\">\n\t\t<\/div>\n<\/p><\/div>\n<\/div>\n<p><!-- content --><\/p>\n<div class=\"generic-container\" id=\"content-boxes\">\n<div class=\"container\">\n<div class=\"wrapper\">\n<div class=\"row\">\n<div class=\"col-xs-12\">\n<h2 class=\"pad-btm-20\">Aplicativos<\/h2>\n<\/p><\/div>\n<\/p><\/div>\n<div class=\"row text-boxes\">\n<div class=\"col-md-12\">\n<div class=\"titles\">\n\t\t\t\t\t\t<img decoding=\"async\" class=\"hide-icon\" src=\"https:\/\/www.veeva.com\/wp-content\/uploads\/2018\/08\/openData-title-icon.png\"><br \/>\n\t\t\t\t\t\t<a href=\"\/br\/products\/opendata\/\">Veeva <span>OpenData<\/span><\/a>\n\t\t\t\t\t<\/div>\n<\/p><\/div>\n<div class=\"col-md-7 col-sm-6\">\n<p>\n\t\t\t\t\t\tO Veeva OpenData disponibiliza dados preciso de organiza\u00e7\u00f5es de assist\u00eancia de sa\u00fade (HCO), afilia\u00e7\u00f5es e compliance facilmente acess\u00edveis quando, onde e como voc\u00ea precisar por todos os times e em qualquer localiza\u00e7\u00e3o.\n\t\t\t\t\t<\/p>\n<\/p><\/div>\n<div class=\"col-md-5 col-sm-6 shot box\">\n<div class=\"overlay\">\n<div class=\"hidden-xs\">\n\t\t\t\t\t\t\t<img decoding=\"async\" src=\"https:\/\/www.veeva.com\/wp-content\/uploads\/2018\/02\/overlay-dev.png\" width=\"304\" class=\"thumb1\">\n\t\t\t\t\t\t<\/div>\n<p>\t\t\t\t\t\t<img decoding=\"async\" alt=\"\" src=\"https:\/\/www.veeva.com\/wp-content\/uploads\/2018\/08\/openData-thumb.jpg\">\n\t\t\t\t\t<\/div>\n<div class=\"text-center click hidden-xs\">\n\t\t\t\t\t\t<span class=\"glyphicon glyphicon-zoom-in\"><\/span> Clique para aumentar\n\t\t\t\t\t<\/div>\n<\/p><\/div>\n<\/p><\/div>\n<div class=\"row\">\n<div class=\"col-md-12\">\n<hr><\/div>\n<\/p><\/div>\n<div class=\"row text-boxes\">\n<div class=\"col-md-12\">\n<div class=\"titles\">\n\t\t\t\t\t\t<img decoding=\"async\" class=\"hide-icon\" src=\"https:\/\/www.veeva.com\/wp-content\/uploads\/2018\/08\/network-title-icon.png\"><br \/>\n\t\t\t\t\t\t<a href=\"\/br\/products\/network-customer-master\/\">Veeva <span>Network<\/span><\/a>\n\t\t\t\t\t<\/div>\n<\/p><\/div>\n<div class=\"col-md-7 col-sm-6\">\n<p>\n\t\t\t\t\t\tDesenvolvido para ci\u00eancias da vida, o Veeva Network Customer Master simplifica seu gerenciamento de dados mestres e disponibiliza insights profundos necess\u00e1rios para que voc\u00ea<br \/>\npossa impulsionar engajamento e compliance por todos os canais e por todo o mundo.\n\t\t\t\t\t<\/p>\n<\/p><\/div>\n<div class=\"col-md-5 col-sm-6 shot box\">\n<div class=\"overlay\">\n<div class=\"hidden-xs\">\n\t\t\t\t\t\t\t<img decoding=\"async\" src=\"https:\/\/www.veeva.com\/wp-content\/uploads\/2018\/02\/overlay-dev.png\" width=\"304\" class=\"thumb2\">\n\t\t\t\t\t\t<\/div>\n<p>\t\t\t\t\t\t<img decoding=\"async\" alt=\"\" src=\"https:\/\/www.veeva.com\/wp-content\/uploads\/2018\/08\/network-thumb.jpg\">\n\t\t\t\t\t<\/div>\n<div class=\"text-center click hidden-xs\">\n\t\t\t\t\t\t<span class=\"glyphicon glyphicon-zoom-in\"><\/span> Clique para aumentar <\/div>\n<\/p><\/div>\n<\/p><\/div>\n<div class=\"row\">\n<div class=\"col-md-12\">\n<hr><\/div>\n<\/p><\/div>\n<div class=\"row text-boxes\">\n<div class=\"col-md-12\">\n<div class=\"titles\">\n\t\t\t\t\t\t\t<!-- pending CRM title icon <img decoding=\"async\" class=\"hide-icon\" src=\"\"> --><br \/>\n\t\t\t\t\t\t<a href=\"\/br\/products\/multichannel-crm\/\">Veeva <span>CRM<\/span><\/a>\n\t\t\t\t\t<\/div>\n<\/p><\/div>\n<div class=\"col-md-7 col-sm-6\">\n<p>\n\t\t\t\t\t\tO Veeva CRM disponibiliza uma funcionalidade profunda e espec\u00edfica de sa\u00fade do consumidor,<br \/>\npermitindo que as empresas simplifiquem o processo de vendas do come\u00e7o ao fim e melhorem<br \/>\no engajamento com as farm\u00e1cias clientes.\n\t\t\t\t\t<\/p>\n<\/p><\/div>\n<div class=\"col-md-5 col-sm-6 shot box\">\n<div class=\"overlay\">\n<div class=\"hidden-xs\">\n\t\t\t\t\t\t\t<img decoding=\"async\" src=\"https:\/\/www.veeva.com\/wp-content\/uploads\/2018\/02\/overlay-dev.png\" width=\"304\" class=\"thumb4\">\n\t\t\t\t\t\t<\/div>\n<p>\t\t\t\t\t\t<img decoding=\"async\" alt=\"\" src=\"https:\/\/www.veeva.com\/wp-content\/uploads\/2018\/08\/mc-crm-thumb.jpg\">\n\t\t\t\t\t<\/div>\n<div class=\"text-center click hidden-xs\">\n\t\t\t\t\t\t<span class=\"glyphicon glyphicon-zoom-in\"><\/span> Clique para aumentar\n\t\t\t\t\t<\/div>\n<\/p><\/div>\n<\/p><\/div>\n<\/p><\/div>\n<\/p><\/div>\n<\/div>\n<style>\n.hide-icon {\n\tdisplay: none;\n}\n.pad-btm-20 {\n\tpadding-bottom: 20px;\n}\n<\/style>\n<p><!-- end new content --><\/p>\n","protected":false},"excerpt":{"rendered":"<p>Home \u00b7 Segmentos da Ind\u00fastria \u00b7 Sa\u00fade Animal Lidere o Grupo Empodere seu neg\u00f3cio com aplicativos sob encomenda para a sa\u00fade animal Entre em Contato Conosco Pharma + Biotech Sa\u00fade do Consumidor Sa\u00fade Animal Veeva para Sa\u00fade Animal Flex\u00edvel. Simples. Desenvolvido para entregar exatamente o que voc\u00ea necessita. Empresas de sa\u00fade animal est\u00e3o enfrentando um&hellip;<\/p>\n","protected":false},"author":80,"featured_media":0,"parent":20394,"menu_order":0,"comment_status":"closed","ping_status":"closed","template":"templates\/veeva-2024.full-page.php","meta":{"footnotes":""},"class_list":["post-21025","page","type-page","status-publish","hentry"],"aioseo_notices":[],"_links":{"self":[{"href":"https:\/\/pantheon.veeva.com\/br\/wp-json\/wp\/v2\/pages\/21025"}],"collection":[{"href":"https:\/\/pantheon.veeva.com\/br\/wp-json\/wp\/v2\/pages"}],"about":[{"href":"https:\/\/pantheon.veeva.com\/br\/wp-json\/wp\/v2\/types\/page"}],"author":[{"embeddable":true,"href":"https:\/\/pantheon.veeva.com\/br\/wp-json\/wp\/v2\/users\/80"}],"replies":[{"embeddable":true,"href":"https:\/\/pantheon.veeva.com\/br\/wp-json\/wp\/v2\/comments?post=21025"}],"version-history":[{"count":9,"href":"https:\/\/pantheon.veeva.com\/br\/wp-json\/wp\/v2\/pages\/21025\/revisions"}],"predecessor-version":[{"id":62179,"href":"https:\/\/pantheon.veeva.com\/br\/wp-json\/wp\/v2\/pages\/21025\/revisions\/62179"}],"up":[{"embeddable":true,"href":"https:\/\/pantheon.veeva.com\/br\/wp-json\/wp\/v2\/pages\/20394"}],"wp:attachment":[{"href":"https:\/\/pantheon.veeva.com\/br\/wp-json\/wp\/v2\/media?parent=21025"}],"curies":[{"name":"wp","href":"https:\/\/api.w.org\/{rel}","templated":true}]}}