


{"id":49040,"date":"2020-04-21T09:00:38","date_gmt":"2020-04-21T13:00:38","guid":{"rendered":"http:\/\/www.veeva.com\/?page_id=49040"},"modified":"2026-05-01T18:48:46","modified_gmt":"2026-05-01T21:48:46","slug":"medical-suite","status":"publish","type":"page","link":"https:\/\/pantheon.veeva.com\/br\/products\/medical-suite\/","title":{"rendered":"Veeva Medical Suite"},"content":{"rendered":"<style>\n@media (min-width: 1200px) {\n.veeva-2024 #platform-product .z-pattern--light {\npadding: 80px 0px;\n}\n}\n.veeva-2024 .resource-block-cards  {\ndisplay:none!important; \n}\n.logo-wall-listed--bg-grey {\nbackground:white!important;\n}\n.veeva-2024 .z-pattern-products__subpoint-headline .icon.outicon {width:16px;}<\/p>\n<\/style>\n<p><main class=\"veeva-2024\"><\/p>\n<div id=\"platform-product\" style=\"padding-top: 0px !important;\" class=\"\">\n<p>        <!-- Hero - Centered &#x2705; --><\/p>\n<section id=\"hero\" class=\"hero-centered hero-centered--image\">\n<div class=\"container copy-container copy-container--center\">\n<h6>Veeva Medical Solutions<\/h6>\n<h1>Maximize o Impacto M\u00e9dico<\/h1>\n<p>Software conectado, dados e consultoria de neg\u00f3cios adaptados \u00e0s necessidades de assuntos m\u00e9dicos.<\/p>\n<\/p><\/div>\n<\/section>\n<section class=\"marquee-subpoints marquee-subpoints--light\">\n<div class=\"copy-container container copy-container--center copy-container--eyebrow-gradient\">\n<h2>Promova a Pr\u00e1tica Cl\u00ednica e Melhore os Resultados dos Pacientes<\/h2>\n<p>O Veeva Medical Solutions auxilia os departamentos m\u00e9dicos a gerar e comunicar evid\u00eancias aos profissionais de sa\u00fade de forma eficaz. Dados e processos conectados permitem a tomada de decis\u00f5es informadas, da pesquisa ao tratamento.<\/p>\n<\/p><\/div>\n<\/section>\n<div id=\"products\" class=\"section-rounded-top\">\n<section class=\"z-pattern z-pattern-products z-pattern--light \">\n<div class=\"z-pattern__wrapper container\">\n<div class=\"z-pattern__inner\">\n<div class=\"copy-container copy-container--center copy-container--left-lg\">\n<h3>Software<\/h3>\n<p>Proporcione uma experi\u00eancia perfeita ao cliente unificando o interc\u00e2mbio cient\u00edfico, o conte\u00fado e o gerenciamento de solicita\u00e7\u00f5es<\/p>\n<\/p><\/div>\n<div class=\"z-pattern__content z-pattern__subgrid\">\n\t\t\t<a class=\"z-pattern-products__subpoint\" href=\"\/br\/products\/vault-crm-medical\/\" target=\"_self\" rel=\"noopener\"><\/p>\n<div class=\"z-pattern-products__subpoint-headline\">\n<h6>Veeva Vault CRM for Medical<\/h6>\n<p>\t\t\t<span class=\"icon ready\" data-icon=\"arrow-up-right--black\" style=\"--icon: url(&quot;https:\/\/www.veeva.com\/wp-content\/themes\/veeva2015\/assets\/svg\/icons\/arrow-up-right--black.svg&quot;);\"><\/span>\n\t\t\t<\/div>\n<div class=\"z-pattern-products__subpoint-body\">\n<p>Desenvolva relacionamentos estrat\u00e9gicos com as principais partes interessadas em todos os canais, compartilhe conte\u00fado e capture insights m\u00e9dicos importantes<\/p>\n<\/p><\/div>\n<p>\t\t\t<\/a><\/p>\n<p>\t\t\t<a class=\"z-pattern-products__subpoint\" href=\"\/br\/products\/veeva-medcomms\/\" target=\"_self\" rel=\"noopener\"><\/p>\n<div class=\"z-pattern-products__subpoint-headline\">\n<h6>Veeva MedComms<\/h6>\n<p>\t\t\t<span class=\"icon ready\" data-icon=\"arrow-up-right--black\" style=\"--icon: url(&quot;https:\/\/www.veeva.com\/wp-content\/themes\/veeva2015\/assets\/svg\/icons\/arrow-up-right--black.svg&quot;);\"><\/span>\n\t\t\t<\/div>\n<div class=\"z-pattern-products__subpoint-body\">\n<p>Gerenciar a cria\u00e7\u00e3o, revis\u00e3o e distribui\u00e7\u00e3o de conte\u00fado m\u00e9dico.<\/p>\n<\/p><\/div>\n<p>\t\t\t<\/a><\/p>\n<p>\t\t\t<a class=\"z-pattern-products__subpoint\" href=\"\/br\/products\/veeva-medinquiry\/\" target=\"_self\" rel=\"noopener\"><\/p>\n<div class=\"z-pattern-products__subpoint-headline\">\n<h6>Veeva MedInquiry<\/h6>\n<p>\t\t\t<span class=\"icon ready\" data-icon=\"arrow-up-right--black\" style=\"--icon: url(&quot;https:\/\/www.veeva.com\/wp-content\/themes\/veeva2015\/assets\/svg\/icons\/arrow-up-right--black.svg&quot;);\"><\/span>\n\t\t\t<\/div>\n<div class=\"z-pattern-products__subpoint-body\">\n<p>Simplifique a recep\u00e7\u00e3o e o atendimento de solicita\u00e7\u00f5es de informa\u00e7\u00f5es m\u00e9dicas.<\/p>\n<\/p><\/div>\n<p>\t\t\t<\/a>\n\t\t<\/div>\n<\/p><\/div>\n<div class=\"z-pattern__image\">\n<div class=\"z-pattern__image-wrapper\">\n\t\t\t\t<img decoding=\"async\" src=\"https:\/\/www.veeva.com\/wp-content\/uploads\/2024\/07\/image-vault-medical-suite-software@2x.png\" alt=\"https:\/\/www.veeva.com\/wp-content\/uploads\/2024\/07\/image-vault-medical-suite-software@2x.png\">\n\t\t \t<\/div>\n<\/p><\/div>\n<\/p><\/div>\n<\/section>\n<section class=\"z-pattern z-pattern-products z-pattern--light z-pattern--bg-grey\">\n<div class=\"z-pattern__wrapper container\">\n<div class=\"z-pattern__inner\">\n<div class=\"copy-container copy-container--center copy-container--left-lg\">\n<h3>Data<\/h3>\n<p>Acelere insights e melhore a tomada de decis\u00f5es com o Veeva Data Cloud<\/p>\n<\/p><\/div>\n<div class=\"z-pattern__content z-pattern__subgrid\">\n<a class=\"z-pattern-products__subpoint\" href=\"\/br\/products\/opendata\/\" target=\"_self\" rel=\"noopener\"><\/p>\n<div class=\"z-pattern-products__subpoint-headline\">\n<h6>Veeva OpenData<\/h6>\n<p><span class=\"icon ready\" data-icon=\"arrow-up-right--black\" style=\"--icon: url(&quot;https:\/\/www.veeva.com\/wp-content\/themes\/veeva2015\/assets\/svg\/icons\/arrow-up-right--black.svg&quot;);\"><\/span>\n<\/div>\n<div class=\"z-pattern-products__subpoint-body\">\n<p>Potencialize as opera\u00e7\u00f5es m\u00e9dicas com dados de refer\u00eancia de clientes precisos e alinhados globalmente<\/p>\n<\/div>\n<p><\/a><\/p>\n<p><a class=\"z-pattern-products__subpoint\" href=\"\/br\/products\/veeva-link\/\" target=\"_self\" rel=\"noopener\"><\/p>\n<div class=\"z-pattern-products__subpoint-headline\">\n<h6>Veeva Link<\/h6>\n<p><span class=\"icon ready\" data-icon=\"arrow-up-right--black\" style=\"--icon: url(&quot;https:\/\/www.veeva.com\/wp-content\/themes\/veeva2015\/assets\/svg\/icons\/arrow-up-right--black.svg&quot;);\"><\/span>\n<\/div>\n<div class=\"z-pattern-products__subpoint-body\">\n<p>Dados profundos sobre KOLs, cientistas e especialistas m\u00e9dicos<\/p>\n<\/div>\n<p><\/a><\/p>\n<p><a class=\"z-pattern-products__subpoint\" href=\"\/products\/veeva-compass\/\" target=\"_blank\" rel=\"noopener\"><\/p>\n<div class=\"z-pattern-products__subpoint-headline\">\n<h6>Veeva Compass<\/h6>\n<p><span class=\"icon outicon ready\" data-icon=\"expand-window-2\" style=\"--icon: url(&quot;https:\/\/www.veeva.com\/wp-content\/themes\/veeva2015\/assets\/svg\/icons\/expand-window-2.svg&quot;);\"><\/span>\n<\/div>\n<div class=\"z-pattern-products__subpoint-body\">\n<p>\nObtenha acesso ilimitado a dados de pacientes, prescritores e informa\u00e7\u00f5es nacionais, criados para as terapias complexas de hoje.<\/p>\n<\/div>\n<p><\/a>                          <\/div>\n<\/p><\/div>\n<div class=\"z-pattern__image\">\n<div class=\"z-pattern__image-wrapper\">\n\t\t  <img decoding=\"async\" src=\"https:\/\/www.veeva.com\/wp-content\/uploads\/2024\/07\/image-vault-medical-suite-data@2x.png\" alt=\"https:\/\/www.veeva.com\/wp-content\/uploads\/2024\/07\/image-vault-medical-suite-data@2x.png\">\n\t  <\/div>\n<\/p><\/div>\n<\/div>\n<\/section>\n<section class=\"z-pattern z-pattern-products z-pattern--light \">\n<div class=\"z-pattern__wrapper container\">\n<div class=\"z-pattern__inner\">\n<div class=\"copy-container copy-container--center copy-container--left-lg\">\n<h3>Business Consulting<\/h3>\n<p>Fa\u00e7a parceria com uma equipe de especialistas do setor para otimizar a estrat\u00e9gia e a execu\u00e7\u00e3o m\u00e9dica<\/p>\n<\/p><\/div>\n<div class=\"z-pattern__content z-pattern__subgrid\">\n                              <a class=\"z-pattern-products__subpoint\" href=\"\/br\/services\/business-consulting-services\/\" target=\"_self\" rel=\"noopener\"><\/p>\n<div class=\"z-pattern-products__subpoint-headline\">\n<h6>Veeva Medical Business Consulting<\/h6>\n<p><span class=\"icon ready\" data-icon=\"arrow-up-right--black\" style=\"--icon: url(&quot;https:\/\/www.veeva.com\/wp-content\/themes\/veeva2015\/assets\/svg\/icons\/arrow-up-right--black.svg&quot;);\"><\/span>\n<\/div>\n<div class=\"z-pattern-products__subpoint-body\">\n<p>Obtenha insights diferenciados com acesso \u00e0 experi\u00eancia do setor m\u00e9dico, dados exclusivos e software<\/p>\n<\/div>\n<p><\/a><br \/>\n<a class=\"z-pattern-products__subpoint\" href=\"\/services\/business-consulting-services\/\" target=\"_self\" rel=\"noopener\"><\/p>\n<div class=\"z-pattern-products__subpoint-headline\">\n<h6>Veeva Medical Content Business Consulting<\/h6>\n<p><span class=\"icon ready\" data-icon=\"arrow-up-right--black\" style=\"--icon: url(&quot;https:\/\/www.veeva.com\/wp-content\/themes\/veeva2015\/assets\/svg\/icons\/arrow-up-right--black.svg&quot;);\"><\/span>\n<\/div>\n<div class=\"z-pattern-products__subpoint-body\">\n<p>Desenvolva um modelo operacional escal\u00e1vel para maximizar a efic\u00e1cia do conte\u00fado m\u00e9dico<\/p>\n<\/div>\n<p><\/a><br \/>\n<a class=\"z-pattern-products__subpoint\" href=\"\/br\/services\/business-consulting-services\/\" target=\"_self\" rel=\"noopener\"><\/p>\n<div class=\"z-pattern-products__subpoint-headline\">\n<h6>Veeva Medical and Patient Analytics<\/h6>\n<p><span class=\"icon ready\" data-icon=\"arrow-up-right--black\" style=\"--icon: url(&quot;https:\/\/www.veeva.com\/wp-content\/themes\/veeva2015\/assets\/svg\/icons\/arrow-up-right--black.svg&quot;);\"><\/span>\n<\/div>\n<div class=\"z-pattern-products__subpoint-body\">\n<p>Priorize e agrupe os profissionais de sa\u00fade por necessidades n\u00e3o atendidas dos pacientes, acesso ao setor e prefer\u00eancia de canal<\/p>\n<\/div>\n<p><\/a><br \/>\n<a class=\"z-pattern-products__subpoint\" href=\"\/br\/services\/business-consulting-services\/\" target=\"_self\" rel=\"noopener\"><\/p>\n<div class=\"z-pattern-products__subpoint-headline\">\n<h6> Veeva Link Insights<\/h6>\n<p><span class=\"icon ready\" data-icon=\"arrow-up-right--black\" style=\"--icon: url(&quot;https:\/\/www.veeva.com\/wp-content\/themes\/veeva2015\/assets\/svg\/icons\/arrow-up-right--black.svg&quot;);\"><\/span>\n<\/div>\n<div class=\"z-pattern-products__subpoint-body\">\n<p> An\u00e1lise avan\u00e7ada de dados profundos para melhorar a tomada de decis\u00f5es m\u00e9dicas, segmenta\u00e7\u00e3o e ativa\u00e7\u00e3o de campo<\/p>\n<\/div>\n<p><\/a>                          <\/div>\n<\/p><\/div>\n<div class=\"z-pattern__image\">\n<div class=\"z-pattern__image-wrapper\">\n\t\t  <img decoding=\"async\" src=\"https:\/\/www.veeva.com\/wp-content\/uploads\/2024\/07\/image-vault-medical-suite-business-consulting@2x.png\" alt=\"https:\/\/www.veeva.com\/wp-content\/uploads\/2024\/07\/image-vault-medical-suite-business-consulting@2x.png\">\n\t  <\/div>\n<\/p><\/div>\n<\/p><\/div>\n<\/section><\/div>\n<div id=\"supplementary\" class=\"white-bg\" data-count=\"2\" style=\"padding-bottom:120px\">\n<section id=\"video-demo-block-2\" class=\"video-player-demos video-player-demos--dark\" style=\"padding-top:100px;background:none\">\n<div class=\"container\">\n<p>        <!-- video player module --><\/p>\n<div class=\"video-player-module video-player-module--multiple\">\n            <!-- video player module, main video --><\/p>\n<div class=\"video-player-module__video\">\n<div class=\"video-player-module__wistia-wrapper\">\n                    <!-- NOTE: need to add wistia code + aspect ratio --><br \/>\n                    <!-- adjust video aspect ratio here --><\/p>\n<div class=\"wistia_responsive_padding\" style=\"padding: 56.25% 0 0 0; position: relative\">\n<div class=\"wistia_responsive_wrapper\" style=\"height: 100%; left: 0; position: absolute; top: 0; width: 100%\">\n                            <!-- add class here : wistia_async_{wistia-id} --><\/p>\n<div class=\"wistia_embed wistia_async_vvc3ivl5as\" style=\"height: 100%; width: 100%\"><\/div>\n<\/p><\/div>\n<\/p><\/div>\n<\/p><\/div>\n<\/p><\/div>\n<p>            <!-- sub video nav wrapper, dark --><\/p>\n<div class=\"video-player-module__video-nav sub-video-nav-wrapper sub-video-nav-wrapper--dark\">\n<div class=\"sub-video-nav-wrapper__title\">\n                <\/div>\n<div class=\"sub-video-nav-wrapper__content\">\n                <\/div>\n<div class=\"sub-video-nav-wrapper__bottom\">\n                <\/div>\n<\/p><\/div>\n<\/p><\/div>\n<\/p><\/div>\n<\/section><\/div>\n<p>        <!-- Resources Start &#x2705; --><\/p>\n<section class=\"resource-block-cards resource-block-cards--light d-none\" id=\"resource-block-0\">\n<div class=\"container\">\n<div class=\"copy-container copy-container--center copy-container--eyebrow-gradient\">\n<h3>Resources for Medical Suite<\/h3>\n<div class=\"copy-container__buttons\">\n                      <a class=\"button-outline button-outline--black\" href=\"https:\/\/www.veeva.com\/resources\/#8|0|0\" target=\"_self\" rel=\"noopener\">See All Resources<\/a>\n                    <\/div>\n<\/p><\/div>\n<\/p><\/div>\n<\/section>\n<p>        <!-- Hero - Contained &#x2705; --><\/p>\n<section id=\"pre-footer\" class=\"hero-contained hero-contained--gradient\" style=\"margin-top: -120px;z-index: 2;\">\n<div class=\"container copy-container copy-container--center\">\n<h3>Interessado em saber mais<br \/> como a Veeva pode ajudar? <\/h3>\n<div class=\"copy-container__buttons\">\n                <a class=\"button-primary button-primary--gradient\" href=\"\/br\/contact-us\/\" target=\"_self\" rel=\"noopener\">Entre em contato<\/a>\n              <\/div>\n<\/p><\/div>\n<\/section><\/div>\n<p><\/main><\/p>\n<p><script>\n    const videoBlockId = \"video-demo-block-2\"; \/\/ unique block id\n    const videoData = [\n        {\n            wistiaID: \"vvc3ivl5as\", \/\/ Required.\n            title: \"Uma solu\u00e7\u00e3o completa para a \u00e1rea m\u00e9dica\", \/\/ Optional\n        },\n        {\n            wistiaID: \"8f38l2zci1\", \/\/ Required.\n            title:\"Veeva Medical Solutions\",\n        },\n        {\n            wistiaID: \"va683y0wrv\", \/\/ Required.\n            title:\"Vault CRM for Medical\",\n        },\n        {\n            wistiaID: \"z2qfii58v1\", \/\/ Required.\n            title:\"Veeva Link for Key People\",\n        },<\/p>\n<p>    ];\n const showVideoInfo = true;<\/p>\n<p>function wait_for_veevalib() {\n    const interval = setInterval(function() {\n        if( typeof veevaLib !== 'undefined' ) {\n           if (veevaLib.initVideoMultiplePlayerBlock(videoBlockId, videoData, showVideoInfo));\n           clearInterval(interval);\n        }\n    }, 100);\n    }\n    wait_for_veevalib();\n<\/script> <\/p>\n","protected":false},"excerpt":{"rendered":"<p>Veeva Medical Suite unifies healthcare stakeholder data, medical content, and multichannel interactions, enabling medical affairs to improve KOL engagement. <\/p>\n","protected":false},"author":217,"featured_media":59317,"parent":20394,"menu_order":0,"comment_status":"closed","ping_status":"closed","template":"templates\/veeva-2024.full-page.php","meta":{"footnotes":""},"class_list":["post-49040","page","type-page","status-publish","has-post-thumbnail","hentry"],"aioseo_notices":[],"_links":{"self":[{"href":"https:\/\/pantheon.veeva.com\/br\/wp-json\/wp\/v2\/pages\/49040"}],"collection":[{"href":"https:\/\/pantheon.veeva.com\/br\/wp-json\/wp\/v2\/pages"}],"about":[{"href":"https:\/\/pantheon.veeva.com\/br\/wp-json\/wp\/v2\/types\/page"}],"author":[{"embeddable":true,"href":"https:\/\/pantheon.veeva.com\/br\/wp-json\/wp\/v2\/users\/217"}],"replies":[{"embeddable":true,"href":"https:\/\/pantheon.veeva.com\/br\/wp-json\/wp\/v2\/comments?post=49040"}],"version-history":[{"count":13,"href":"https:\/\/pantheon.veeva.com\/br\/wp-json\/wp\/v2\/pages\/49040\/revisions"}],"predecessor-version":[{"id":62270,"href":"https:\/\/pantheon.veeva.com\/br\/wp-json\/wp\/v2\/pages\/49040\/revisions\/62270"}],"up":[{"embeddable":true,"href":"https:\/\/pantheon.veeva.com\/br\/wp-json\/wp\/v2\/pages\/20394"}],"wp:featuredmedia":[{"embeddable":true,"href":"https:\/\/pantheon.veeva.com\/br\/wp-json\/wp\/v2\/media\/59317"}],"wp:attachment":[{"href":"https:\/\/pantheon.veeva.com\/br\/wp-json\/wp\/v2\/media?parent=49040"}],"curies":[{"name":"wp","href":"https:\/\/api.w.org\/{rel}","templated":true}]}}