


{"id":55453,"date":"2020-12-30T15:50:21","date_gmt":"2020-12-30T20:50:21","guid":{"rendered":"http:\/\/www.veeva.com\/?page_id=55453"},"modified":"2026-05-01T17:32:39","modified_gmt":"2026-05-01T20:32:39","slug":"veeva-link","status":"publish","type":"page","link":"https:\/\/pantheon.veeva.com\/br\/products\/veeva-link\/","title":{"rendered":"Veeva Link"},"content":{"rendered":"<link rel=\"stylesheet\" id=\"main-style-css\" href=\"https:\/\/www.veeva.com\/wp-content\/themes\/veeva2015\/assets\/css\/product-styles.css\" type=\"text\/css\" media=\"all\">\n<link rel=\"stylesheet\" id=\"main-style-css\" href=\"https:\/\/www.veeva.com\/wp-content\/themes\/veeva2015\/assets\/css\/link.css\" type=\"text\/css\" media=\"all\">\n<section class=\"block\">\n<div class=\"product-banner-hero\" style=\"background-image: url(&quot;https:\/\/www.veeva.com\/br\/wp-content\/uploads\/2020\/12\/Homepage-banner-with-illustration-1.jpg&quot;);\">\n<div class=\"container\">\n<div class=\"row\">\n<div class=\"col-xs-12\">\n<div class=\"breadcrumbs\">\n\t\t\t\t\t\t<a href=\"\/br\/\">Home<\/a> \u00b7  Veeva Link\n\t\t\t\t\t<\/div>\n<\/p><\/div>\n<\/p><\/div>\n<div class=\"row table-row text-left\">\n<div class=\"col-xs-12 \">\n\t\t\t\t\t<img decoding=\"async\" src=\"https:\/\/www.veeva.com\/wp-content\/uploads\/2021\/01\/LINK-Veeva-link-logo.png\"><\/p>\n<h2>Acelere o Engajamento<br \/> com L\u00edderes Cient\u00edficos<\/h2>\n<p>Seja conduzido digitalmente com Veeva Link<\/p>\n<\/p><\/div>\n<\/p><\/div>\n<\/p><\/div>\n<\/p><\/div>\n<\/section>\n<div class=\"link-container\" style=\"padding-bottom: 0px;\">\n<div class=\"container\">\n<div class=\"row flex-align\">\n<div class=\"col-sm-6 col-lg-5\">\n<h1>O que voc\u00ea realmente sabe sobre L\u00edderes Cient\u00edficos?<\/h1>\n<p>\n\t\t\t\t\tComo empresa farmac\u00eautica, voc\u00ea precisa se engajar completamente com os L\u00edderes Cient\u00edficos (Scientific Leaders &#8211; SLs). Caso voc\u00ea esteja usando somente dados b\u00e1sicos do cliente, est\u00e1<br \/>\nperdendo os dados precisos, relevantes e perspicazes que precisa. No Veeva Link, juntamos<br \/>\ndados baseados em permiss\u00e3o vindos de diversos pontos de contato de dados, criando os mais<br \/>\nricos perfis de L\u00edderes Cient\u00edficos poss\u00edveis. Eles s\u00e3o brilhantemente precisos e prontos para<br \/>\najud\u00e1-lo a identificar, reter e engajar-se com especialistas que fazem a diferen\u00e7a.\n\t\t\t\t<\/p>\n<h4>Confira mais detalhes baixando a fixa do produto:<\/h4>\n<p><a href=\"\/br\/wp-content\/uploads\/2023\/08\/Tradu\u00e7\u00e3o-Link_Product-Sheet_June-2023.pdf\" target=\"_blank\" class=\"buttons orange\" rel=\"noopener\">Download product sheet<\/a><\/p><\/div>\n<div class=\"col-sm-6 col-lg-6 col-lg-offset-1\">\n\t\t\t\t<img decoding=\"async\" src=\"https:\/\/www.veeva.com\/wp-content\/uploads\/2021\/01\/LINK-home-what-do-know-image.png\" class=\"img-responsive\">\n\t\t\t<\/div>\n<\/p><\/div>\n<\/p><\/div>\n<\/div>\n<div class=\"link-container\">\n<div class=\"container\">\n<div class=\"row\">\n<div class=\"col-lg-10 col-lg-offset-1\">\n<div class=\"row\">\n<div class=\"col-md-12 text-center\">\n<h2>Dados em tempo real que otimizam o engajamento<\/h2>\n<\/p><\/div>\n<div class=\"col-sm-6\">\n<p>\n\t\t\t\t\t\t\tCom quais l\u00edderes cient\u00edficos, m\u00e9dicos e digitais sua empresa deveria estar se engajando? Pode levar semanas ou meses para descobrir isso usando diversas fontes de dados \u2013 ou voc\u00ea<br \/>\npode ter perfis abrangentes e atualizados de experts na ponta dos seus dedos com Veeva Link.\n\t\t\t\t\t\t<\/p>\n<\/p><\/div>\n<div class=\"col-sm-6\">\n<p>\n\t\t\t\t\t\t\tAssim, quando um L\u00edder Cient\u00edfico publica um estudo, posta uma nova ideia de colabora\u00e7\u00e3o no<br \/>\nTwitter, participa de um congresso ou faz uma nova conex\u00e3o de interesse, voc\u00ea saber\u00e1 em<\/p>\n<p>tempo real. E quando seu time de campo tiver uma reuni\u00e3o, voc\u00ea ser\u00e1 alertado<br \/>\nantecipadamente para garantir que tenha conversas relevantes e oportunas com os L\u00edderes<br \/>\nCient\u00edficos.\n\t\t\t\t\t\t<\/p>\n<\/p><\/div>\n<\/p><\/div>\n<\/p><\/div>\n<\/p><\/div>\n<\/p><\/div>\n<div class=\"row text-center\">\n<div class=\"col-md-12\">\n\t\t\t<img decoding=\"async\" style=\"margin: auto;\" src=\"https:\/\/www.veeva.com\/wp-content\/uploads\/2021\/01\/LINK-home-real-time-data-image.png\" class=\"img-responsive hidden-xs\"><br \/>\n\t\t\t<img decoding=\"async\" style=\"margin: auto;\" src=\"https:\/\/www.veeva.com\/wp-content\/uploads\/2021\/01\/LINK-home-real-time-data-image-mobile.png\" class=\"img-responsive visible-xs\">\n\t\t<\/div>\n<\/p><\/div>\n<\/div>\n<div class=\"link-container challenge\">\n<div class=\"container\">\n<div class=\"row\">\n<div class=\"col-lg-10 col-lg-offset-1\">\n<div class=\"row\">\n<div class=\"col-md-12 text-center\">\n<h2 class=\"white\">Solucione seus maiores desafios de neg\u00f3cios<\/h2>\n<\/p><\/div>\n<div class=\"col-sm-6\">\n<p class=\"white\">\n\t\t\t\t\t\t\tUsar dados em tempo real com o Veeva Link ajuda a solucionar seus maiores desafios<br \/>\ncomerciais, m\u00e9dicos e de P&amp;D. Os insights do Veeva Link ajudam a identificar influencers,<br \/>\npriorizar engajamento com m\u00e9dicos especialistas e maximizar Retorno de Investimento (Return<br \/>\nOn Investment \u2013 ROI) em congressos e mais.\n\t\t\t\t\t\t<\/p>\n<\/p><\/div>\n<div class=\"col-sm-6\">\n<p class=\"white\">\n\t\t\t\t\t\t\tPara maximizar ainda mais o valor dos seus dados em tempo real, nossos times de consultorias<br \/>\nespecializadas podem fazer parcerias com seus times de marcas, identificar estrat\u00e9gias e<br \/>\nentregar solu\u00e7\u00f5es customizadas.\n\t\t\t\t\t\t<\/p>\n<\/p><\/div>\n<\/p><\/div>\n<\/p><\/div>\n<\/p><\/div>\n<\/p><\/div>\n<\/div>\n<div class=\"link-container\" style=\"padding-top: 30px; padding-bottom: 30px;\">\n<div class=\"container\">\n<div class=\"row flex-align\">\n<div class=\"col-sm-6 col-lg-5\">\n\t\t\t\t<img decoding=\"async\" src=\"https:\/\/www.veeva.com\/wp-content\/uploads\/2021\/01\/LINK-home-about-the-data-illus.png\" class=\"img-responsive\">\n\t\t\t<\/div>\n<div class=\"col-sm-6 col-lg-5 col-lg-offset-2\">\n<h2>\u00c9 tudo sobre dados<\/h2>\n<p>\n\t\t\t\t\tO Veeva Link \u00e9 dedicado a oferecer a mais alta qualidade de dados totalmente compliant com a<br \/>\nind\u00fastria, usando avan\u00e7ado aprendizado de m\u00e1quina e significante esfor\u00e7o humano. Com Link,<br \/>\nos dados que voc\u00ea precisa est\u00e3o em um \u00fanico lugar, vindos de uma \u00fanica fonte. Isto permite<br \/>\nque voc\u00ea conduza colabora\u00e7\u00f5es com sua empresa farmac\u00eautica, fortale\u00e7a rela\u00e7\u00f5es com L\u00edderes<br \/>\nCient\u00edficos e otimize as oportunidades para pesquisa, desenvolvimento e inova\u00e7\u00e3o de novas<br \/>\nsolu\u00e7\u00f5es.\n\t\t\t\t<\/p>\n<\/p><\/div>\n<\/p><\/div>\n<\/p><\/div>\n<\/div>\n<div class=\"link-container\" style=\"background-color: rgb(244, 244, 244);\">\n<div class=\"container\">\n<div class=\"row text-center\">\n<div class=\"col-sm-12\">\n<h2>Assista o Veeva Link em a\u00e7\u00e3o<\/h2>\n<p>\n\t\t\t\t\tVeja como o Veeva Link re\u00fane dados de especialistas em tempo real e conecta sua organiza\u00e7\u00e3o.\n\t\t\t\t<\/p>\n<\/p><\/div>\n<div class=\"col-sm-10 col-sm-offset-1\">\n<div class=\"video-box\">\n<script src=\"https:\/\/fast.wistia.com\/embed\/medias\/rpov373b4l.jsonp\" data-cookieconsent=\"ignore\" async><\/script><script src=\"https:\/\/fast.wistia.com\/assets\/external\/E-v1.js\" data-cookieconsent=\"ignore\" async><\/script><div class=\"wistia_responsive_padding\" style=\"padding:56.25% 0 0 0;position:relative;\"><div class=\"wistia_responsive_wrapper\" style=\"height:100%;left:0;position:absolute;top:0;width:100%;\"><div class=\"wistia_embed wistia_async_rpov373b4l videoFoam=true\" style=\"height:100%;position:relative;width:100%\"><div class=\"wistia_swatch\" style=\"height:100%;left:0;opacity:0;overflow:hidden;position:absolute;top:0;transition:opacity 200ms;width:100%;\"><img decoding=\"async\" src=\"https:\/\/fast.wistia.com\/embed\/medias\/rpov373b4l\/swatch\" style=\"filter:blur(5px);height:100%;object-fit:contain;width:100%;\" alt=\"\" aria-hidden=\"true\" onload=\"this.parentNode.style.opacity=1;\" \/><\/div><\/div><\/div><\/div><\/div>\n<\/p><\/div>\n<\/p><\/div>\n<\/p><\/div>\n<\/div>\n<div class=\"link-container\">\n<div class=\"container\">\n<div class=\"row flex-align\">\n<div class=\"col-sm-6 col-lg-5\">\n<h2>Acompanhe o Mundo Virtual<\/h2>\n<p>\n\t\t\t\tAcelerar para um modelo digital \u00e9 cada vez mais importante. As m\u00eddias sociais s\u00e3o mais<br \/>\nrelevantes do que nunca e os congressos est\u00e3o sendo reinventados de forma online \u2013 para isso,<br \/>\ndiferentes conhecimentos s\u00e3o necess\u00e1rios e rapidamente. O Veeva Link ajuda a ajustar o foco<br \/>\nde seus esfor\u00e7os de marketing e passar para a pr\u00f3xima evolu\u00e7\u00e3o do engajamento digital. Onde<br \/>\nquer que voc\u00ea esteja em sua jornada, n\u00f3s temos uma solu\u00e7\u00e3o Veeva Link adequada para sua<br \/>\norganiza\u00e7\u00e3o.\n\t\t\t\t<\/p>\n<\/p><\/div>\n<div class=\"col-sm-6 col-lg-6 col-lg-offset-1\">\n\t\t\t\t<img decoding=\"async\" src=\"https:\/\/www.veeva.com\/wp-content\/uploads\/2021\/01\/LINK-home-virtual-world-illus.png\" class=\"img-responsive\">\n\t\t\t<\/div>\n<\/p><\/div>\n<\/p><\/div>\n<\/div>\n","protected":false},"excerpt":{"rendered":"<p>At Veeva Link, we gather permission-based data from multiple data touchpoints, creating the richest possible SL profiles. <\/p>\n","protected":false},"author":80,"featured_media":55458,"parent":20394,"menu_order":0,"comment_status":"closed","ping_status":"closed","template":"templates\/veeva-2024.full-page.php","meta":{"footnotes":""},"class_list":["post-55453","page","type-page","status-publish","has-post-thumbnail","hentry"],"aioseo_notices":[],"_links":{"self":[{"href":"https:\/\/pantheon.veeva.com\/br\/wp-json\/wp\/v2\/pages\/55453"}],"collection":[{"href":"https:\/\/pantheon.veeva.com\/br\/wp-json\/wp\/v2\/pages"}],"about":[{"href":"https:\/\/pantheon.veeva.com\/br\/wp-json\/wp\/v2\/types\/page"}],"author":[{"embeddable":true,"href":"https:\/\/pantheon.veeva.com\/br\/wp-json\/wp\/v2\/users\/80"}],"replies":[{"embeddable":true,"href":"https:\/\/pantheon.veeva.com\/br\/wp-json\/wp\/v2\/comments?post=55453"}],"version-history":[{"count":6,"href":"https:\/\/pantheon.veeva.com\/br\/wp-json\/wp\/v2\/pages\/55453\/revisions"}],"predecessor-version":[{"id":62260,"href":"https:\/\/pantheon.veeva.com\/br\/wp-json\/wp\/v2\/pages\/55453\/revisions\/62260"}],"up":[{"embeddable":true,"href":"https:\/\/pantheon.veeva.com\/br\/wp-json\/wp\/v2\/pages\/20394"}],"wp:featuredmedia":[{"embeddable":true,"href":"https:\/\/pantheon.veeva.com\/br\/wp-json\/wp\/v2\/media\/55458"}],"wp:attachment":[{"href":"https:\/\/pantheon.veeva.com\/br\/wp-json\/wp\/v2\/media?parent=55453"}],"curies":[{"name":"wp","href":"https:\/\/api.w.org\/{rel}","templated":true}]}}