{"id":55352,"date":"2021-01-06T19:17:54","date_gmt":"2021-01-06T18:17:54","guid":{"rendered":"http:\/\/www.veeva.com\/eu\/?page_id=55352"},"modified":"2026-02-03T20:13:59","modified_gmt":"2026-02-03T19:13:59","slug":"nutzungsbedingungen","status":"publish","type":"page","link":"https:\/\/pantheon.veeva.com\/eu\/de\/nutzungsbedingungen\/","title":{"rendered":"Nutzungsbedingungen"},"content":{"rendered":"<p>\nWillkommen auf der Website von Veeva Systems (die \u201eWebsite\u201c). Die Website ist Eigentum von Veeva Systems Inc. (Im Folgenden \u201eVeeva\u201c) und wird von dieser betrieben. Veeva erbringt seine Dienstleistungen f\u00fcr Sie unter den folgenden Bedingungen. Wenn Sie diese Website besuchen, akzeptieren Sie diese Bedingungen. Bitte lesen Sie sie sorgf\u00e4ltig durch.\n<\/p>\n<p>\nVeeva ist berechtigt, diese Nutzungsbedingungen und alle anderen auf dieser Website enthaltenen Informationen jederzeit ohne Vorank\u00fcndigung zu \u00fcberarbeiten, indem es diese Ver\u00f6ffentlichung aktualisiert. Veeva kann auch jederzeit und ohne vorherige Ank\u00fcndigung Verbesserungen oder \u00c4nderungen an den auf dieser Website beschriebenen Produkten, Dienstleistungen oder Programmen vornehmen.\n<\/p>\n<p><h4>1.\tGerichtsst\u00e4nde<\/h4>\n<\/p>\n<p>\nDie auf dieser Website beschriebenen Dienstleistungen und Produkte sind nur f\u00fcr Personen in den Staaten und Gerichtsbarkeiten bestimmt, in denen solche Produkte und Dienstleistungen rechtm\u00e4\u00dfig verkauft werden d\u00fcrfen. Nichts auf dieser Website ist als Aufforderung zum Kauf oder als Angebot zum Verkauf von Produkten oder Dienstleistungen an Personen in einem Rechtsgebiet anzusehen, in dem ein solches Angebot, eine solche Aufforderung, ein solcher Kauf oder ein solcher Verkauf rechtswidrig w\u00e4re.\n<\/p>\n<p><h4>2.\tAllgemeines<\/h4>\n<\/p>\n<p>\nDiese Website und alle Inhalte dieser Website d\u00fcrfen ohne vorherige schriftliche Zustimmung von Veeva nicht kopiert, reproduziert, erneut ver\u00f6ffentlicht, hochgeladen, gepostet, \u00fcbertragen, verteilt oder f\u00fcr die Erstellung abgeleiteter Werke verwendet werden, mit der Ausnahme, dass Veeva Ihnen eine nicht ausschlie\u00dfliche, nicht \u00fcbertragbare, beschr\u00e4nkte Erlaubnis erteilt, auf die Webseiten innerhalb dieser Website zuzugreifen und diese anzuzeigen, und zwar ausschlie\u00dflich auf Ihrem Computer oder einem anderen Ger\u00e4t und f\u00fcr Ihre pers\u00f6nliche, nicht kommerzielle Nutzung dieser Website. Diese Genehmigung ist an die Bedingung gekn\u00fcpft, dass Sie den auf dieser Website angezeigten Inhalt nicht \u00e4ndern, alle Copyright-, Marken- und sonstigen Eigentumshinweise intakt halten und alle Bedingungen und Hinweise, die den Inhalt begleiten oder anderweitig auf dieser Website festgelegt sind, akzeptieren. Ungeachtet des Vorstehenden unterliegen jegliche Software und andere Materialien, die mit ihren eigenen Lizenzbedingungen, -Bedingungen und -Hinweisen f\u00fcr den Download, den Zugriff oder die andere Verwendung von dieser Website zur Verf\u00fcgung gestellt werden, diesen Bedingungen und Hinweisen.\n<\/p>\n<p>\nIhre Nichteinhaltung der Bedingungen und Hinweise auf dieser Website f\u00fchrt zur automatischen Beendigung aller Ihnen gew\u00e4hrten Rechte ohne vorherige Ank\u00fcndigung, und Sie m\u00fcssen unverz\u00fcglich alle Kopien der heruntergeladenen Materialien, die sich in Ihrem Besitz oder unter Ihrer Kontrolle befinden, vernichten. Mit Ausnahme der eingeschr\u00e4nkten Erlaubnis im vorhergehenden Absatz gew\u00e4hrt Veeva Ihnen keine ausdr\u00fccklichen oder stillschweigenden Rechte oder Lizenzen im Rahmen von Patenten, Marken, Urheberrechten oder anderen Eigentums- oder geistigen Eigentumsrechten. Sie d\u00fcrfen keine Inhalte dieser Website auf einer anderen Website oder in anderen Medien spiegeln.\n<\/p>\n<p>\nInhalte auf dieser Website k\u00f6nnen Verweise auf Veeva Produkte und Dienstleistungen enthalten, die in Ihrem Land nicht angek\u00fcndigt oder verf\u00fcgbar sind. Solche Verweise bedeuten nicht, dass diese Produkte oder Dienstleistungen in Ihrem Land verf\u00fcgbar sind. Die Vertragsbedingungen f\u00fcr die Produkte und Dienstleistungen von Veeva unterliegen ausschlie\u00dflich den schriftlichen Vereinbarungen, unter denen sie ihren Kunden zur Verf\u00fcgung gestellt werden.\n<\/p>\n<p><h4>3.\tZukunftsgerichtete und warnende Aussagen<\/h4>\n<\/p>\n<p>\nMit Ausnahme historischer Informationen k\u00f6nnen Aussagen auf dieser Website zukunftsgerichtete Aussagen im Sinne der verschiedenen Wertpapiergesetze darstellen. Diese Aussagen beinhalten eine Reihe von Risiken, Unsicherheiten und anderen Faktoren, die dazu f\u00fchren k\u00f6nnten, dass die tats\u00e4chlichen Ergebnisse erheblich abweichen, wie in Veevas Einreichungen bei den USA erl\u00e4utert Wertpapierprovision und B\u00f6rsenprovision. Auf der Registerkarte \u201eSEC-Einreichungen\u201c unter \u201eInvestoren\u201c auf dieser Website finden Sie Kopien solcher Einreichungen.\n<\/p>\n<p><h4>4.\tInformationen Dritter<\/h4>\n<\/p>\n<p>\nObwohl Veeva die Informationen auf der Website \u00fcberwacht, werden einige der Informationen von unabh\u00e4ngigen Dritten bereitgestellt. Veeva bem\u00fcht sich nach Kr\u00e4ften, die Richtigkeit aller Informationen auf der Website zu gew\u00e4hrleisten, \u00fcbernimmt jedoch keine Garantie f\u00fcr die Richtigkeit solcher Informationen.\n<\/p>\n<p><h4>5.\tLinks zu dieser Website<\/h4>\n<\/p>\n<p>\nAlle Links zu dieser Website m\u00fcssen schriftlich von Veeva genehmigt werden, mit der Ausnahme, dass Veeva Links zustimmt, bei denen der Link und die Seiten, die durch den Link aktiviert werden, keine: (a) Rahmen um irgendeine Seite dieser Website erstellen oder andere Techniken verwenden, die in irgendeiner Weise die visuelle Darstellung oder das Erscheinungsbild irgendeines Inhalts innerhalb dieser Website ver\u00e4ndern, (b) Ihre Beziehung zu Veeva falsch darstellen, (c) implizieren, dass Veeva Sie, Ihre Website oder Ihre Dienstleistungs- oder Produktangebote billigt oder unterst\u00fctzt, und (d) falsche oder irref\u00fchrende Eindr\u00fccke \u00fcber Veeva vermitteln oder anderweitig den mit dem Namen oder den Marken von Veeva verbundenen Firmenwert sch\u00e4digen. Als weitere Bedingung f\u00fcr die Erlaubnis, auf diese Website zu verlinken, erkl\u00e4ren Sie sich damit einverstanden, dass Veeva jederzeit nach eigenem Ermessen die Erlaubnis zur Verlinkung auf diese Website beenden kann. In diesem Fall erkl\u00e4ren Sie sich damit einverstanden, alle Links zu dieser Website unverz\u00fcglich zu entfernen und die Verwendung von Veeva-Marken einzustellen.\n<\/p>\n<p><h4>6.\tHAFTUNGSAUSSCHLUSS<\/h4>\n<\/p>\n<p>\nDIE NUTZUNG DIESER WEBSITE ERFOLGT, SOWEIT GESETZLICH ZUL\u00c4SSIG, AUF IHR ALLEINIGES RISIKO. ALLE MATERIALIEN, INFORMATIONEN, PRODUKTE, SOFTWARE, PROGRAMME UND DIENSTE WERDEN OHNE M\u00c4NGELGEW\u00c4HR UND OHNE JEGLICHE GARANTIEN BEREITGESTELLT. VEEVA SCHLIESST AUSDR\u00dcCKLICH UND IM VOLLEN GESETZLICH ZUL\u00c4SSIGEN UMFANG ALLE AUSDR\u00dcCKLICHEN, STILLSCHWEIGENDEN, GESETZLICHEN UND SONSTIGEN GEW\u00c4HRLEISTUNGEN, GARANTIEN ODER ZUSICHERUNGEN AUS, EINSCHLIESSLICH, ABER NICHT BESCHR\u00c4NKT AUF DIE GEW\u00c4HRLEISTUNG DER MARKTG\u00c4NGIGKEIT, DER EIGNUNG F\u00dcR EINEN BESTIMMTEN ZWECK UND DER NICHTVERLETZUNG VON EIGENTUMSRECHTEN UND GEISTIGEN EIGENTUMSRECHTEN. OHNE EINSCHR\u00c4NKUNG \u00dcBERNIMMT VEEVA KEINE GARANTIE ODER GARANTIE DAF\u00dcR, DASS DIESE WEBSITE UNTERBRECHUNGSFREI, ZEITGERECHT, SICHER ODER FEHLERFREI IST.\n<\/p>\n<p>\nSIE VERSTEHEN UND STIMMEN ZU, DASS SIE, WENN SIE MATERIALIEN, INFORMATIONEN, PRODUKTE, SOFTWARE, PROGRAMME ODER DIENSTLEISTUNGEN HERUNTERLADEN ODER ANDERWEITIG ERHALTEN, DIES NACH EIGENEM ERMESSEN UND AUF EIGENES RISIKO TUN UND DASS SIE ALLEIN F\u00dcR ALLE SCH\u00c4DEN VERANTWORTLICH SIND, DIE DARAUS RESULTIEREN K\u00d6NNEN, EINSCHLIESSLICH DATENVERLUST ODER SCH\u00c4DEN AN IHREM COMPUTERSYSTEM.\n<\/p>\n<p>\nIN EINIGEN L\u00c4NDERN IST DER AUSSCHLUSS VON GEW\u00c4HRLEISTUNGEN NICHT ZUL\u00c4SSIG, SODASS DIE OBEN GENANNTEN AUSSCHL\u00dcSSE M\u00d6GLICHERWEISE NICHT F\u00dcR SIE GELTEN.\n<\/p>\n<p><h4>7.\tHAFTUNGSBESCHR\u00c4NKUNG<\/h4>\n<\/p>\n<p>\nSOWEIT GESETZLICH ZUL\u00c4SSIG, HAFTET VEEVA IN KEINEM FALL GEGEN\u00dcBER EINER PARTEI F\u00dcR DIREKTE, INDIREKTE, ZUF\u00c4LLIGE, BESONDERE, VORBILDLICHE ODER FOLGESCH\u00c4DEN JEGLICHER ART, DIE MIT DIESER WEBSITE ODER DER NUTZUNG DIESER WEBSITE IN VERBINDUNG STEHEN ODER DARAUS ENTSTEHEN, ODER EINER WEBSITE ODER RESSOURCE, DIE MIT DIESER WEBSITE VERKN\u00dcPFT IST, AUF DIE VERWIESEN WIRD ODER AUF DIE \u00dcBER DIESE WEBSITE ZUGEGRIFFEN WIRD, ODER F\u00dcR DIE VERWENDUNG ODER DEN DOWNLOAD VON MATERIALIEN, INFORMATIONEN, PRODUKTEN ODER DEN ZUGRIFF DARAUF, ODER DIENSTLEISTUNGEN, EINSCHLIESSLICH, ABER NICHT BESCHR\u00c4NKT AUF ENTGANGENE GEWINNE, GESCH\u00c4FTSUNTERBRECHUNGEN, ENTGANGENE EINSPARUNGEN ODER VERLUST VON PROGRAMMEN ODER ANDEREN DATEN, AUCH WENN VEEVA AUSDR\u00dcCKLICH AUF DIE M\u00d6GLICHKEIT SOLCHER SCH\u00c4DEN HINGEWIESEN WIRD. DIESER HAFTUNGSAUSSCHLUSS UND -VERZICHT GILT F\u00dcR ALLE KLAGEGR\u00dcNDE, UNABH\u00c4NGIG DAVON, OB SIE AUF EINEM VERTRAG, EINER GARANTIE, EINER UNERLAUBTEN HANDLUNG ODER ANDEREN RECHTSTHEORIEN BERUHEN.\n<\/p>\n<p>\nZus\u00e4tzliche oder abweichende Bedingungen und Hinweise k\u00f6nnen f\u00fcr bestimmte Materialien, Informationen, Produkte, Software und Dienstleistungen gelten, die \u00fcber diese Website angeboten werden. Im Falle eines Widerspruchs haben diese zus\u00e4tzlichen oder abweichenden Bedingungen und Hinweise Vorrang vor diesen Nutzungsbedingungen. Bitte beachten Sie die entsprechende Vereinbarung oder den entsprechenden Hinweis.\n<\/p>\n<p><h4>8.\tAnwendbares Recht<\/h4>\n<\/p>\n<p>\nDurch den Besuch dieser Website erkl\u00e4ren Sie sich damit einverstanden, dass die Gesetze des US-Bundesstaates Kalifornien, ohne R\u00fccksicht auf Kollisionsnormen, ausschlie\u00dflich diese Nutzungsbedingungen und alle Streitigkeiten jeglicher Art, die zwischen Ihnen und Veeva entstehen, regeln.<\/p>\n","protected":false},"excerpt":{"rendered":"<p>Willkommen auf der Website von Veeva Systems (die \u201eWebsite\u201c). Die Website ist Eigentum von Veeva Systems Inc. (Im Folgenden \u201eVeeva\u201c) und wird von dieser betrieben. Veeva erbringt seine Dienstleistungen f\u00fcr Sie unter den folgenden Bedingungen. Wenn Sie diese Website besuchen, akzeptieren Sie diese Bedingungen. Bitte lesen Sie sie sorgf\u00e4ltig durch. Veeva ist berechtigt, diese Nutzungsbedingungen&hellip;<\/p>\n","protected":false},"author":203,"featured_media":0,"parent":54218,"menu_order":0,"comment_status":"closed","ping_status":"closed","template":"templates\/veeva-2024.grey-bar.php","meta":{"footnotes":""},"coauthors":[],"class_list":["post-55352","page","type-page","status-publish","hentry","page-canonical-unique"],"aioseo_notices":[],"_links":{"self":[{"href":"https:\/\/pantheon.veeva.com\/eu\/wp-json\/wp\/v2\/pages\/55352"}],"collection":[{"href":"https:\/\/pantheon.veeva.com\/eu\/wp-json\/wp\/v2\/pages"}],"about":[{"href":"https:\/\/pantheon.veeva.com\/eu\/wp-json\/wp\/v2\/types\/page"}],"author":[{"embeddable":true,"href":"https:\/\/pantheon.veeva.com\/eu\/wp-json\/wp\/v2\/users\/203"}],"replies":[{"embeddable":true,"href":"https:\/\/pantheon.veeva.com\/eu\/wp-json\/wp\/v2\/comments?post=55352"}],"version-history":[{"count":6,"href":"https:\/\/pantheon.veeva.com\/eu\/wp-json\/wp\/v2\/pages\/55352\/revisions"}],"predecessor-version":[{"id":93746,"href":"https:\/\/pantheon.veeva.com\/eu\/wp-json\/wp\/v2\/pages\/55352\/revisions\/93746"}],"up":[{"embeddable":true,"href":"https:\/\/pantheon.veeva.com\/eu\/wp-json\/wp\/v2\/pages\/54218"}],"wp:attachment":[{"href":"https:\/\/pantheon.veeva.com\/eu\/wp-json\/wp\/v2\/media?parent=55352"}],"wp:term":[{"taxonomy":"author","embeddable":true,"href":"https:\/\/pantheon.veeva.com\/eu\/wp-json\/wp\/v2\/coauthors?post=55352"}],"curies":[{"name":"wp","href":"https:\/\/api.w.org\/{rel}","templated":true}]}}