{"id":58347,"date":"2021-05-27T15:53:08","date_gmt":"2021-05-27T13:53:08","guid":{"rendered":"http:\/\/www.veeva.com\/eu\/?page_id=58347"},"modified":"2026-02-03T21:42:09","modified_gmt":"2026-02-03T20:42:09","slug":"condizioni-duso","status":"publish","type":"page","link":"https:\/\/pantheon.veeva.com\/eu\/it\/condizioni-duso\/","title":{"rendered":"Condizioni d\u2019uso"},"content":{"rendered":"<p>\nBenvenuti nel sito Web Veeva Systems (&#8220;sito Web&#8221;). Il sito Web \u00e8 di propriet\u00e0 di e gestito da Veeva Systems Inc. (di seguito &#8220;Veeva&#8221;). Veeva fornisce i propri servizi all&#8217;utente in base alle seguenti condizioni. Visitando questo sito Web, l&#8217;utente accetta le presenti condizioni. Si raccomanda di leggerle attentamente.\n<\/p>\n<p>\nVeeva potr\u00e0, senza darne preavviso all&#8217;utente, rivedere in qualsiasi momento le presenti Condizioni d&#8217;uso e qualsiasi altra informazione contenuta nel sito Web aggiornando la presente pubblicazione. Veeva potr\u00e0 inoltre apportare miglioramenti o modifiche ai prodotti, servizi o programmi descritti nel presente sito Web in qualsiasi momento senza preavviso.\n<\/p>\n<p><h4>1. Limitazione alle giurisdizioni legali<\/h4>\n<\/p>\n<p>\nI servizi e i prodotti descritti nel presente sito Web sono riservati esclusivamente agli utenti negli stati e nelle giurisdizioni in cui tali prodotti e servizi possono essere legalmente venduti. Nulla di quanto contenuto nel presente sito Web deve essere considerato come una sollecitazione all&#8217;acquisto o un&#8217;offerta di vendita di prodotti o servizi a qualsiasi soggetto in qualsiasi giurisdizione in cui tale offerta, sollecitazione, acquisto o vendita siano illegali.\n<\/p>\n<p><h4>2. Informazioni generali<\/h4>\n<\/p>\n<p>\nIl presente sito Web e tutti i contenuti del sito non potranno essere copiati, riprodotti, ripubblicati, caricati, pubblicati, trasmessi, distribuiti ovvero utilizzati per la creazione di opere derivate senza il previo consenso scritto di Veeva, salvi i casi in cui Veeva conceda all&#8217;utente un&#8217;autorizzazione non esclusiva, non trasferibile e limitata per accedere e visualizzare le pagine Web all&#8217;interno del presente sito Web, esclusivamente sul computer o su un altro dispositivo dell&#8217;utente e per uso personale e non commerciale del presente sito Web. Tale autorizzazione \u00e8 subordinata al divieto di modifica del contenuto visualizzato nel presente sito Web, al dovere da parte dell&#8217;utente di mantenere intatti tutti i copyright, i marchi commerciali e gli altri avvisi di propriet\u00e0, nonch\u00e9 all&#8217;accettazione di eventuali termini, condizioni e avvisi associati al contenuto o altrimenti stabiliti nel presente sito Web. Fermo restando quanto sopra, qualsiasi software e altro materiale messo a disposizione per il download, l&#8217;accesso o altro utilizzo dal presente sito Web con i propri termini di licenza, condizioni e avvisi saranno disciplinati da tali termini, condizioni e avvisi.\n<\/p>\n<p>\nLa mancata osservanza da parte dell&#8217;utente dei termini, delle condizioni e delle notifiche presenti sul sito Web comporter\u00e0 la cessazione automatica di qualsiasi diritto concesso all&#8217;utente, senza preavviso, e l&#8217;utente dovr\u00e0 distruggere immediatamente tutte le copie dei materiali scaricati in suo possesso o sotto il suo controllo. Fatta eccezione per l&#8217;autorizzazione limitata di cui al paragrafo precedente, Veeva non concede all&#8217;utente alcun diritto o licenza, espliciti o impliciti, relativamente a brevetti, marchi commerciali, copyright o altri diritti di propriet\u00e0 o di propriet\u00e0 intellettuale. L&#8217;utente non potr\u00e0 copiare i contenuti del presente sito Web su un altro sito Web o su altri supporti.\n<\/p>\n<p>\nI contenuti del presente sito Web potranno contenere riferimenti a prodotti e servizi Veeva non distribuiti o non disponibili nel paese dell&#8217;utente. Tali riferimenti non implicano che tali prodotti o servizi siano disponibili nel paese dell&#8217;utente. I termini contrattuali applicabili ai prodotti e ai servizi di Veeva sono disciplinati esclusivamente dagli accordi scritti in base ai quali vengono forniti ai propri clienti.\n<\/p>\n<p><h4>3. Dichiarazioni previsionali e cautelative<\/h4>\n<\/p>\n<p>\nFatta eccezione per le informazioni storiche, le dichiarazioni riportate nel presente sito Web potranno costituire dichiarazioni previsionali ai sensi delle varie leggi sui titoli. Tali dichiarazioni implicano una serie di rischi, incertezze e altri fattori che potrebbero determinare una sostanziale differenza dei risultati effettivi, come discusso nella documentazione di Veeva depositata presso la Securities and Exchange Commission degli Stati Uniti. Per le copie di tali documenti si rimanda alla scheda &#8220;documenti della SEC&#8221; nella sezione &#8220;Investitori&#8221; nel presente sito Web.\n<\/p>\n<p><h4>4. Informazioni di terze parti<\/h4>\n<\/p>\n<p>\nSebbene Veeva monitori le informazioni sul sito Web, alcune delle informazioni vengono fornite da terze parti indipendenti. Pur impegnandosi a garantire l&#8217;accuratezza di tutte le informazioni presenti sul sito Web, Veeva non garantisce l&#8217;accuratezza di tali informazioni.\n<\/p>\n<p><h4>5. Link a questo sito Web<\/h4>\n<\/p>\n<p>\nTutti i link a questo sito Web devono essere approvati per iscritto da Veeva, salvo qualora Veeva acconsenta ai link nei quali il collegamento e le pagine attivate dal collegamento: (A) non creano cornici attorno a qualsiasi pagina del sito Web o non utilizzano altre tecniche che alterino in qualsiasi modo la presentazione visiva o l&#8217;aspetto di qualsiasi contenuto all&#8217;interno del presente sito Web; (b) non falsano il rapporto dell&#8217;utente con Veeva; (c) non implicano che Veeva approvi o sostenga l&#8217;utente, il sito Web o le offerte di prodotti o servizi dell&#8217;utente; e (d) non presentano impressioni false o fuorvianti su Veeva o non danneggiano in altro modo l&#8217;avviamento associato al nome o ai marchi Veeva. Come ulteriore condizione per l&#8217;autorizzazione al collegamento a questo sito Web, l&#8217;utente accetta che Veeva possa, in qualsiasi momento e a propria esclusiva discrezione, terminare l&#8217;autorizzazione a fornire un link al presente sito Web. In tal caso, l&#8217;utente accetta di rimuovere immediatamente tutti i link al presente sito Web e di interrompere l&#8217;utilizzo di qualsiasi marchio commerciale Veeva.\n<\/p>\n<p><h4>6. ESCLUSIONE DI GARANZIA<\/h4>\n<\/p>\n<p>\nNELLA MISURA MASSIMA CONSENTITA DALLA LEGGE, L&#8217;USO DEL PRESENTE SITO WEB \u00c8 A RISCHIO ESCLUSIVO DELL&#8217;UTENTE. TUTTI I MATERIALI, LE INFORMAZIONI, I PRODOTTI, I SOFTWARE, I PROGRAMMI E I SERVIZI VENGONO FORNITI &#8220;COS\u00cc COME SONO&#8221;, SENZA GARANZIE DI ALCUN TIPO. VEEVA DECLINA ESPRESSAMENTE QUALSIASI RESPONSABILIT\u00c0 NEI LIMITI CONSENTITI DALLA LEGGE PER TUTTE LE GARANZIE IMPLICITE, LEGALI E DI ALTRA NATURA, O PER DICHIARAZIONI, INCLUSE, A TITOLO ESEMPLIFICATIVO E NON ESAUSTIVO, LE GARANZIE DI COMMERCIABILIT\u00c0, DI ADEGUATEZZA PER UNA FINALIT\u00c0 SPECIFICA E DI NON VIOLAZIONE DEI DIRITTI DI PROPRIET\u00c0 E DEI DIRITTI DI PROPRIET\u00c0 INTELLETTUALE. A TITOLO ESEMPLIFICATIVO E NON ESAUSTIVO, VEEVA NON FORNISCE ALCUNA GARANZIA IN MERITO AL FATTO CHE IL PRESENTE SITO WEB FUNZIONI IN MODO ININTERROTTO, TEMPESTIVO, SICURO O PRIVO DI ERRORI.\n<\/p>\n<p>\nL&#8217;UTENTE COMPRENDE E ACCETTA CHE, SE SCARICA O OTTIENE IN ALTRO MODO MATERIALI, INFORMAZIONI, PRODOTTI, SOFTWARE, PROGRAMMI O SERVIZI, LO FA A PROPRIA DISCREZIONE E A PROPRIO RISCHIO E SAR\u00c0 L&#8217;UNICO RESPONSABILE PER EVENTUALI DANNI CHE NE POTREBBERO DERIVARE, TRA CUI LA PERDITA DI DATI O DANNI AL SISTEMA INFORMATICO.\n<\/p>\n<p>\nALCUNE GIURISDIZIONI NON CONSENTONO L&#8217;ESCLUSIONE DI GARANZIA, PERTANTO LE SUDDETTE ESCLUSIONI POTREBBERO NON ESSERE APPLICATE ALL&#8217;UTENTE.\n<\/p>\n<p><h4>7. LIMITAZIONE DI RESPONSABILIT\u00c0<\/h4>\n<\/p>\n<p>\nNELLA MISURA MASSIMA CONSENTITA DALLA LEGGE, IN NESSUN CASO VEEVA POTR\u00c0 ESSERE RITENUTA RESPONSABILE NEI CONFRONTI DI ALCUNA PARTE PER DANNI DIRETTI, INDIRETTI, ACCIDENTALI, SPECIALI, ESEMPLARI O CONSEQUENZIALI DI QUALSIASI TIPO CORRELATI A O DERIVANTI DA QUESTO SITO WEB O DALL&#8217;USO DI QUESTO SITO WEB, O DI QUALSIASI SITO O RISORSA COLLEGATA, REFERENZIATA O ACCESSIBILE TRAMITE QUESTO SITO WEB, O PER L&#8217;USO, IL DOWNLOAD O L&#8217;ACCESSO A QUALSIASI MATERIALE, INFORMAZIONE, PRODOTTO O SERVIZIO, TRA CUI, A TITOLO ESEMPLIFICATIVO MA NON ESAUSTIVO, PERDITA DI PROFITTO, INTERRUZIONE DELL&#8217;ATTIVIT\u00c0, PERDITA DI RISPARMI, PERDITA DI PROGRAMMI O ALTRI DATI, ANCHE SE VEEVA \u00c8 ESPLICITAMENTE A CONOSCENZA DELLA POSSIBILIT\u00c0 DI TALI DANNI. LA PRESENTE ESCLUSIONE E RINUNCIA DI RESPONSABILIT\u00c0 SI APPLICA A TUTTE LE AZIONI LEGALI BASATE SU CONTRATTO, GARANZIA, ILLECITO CIVILE O ALTRE TEORIE DEL DIRITTO.\n<\/p>\n<p>\nTermini, condizioni e avvisi aggiuntivi o diversi potranno essere applicati a materiali, informazioni, prodotti, software e servizi specifici offerti attraverso il presente sito Web. In caso di conflitti, tali termini, condizioni e avvisi aggiuntivi o diversi prevarranno sulle presenti Condizioni d&#8217;uso. Si raccomanda di consultare il contratto o l&#8217;avviso applicabile.\n<\/p>\n<p><h4>8. Legge applicabile<\/h4>\n<\/p>\n<p>\nVisitando il presente sito Web l&#8217;utente accetta che le leggi dello Stato della California, senza riguardo ai principi di conflitto di leggi, disciplineranno in modo esclusivo le presenti Condizioni d&#8217;uso e le controversie di qualsiasi tipo che potranno insorgere tra l&#8217;utente e Veeva.<\/p>\n","protected":false},"excerpt":{"rendered":"<p>Benvenuti nel sito Web Veeva Systems (&#8220;sito Web&#8221;). Il sito Web \u00e8 di propriet\u00e0 di e gestito da Veeva Systems Inc. (di seguito &#8220;Veeva&#8221;). Veeva fornisce i propri servizi all&#8217;utente in base alle seguenti condizioni. Visitando questo sito Web, l&#8217;utente accetta le presenti condizioni. Si raccomanda di leggerle attentamente. Veeva potr\u00e0, senza darne preavviso all&#8217;utente,&hellip;<\/p>\n","protected":false},"author":223,"featured_media":0,"parent":57574,"menu_order":0,"comment_status":"closed","ping_status":"closed","template":"templates\/veeva-2024.grey-bar.php","meta":{"footnotes":""},"coauthors":[],"class_list":["post-58347","page","type-page","status-publish","hentry","page-canonical-unique"],"aioseo_notices":[],"_links":{"self":[{"href":"https:\/\/pantheon.veeva.com\/eu\/wp-json\/wp\/v2\/pages\/58347"}],"collection":[{"href":"https:\/\/pantheon.veeva.com\/eu\/wp-json\/wp\/v2\/pages"}],"about":[{"href":"https:\/\/pantheon.veeva.com\/eu\/wp-json\/wp\/v2\/types\/page"}],"author":[{"embeddable":true,"href":"https:\/\/pantheon.veeva.com\/eu\/wp-json\/wp\/v2\/users\/223"}],"replies":[{"embeddable":true,"href":"https:\/\/pantheon.veeva.com\/eu\/wp-json\/wp\/v2\/comments?post=58347"}],"version-history":[{"count":8,"href":"https:\/\/pantheon.veeva.com\/eu\/wp-json\/wp\/v2\/pages\/58347\/revisions"}],"predecessor-version":[{"id":93747,"href":"https:\/\/pantheon.veeva.com\/eu\/wp-json\/wp\/v2\/pages\/58347\/revisions\/93747"}],"up":[{"embeddable":true,"href":"https:\/\/pantheon.veeva.com\/eu\/wp-json\/wp\/v2\/pages\/57574"}],"wp:attachment":[{"href":"https:\/\/pantheon.veeva.com\/eu\/wp-json\/wp\/v2\/media?parent=58347"}],"wp:term":[{"taxonomy":"author","embeddable":true,"href":"https:\/\/pantheon.veeva.com\/eu\/wp-json\/wp\/v2\/coauthors?post=58347"}],"curies":[{"name":"wp","href":"https:\/\/api.w.org\/{rel}","templated":true}]}}