{"id":60221,"date":"2021-09-21T12:52:33","date_gmt":"2021-09-21T10:52:33","guid":{"rendered":"http:\/\/www.veeva.com\/eu\/?page_id=60221"},"modified":"2026-02-03T20:04:33","modified_gmt":"2026-02-03T19:04:33","slug":"impressum","status":"publish","type":"page","link":"https:\/\/pantheon.veeva.com\/eu\/de\/impressum\/","title":{"rendered":"Impressum"},"content":{"rendered":"\n<p>\n<strong>Veeva Systems GmbH <br \/> Lindleystra\u00dfe 12 <br \/> 60314 Frankfurt am Main<\/strong>\n<\/p>\n<p>E-Mail: <a href=\"mailto:eu_info@veeva.com\">eu_info@veeva.com<\/a><\/p>\n<p>\nVertretungsberechtigte Gesch\u00e4ftsf\u00fchrer: Michele Renee O&#8217;Connor, Jonathan Faddis\n<\/p>\n<p class=\"mb-4\">\nAmtsgericht Frankfurt am Main HRB 103823 <br \/> Umsatzsteuer-Identifikationsnummer: DE243736005\n<\/p>\n<form id=\"mktoForm_393\"><\/form><div id=\"mktoForm_393_thankyou\" style=\"text-align:center;display:none;\"><h3>Thank you for your inquiry.<\/h3><p style=\"padding:0\">We will review your request shortly.<\/p><\/div><div id=\"mktoForm_393_fallback\" style=\"display:none;\"><p class=\"veeva-form-error\">This form is temporarily unavailable and we are working to correct the issue. Please email us directly at <a href=\"mailto:contact@veeva.com\" target=\"_blank\" rel=\"noopener noreferrer\">contact@veeva.com<\/a>. We apologize for the inconvenience.<\/p><\/div>\n","protected":false},"excerpt":{"rendered":"<p>Veeva Systems GmbH Lindleystra\u00dfe 12 60314 Frankfurt am Main E-Mail: eu_info@veeva.com Vertretungsberechtigte Gesch\u00e4ftsf\u00fchrer: Michele Renee O&#8217;Connor, Jonathan Faddis Amtsgericht Frankfurt am Main HRB 103823 Umsatzsteuer-Identifikationsnummer: DE243736005<\/p>\n","protected":false},"author":203,"featured_media":0,"parent":54218,"menu_order":0,"comment_status":"closed","ping_status":"closed","template":"templates\/veeva-2024.grey-bar.php","meta":{"footnotes":""},"coauthors":[],"class_list":["post-60221","page","type-page","status-publish","hentry","page-canonical-unique"],"aioseo_notices":[],"_links":{"self":[{"href":"https:\/\/pantheon.veeva.com\/eu\/wp-json\/wp\/v2\/pages\/60221"}],"collection":[{"href":"https:\/\/pantheon.veeva.com\/eu\/wp-json\/wp\/v2\/pages"}],"about":[{"href":"https:\/\/pantheon.veeva.com\/eu\/wp-json\/wp\/v2\/types\/page"}],"author":[{"embeddable":true,"href":"https:\/\/pantheon.veeva.com\/eu\/wp-json\/wp\/v2\/users\/203"}],"replies":[{"embeddable":true,"href":"https:\/\/pantheon.veeva.com\/eu\/wp-json\/wp\/v2\/comments?post=60221"}],"version-history":[{"count":16,"href":"https:\/\/pantheon.veeva.com\/eu\/wp-json\/wp\/v2\/pages\/60221\/revisions"}],"predecessor-version":[{"id":93743,"href":"https:\/\/pantheon.veeva.com\/eu\/wp-json\/wp\/v2\/pages\/60221\/revisions\/93743"}],"up":[{"embeddable":true,"href":"https:\/\/pantheon.veeva.com\/eu\/wp-json\/wp\/v2\/pages\/54218"}],"wp:attachment":[{"href":"https:\/\/pantheon.veeva.com\/eu\/wp-json\/wp\/v2\/media?parent=60221"}],"wp:term":[{"taxonomy":"author","embeddable":true,"href":"https:\/\/pantheon.veeva.com\/eu\/wp-json\/wp\/v2\/coauthors?post=60221"}],"curies":[{"name":"wp","href":"https:\/\/api.w.org\/{rel}","templated":true}]}}