{"id":65586,"date":"2022-07-19T12:29:09","date_gmt":"2022-07-19T10:29:09","guid":{"rendered":"http:\/\/www.veeva.com\/eu\/?page_id=65586"},"modified":"2026-02-13T12:56:33","modified_gmt":"2026-02-13T11:56:33","slug":"news","status":"publish","type":"page","link":"https:\/\/pantheon.veeva.com\/eu\/fr\/news\/","title":{"rendered":"Communiqu\u00e9s de presse"},"content":{"rendered":"<p><a class=\"resource-card\" href=\"https:\/\/www.journaldunet.com\/intelligence-artificielle\/1540625-data-et-leader-d-opinion-un-facteur-determinant-pour-l-innovation-pour-l-industrie-pharmaceutique\/\" target=\"_blank\" rel=\"noopener\"><\/p>\n<div class=\"resource-card__text\">\n<h5>Data et leader d&#8217;opinion : un facteur d\u00e9terminant pour l&#8217;innovation pour l&#8217;industrie pharmaceutique <\/h5>\n<\/div>\n<div class=\"resource-card__media\"><img decoding=\"async\" src=\"https:\/\/www.veeva.com\/eu\/wp-content\/uploads\/2026\/02\/news-tile-jdn-300x150@2x.png\"><\/div>\n<p><\/a><\/p>\n<p><a class=\"resource-card\" href=\"https:\/\/www.veeva.com\/eu\/fr\/ressources\/iqvia-et-veeva-annoncent-des-partenariats-cliniques-et-commerciaux-a-long-terme-ainsi-que-la-resolution-de-leurs-litiges\/\" target=\"_self\" rel=\"noopener\"><\/p>\n<div class=\"resource-card__text\">\n<h5>IQVIA et Veeva annoncent des partenariats cliniques et commerciaux \u00e0 long terme ainsi que la r\u00e9solution de leurs litiges <\/h5>\n<\/div>\n<div class=\"resource-card__media\"><img decoding=\"async\" src=\"https:\/\/www.veeva.com\/eu\/wp-content\/uploads\/2026\/02\/news-tile-iqvia-veeva-300x150@2x.png\"><\/div>\n<p><\/a><\/p>\n<p><a class=\"resource-card\" href=\"https:\/\/buzz-esante.fr\/veeva-france-connect-2025-linnovation-au-service-de-lefficacite-operationnelle\/\" target=\"_blank\" rel=\"noopener\"><\/p>\n<div class=\"resource-card__text\">\n<h5>Veeva France Connect 2025 : l\u2019innovation au service de l\u2019efficacit\u00e9 op\u00e9rationnelle  <\/h5>\n<\/div>\n<div class=\"resource-card__media\"><img decoding=\"async\" src=\"https:\/\/www.veeva.com\/eu\/wp-content\/uploads\/2026\/02\/news-tile-buzz-esante-300x150@2x.png\"><\/div>\n<p><\/a><\/p>\n<p><a class=\"resource-card\" href=\"https:\/\/www.veeva.com\/eu\/fr\/ressources\/astellas-choisit-la-plateforme-veeva-pour-son-crm-a-lechelle-mondiale\/\"><\/p>\n<div class=\"resource-card__text\">\n<h5>Astellas choisit la plateforme Veeva pour son CRM \u00e0 l\u2019\u00e9chelle mondiale <\/h5>\n<\/div>\n<div class=\"resource-card__media\"><img decoding=\"async\" src=\"https:\/\/www.veeva.com\/eu\/wp-content\/uploads\/2026\/02\/news-tile-astellas-vault-CRM-300x150@2x.png\"><\/div>\n<p><\/a><\/p>\n","protected":false},"excerpt":{"rendered":"<p>Data et leader d&#8217;opinion : un facteur d\u00e9terminant pour l&#8217;innovation pour l&#8217;industrie pharmaceutique IQVIA et Veeva annoncent des partenariats cliniques et commerciaux \u00e0 long terme ainsi que la r\u00e9solution de leurs litiges Veeva France Connect 2025 : l\u2019innovation au service de l\u2019efficacit\u00e9 op\u00e9rationnelle Astellas choisit la plateforme Veeva pour son CRM \u00e0 l\u2019\u00e9chelle mondiale<\/p>\n","protected":false},"author":223,"featured_media":9794,"parent":52562,"menu_order":0,"comment_status":"closed","ping_status":"open","template":"archive-press-releases-french.php","meta":{"footnotes":""},"coauthors":[],"class_list":["post-65586","page","type-page","status-publish","has-post-thumbnail","hentry","page-canonical-unique"],"aioseo_notices":[],"_links":{"self":[{"href":"https:\/\/pantheon.veeva.com\/eu\/wp-json\/wp\/v2\/pages\/65586"}],"collection":[{"href":"https:\/\/pantheon.veeva.com\/eu\/wp-json\/wp\/v2\/pages"}],"about":[{"href":"https:\/\/pantheon.veeva.com\/eu\/wp-json\/wp\/v2\/types\/page"}],"author":[{"embeddable":true,"href":"https:\/\/pantheon.veeva.com\/eu\/wp-json\/wp\/v2\/users\/223"}],"replies":[{"embeddable":true,"href":"https:\/\/pantheon.veeva.com\/eu\/wp-json\/wp\/v2\/comments?post=65586"}],"version-history":[{"count":7,"href":"https:\/\/pantheon.veeva.com\/eu\/wp-json\/wp\/v2\/pages\/65586\/revisions"}],"predecessor-version":[{"id":94060,"href":"https:\/\/pantheon.veeva.com\/eu\/wp-json\/wp\/v2\/pages\/65586\/revisions\/94060"}],"up":[{"embeddable":true,"href":"https:\/\/pantheon.veeva.com\/eu\/wp-json\/wp\/v2\/pages\/52562"}],"wp:featuredmedia":[{"embeddable":true,"href":"https:\/\/pantheon.veeva.com\/eu\/wp-json\/wp\/v2\/media\/9794"}],"wp:attachment":[{"href":"https:\/\/pantheon.veeva.com\/eu\/wp-json\/wp\/v2\/media?parent=65586"}],"wp:term":[{"taxonomy":"author","embeddable":true,"href":"https:\/\/pantheon.veeva.com\/eu\/wp-json\/wp\/v2\/coauthors?post=65586"}],"curies":[{"name":"wp","href":"https:\/\/api.w.org\/{rel}","templated":true}]}}