{"id":65592,"date":"2022-07-19T12:38:51","date_gmt":"2022-07-19T10:38:51","guid":{"rendered":"http:\/\/www.veeva.com\/eu\/?page_id=65592"},"modified":"2026-02-13T12:59:46","modified_gmt":"2026-02-13T11:59:46","slug":"news","status":"publish","type":"page","link":"https:\/\/pantheon.veeva.com\/eu\/es\/news\/","title":{"rendered":"Comunicados de prensa"},"content":{"rendered":"<p><a class=\"resource-card\" href=\"https:\/\/www.consalud.es\/consalud-tv\/veeva-aborda-los-retos-de-la-digitalizacion-farmaceutica-en-espana-coordinacion-personalizacion-e-ia.html\" target=\"_blank\" rel=\"noopener\"><\/p>\n<div class=\"resource-card__text\">\n<h5>Veeva aborda los retos de la digitalizaci\u00f3n farmac\u00e9utica en Espa\u00f1a: coordinaci\u00f3n, personalizaci\u00f3n e IA  <\/h5>\n<\/div>\n<div class=\"resource-card__media\"><img decoding=\"async\" src=\"https:\/\/www.veeva.com\/eu\/wp-content\/uploads\/2026\/02\/news-tile-con-salud-300x150@2x.png\"><\/div>\n<p><\/a><\/p>\n<p><a class=\"resource-card\" href=\"https:\/\/www.newmedicaleconomics.es\/de-los-silos-de-datos-a-la-conectividad-optimizada-como-pueden-prepararse-las-empresas-farmaceuticas-para-el-esmp\/\" target=\"_blank\" rel=\"noopener\"><\/p>\n<div class=\"resource-card__text\">\n<h5>De los silos de datos a la conectividad optimizada: c\u00f3mo pueden prepararse las empresas farmac\u00e9uticas para el ESMP <\/h5>\n<\/div>\n<div class=\"resource-card__media\"><img decoding=\"async\" src=\"https:\/\/www.veeva.com\/eu\/wp-content\/uploads\/2026\/02\/news-tile-new-medical-economics-300x150@2x.png\"><\/div>\n<p><\/a><\/p>\n<p><a class=\"resource-card\" href=\"https:\/\/www.pmfarma.com\/app\/noticias\/60334-veeva-y-openevidence-se-alyan-para-lanzar-open-vista-una-plataforma-de-ia-que-conecta-pacientes-mydicos-y-ensayos-clynicos\" target=\"_blank\" rel=\"noopener\"><\/p>\n<div class=\"resource-card__text\">\n<h5>Veeva y OpenEvidence se al\u00edan para lanzar Open Vista, una plataforma de IA que conecta pacientes, m\u00e9dicos y ensayos cl\u00ednicos   <\/h5>\n<\/div>\n<div class=\"resource-card__media\"><img decoding=\"async\" src=\"https:\/\/www.veeva.com\/eu\/wp-content\/uploads\/2026\/02\/news-tile-pmfarma-300x150@2x.png\"><\/div>\n<p><\/a><\/p>\n<p><a class=\"resource-card\" href=\"https:\/\/www.gacetadesalud.com\/opinion-gs\/noticias\/13574823\/10\/25\/el-desafio-del-sector-farmaceutico-para-2030-como-escalar-los-lanzamientos-de-productos-sin-ampliar-los-equipos.html\" target=\"_blank\" rel=\"noopener\"><\/p>\n<div class=\"resource-card__text\">\n<h5>El desaf\u00edo del sector farmac\u00e9utico para 2030: c\u00f3mo escalar los lanzamientos de productos sin ampliar los equipos <\/h5>\n<\/div>\n<div class=\"resource-card__media\"><img decoding=\"async\" src=\"https:\/\/www.veeva.com\/eu\/wp-content\/uploads\/2026\/02\/news-tile-pmfarma-300x150@2x-1.png\"><\/div>\n<p><\/a><\/p>\n","protected":false},"excerpt":{"rendered":"<p>Veeva aborda los retos de la digitalizaci\u00f3n farmac\u00e9utica en Espa\u00f1a: coordinaci\u00f3n, personalizaci\u00f3n e IA De los silos de datos a la conectividad optimizada: c\u00f3mo pueden prepararse las empresas farmac\u00e9uticas para el ESMP Veeva y OpenEvidence se al\u00edan para lanzar Open Vista, una plataforma de IA que conecta pacientes, m\u00e9dicos y ensayos cl\u00ednicos El desaf\u00edo del&hellip;<\/p>\n","protected":false},"author":223,"featured_media":9794,"parent":57629,"menu_order":0,"comment_status":"closed","ping_status":"open","template":"archive-press-releases-spain.php","meta":{"footnotes":""},"coauthors":[],"class_list":["post-65592","page","type-page","status-publish","has-post-thumbnail","hentry","page-canonical-unique"],"aioseo_notices":[],"_links":{"self":[{"href":"https:\/\/pantheon.veeva.com\/eu\/wp-json\/wp\/v2\/pages\/65592"}],"collection":[{"href":"https:\/\/pantheon.veeva.com\/eu\/wp-json\/wp\/v2\/pages"}],"about":[{"href":"https:\/\/pantheon.veeva.com\/eu\/wp-json\/wp\/v2\/types\/page"}],"author":[{"embeddable":true,"href":"https:\/\/pantheon.veeva.com\/eu\/wp-json\/wp\/v2\/users\/223"}],"replies":[{"embeddable":true,"href":"https:\/\/pantheon.veeva.com\/eu\/wp-json\/wp\/v2\/comments?post=65592"}],"version-history":[{"count":5,"href":"https:\/\/pantheon.veeva.com\/eu\/wp-json\/wp\/v2\/pages\/65592\/revisions"}],"predecessor-version":[{"id":94066,"href":"https:\/\/pantheon.veeva.com\/eu\/wp-json\/wp\/v2\/pages\/65592\/revisions\/94066"}],"up":[{"embeddable":true,"href":"https:\/\/pantheon.veeva.com\/eu\/wp-json\/wp\/v2\/pages\/57629"}],"wp:featuredmedia":[{"embeddable":true,"href":"https:\/\/pantheon.veeva.com\/eu\/wp-json\/wp\/v2\/media\/9794"}],"wp:attachment":[{"href":"https:\/\/pantheon.veeva.com\/eu\/wp-json\/wp\/v2\/media?parent=65592"}],"wp:term":[{"taxonomy":"author","embeddable":true,"href":"https:\/\/pantheon.veeva.com\/eu\/wp-json\/wp\/v2\/coauthors?post=65592"}],"curies":[{"name":"wp","href":"https:\/\/api.w.org\/{rel}","templated":true}]}}