{"id":87829,"date":"2025-09-19T19:26:20","date_gmt":"2025-09-19T17:26:20","guid":{"rendered":"https:\/\/www.veeva.com\/eu\/?page_id=87829"},"modified":"2026-02-17T10:37:12","modified_gmt":"2026-02-17T09:37:12","slug":"pharma-life-science-data-solutions","status":"publish","type":"page","link":"https:\/\/pantheon.veeva.com\/eu\/es\/productos\/pharma-life-science-data-solutions\/","title":{"rendered":"Gateway &#8211; Profundiza en el conocimiento de tus clientes"},"content":{"rendered":"<p><main class=\"veeva-2024\"><\/p>\n<div id=\"gateway\">\n    <!-- Hero --><\/p>\n<section id=\"hero\" class=\"hero-centered hero-centered--image\">\n<div class=\"container copy-container copy-container--center\">\n<h6>\n          Datos y an\u00e1lisis<br \/>\n        <\/h6>\n<h1>Conecta las actividades de ventas, m\u00e9dicas y de marketing con una arquitectura de datos com\u00fan<\/h1>\n<p>Construye la base de datos adecuada para agilizar la gesti\u00f3n de informaci\u00f3n y aumentar la eficiencia.<\/p>\n<div class=\"copy-container__buttons\">\n\t\t\t\t\t<a class=\"button-primary button-primary--gradient\" href=\"#\" id=\"cta-es-header-contact\" data-toggle=\"modal\" data-target=\"#myModal1\" rel=\"noopener\">Cont\u00e1ctanos<\/a>\n        <\/div>\n<\/p><\/div>\n<\/section>\n<p>    <!-- Video Player: Stacked, Light, Statistic Tool --><\/p>\n<section id=\"hero-video\" class=\"video-player-stacked video-player-stacked--light bg-transparent\">\n<div class=\"video-player-stacked__video container\">\n<div class=\"wistia_responsive_padding\" style=\"padding: 56.25% 0 0 0; position: relative\">\n<div class=\"wistia_responsive_wrapper\" style=\"height: 100%; left: 0; position: absolute; top: 0; width: 100%\">\n            <!-- add class here: wistia_async_{wistia-id} --><\/p>\n<div class=\"wistia_embed wistia_async_4ru8eiybn8\" captions=\"on\" lang=\"es\" style=\"height: 100%; width: 100%\"><\/div>\n<\/p><\/div>\n<\/p><\/div>\n<\/p><\/div>\n<div class=\"video-player-stacked__stats container\">\n<div class=\"statistic-3-up-wrapper\">\n<div class=\"statistic-tool statistic-tool--light\">\n<h3>#1<sup><\/sup><\/h3>\n<p>El principal obst\u00e1culo para escalar iniciativas digitales y el an\u00e1lisis de datos en el sector Life Sciences es la fragmentaci\u00f3n de los datos.<\/p>\n<\/p><\/div>\n<div class=\"statistic-tool statistic-tool--light\">\n<h3>81<sup>%<\/sup><\/h3>\n<p>de las empresas farmac\u00e9uticas tienen una visibilidad moderada o nula sobre las relaciones entre profesionales sanitarios y organizaciones sanitarias.<\/p>\n<\/p><\/div>\n<div class=\"statistic-tool statistic-tool--light\">\n<h3>30<sup>%<\/sup><\/h3>\n<p>de los l\u00edderes de opini\u00f3n no son contactados (sin interacci\u00f3n registrada con los MSLs)<\/p>\n<\/p><\/div>\n<\/p><\/div>\n<div class=\"footnote\">\n<p class=\"text-center\">\n            Fuentes:<br \/>\n            <a href=\"https:\/\/www.mckinsey.com\/industries\/life-sciences\/our-insights\/top-ten-observations-from-2022-in-life-sciences-digital-and-analytics\" target=\"_blank\" rel=\"noopener\">McKinsey<\/a>,<br \/>\n            <a href=\"https:\/\/www.veeva.com\/eu\/wp-content\/uploads\/2023\/07\/2023_Pulse-Field-Trends_Report.pdf\" target=\"_blank\" rel=\"noopener\">Veeva Pulse<\/a>\n          <\/p>\n<\/p><\/div>\n<\/p><\/div>\n<\/section>\n<p>    <!-- Z Pattern - Subcopy, Light --><\/p>\n<section class=\"z-pattern z-pattern-subcopy z-pattern--light\">\n<div class=\"z-pattern__wrapper container\">\n<div class=\"copy-container copy-container--eyebrow-gradient\">\n<h6>eBook<\/h6>\n<h3>Los cuatro pilares de la interacci\u00f3n con KOLs impulsada por datos<\/h3>\n<p>Descubre c\u00f3mo las empresas l\u00edderes est\u00e1n utilizando insights de clientes de nuevas formas para identificar, contactar y conectar con los l\u00edderes de opini\u00f3n y lograr un mayor impacto.<\/p>\n<div class=\"copy-container__buttons\">\n            <a class=\"button-outline button-outline--black\" href=\"https:\/\/www.veeva.com\/eu\/resources\/four-pillars-of-data-driven-kol-engagement\/\" target=\"_blank\" rel=\"noopener\">Leer eBook<\/a>\n          <\/div>\n<\/p><\/div>\n<div class=\"z-pattern__image\">\n<div class=\"z-pattern__image-wrapper\">\n            <img decoding=\"async\" src=\"\/wp-content\/themes\/veeva2015\/assets\/veeva-2024\/resources\/four-pillars-of-data-driven-KOL-engagment-thumbnail.png\" alt=\"eBook cover image\" \/>\n          <\/div>\n<\/p><\/div>\n<\/p><\/div>\n<\/section>\n<p>    <!-- Quote Block  --><\/p>\n<section id=\"quote\" class=\"quote-tabs quote-tabs--light bg-transparent\">\n<div class=\"quote-tabs__content\">\n<div class=\"container\">\n<div class=\"quote-card quote-card-full quote-card-full quote-card-full--medium-text\">\n<div class=\"quote-card__quote-wrapper\">\n<p>&#8220;Los datos son la base de todo cuanto hacemos. El CRM no es nada sin datos de clientes; adem\u00e1s, estos deben ser fiables y de alta calidad para nuestros equipos de campo. As\u00ed pues, nuestro siguiente paso l\u00f3gico consiste en reducir la complejidad de nuestra arquitectura de datos y avanzar hacia nuestra visi\u00f3n de un \u00fanico registro maestro de clientes.&#8221;<\/p>\n<\/p><\/div>\n<div class=\"quote-card__person-info\">\n<div class=\"client-logo\">\n                <img decoding=\"async\" src=\"https:\/\/www.veeva.com\/wp-content\/themes\/veeva2015\/assets\/veeva-2024\/logos\/color\/bayer.png\" alt=\"Bayer logo\" \/>\n              <\/div>\n<div class=\"quote-card__person-info__person\">\n<div class=\"avatar-thumbnail\">\n                  <img decoding=\"async\" src=\"\/wp-content\/themes\/veeva2015\/assets\/veeva-2024\/people\/alexander-alex.jpg\" alt=\"Picture of Alexander Alex\">\n                <\/div>\n<div class=\"quote-card__person-info-text\">\n<h5>Alexander Alex<\/h5>\n<h6>Head of CRM and Engagement Channels, Bayer AG<\/h6>\n<\/p><\/div>\n<\/p><\/div>\n<\/p><\/div>\n<\/p><\/div>\n<\/p><\/div>\n<\/p><\/div>\n<\/section>\n<div class=\"blended-bg\">\n      <!-- Video Player: Multiple, Dark  --><\/p>\n<section id=\"our-customers\" class=\"video-player-multiple video-player-multiple--dark section-rounded-bottom bg-none\">\n<div class=\"container\">\n          <!-- copy container --><\/p>\n<div class=\"copy-container copy-container--center copy-container--eyebrow-gradient\">\n<h6>\n              Nuestros clientes<br \/>\n            <\/h6>\n<h3>\n              Los l\u00edderes del sector de Life Sciences utilizan datos conectados de los clientes para impulsar la excelencia comercial<br \/>\n            <\/h3>\n<\/p><\/div>\n<p>          <!-- video player module --><\/p>\n<div class=\"video-player-module video-player-module--multiple\">\n            <!-- video player module, main video --><\/p>\n<div class=\"video-player-module__video\">\n<div class=\"video-player-module__wistia-wrapper\">\n<div class=\"wistia_responsive_padding\" style=\"padding: 56.25% 0 0 0; position: relative\">\n<div class=\"wistia_responsive_wrapper\" style=\"height: 100%; left: 0; position: absolute; top: 0; width: 100%\">\n<div class=\"wistia_embed wistia_async_6sv4w8slcs\" captions=\"on\" lang=\"es\" style=\"height: 100%; width: 100%\"><\/div>\n<\/p><\/div>\n<\/p><\/div>\n<\/p><\/div>\n<\/p><\/div>\n<p>            <!-- sub video nav wrapper, dark --><\/p>\n<div class=\"video-player-module__video-nav sub-video-nav-wrapper sub-video-nav-wrapper--dark\n            sub-video-nav-wrapper--link-only\"><\/p>\n<div class=\"sub-video-nav-wrapper__title pt-0 pb-3\">\n              <\/div>\n<div class=\"sub-video-nav-wrapper__content\">\n                <a href=\"https:\/\/www.veeva.com\/eu\/customer-stories\/daiichi-sankyo-europe-gmbh-powering-ai-and-analytics-with-deep-kol-data\/\" target=\"_blank\" class=\"sub-video-nav sub-video-nav--stacked sub-video-nav--stacked--dark\" rel=\"noopener\"><\/p>\n<div class=\"sub-video-nav__thumbnail\">\n                    <span class=\"icon\" data-icon=\"button-play-circle\"><\/span>\n                  <\/div>\n<div class=\"sub-video-nav__content\">\n<h6>Daiichi Sankyo Europe GmbH: Potenciar la IA y el an\u00e1lisis con datos exhaustivos de l\u00edderes de opini\u00f3n<\/h6>\n<p>Ver v\u00eddeo<\/p>\n<\/p><\/div>\n<p>                <\/a><br \/>\n                <a href=\"https:\/\/www.veeva.com\/eu\/blog\/bayer-ag-gsk-novartis-the-enterprise-value-of-kol-insights\/\" target=\"_blank\" class=\"sub-video-nav sub-video-nav--stacked sub-video-nav--stacked--dark\" rel=\"noopener\"><\/p>\n<div class=\"sub-video-nav__thumbnail\">\n                    <span class=\"icon\" data-icon=\"news-paper\"><\/span>\n                  <\/div>\n<div class=\"sub-video-nav__content\">\n<h6>Bayer AG, GSK, Novartis: El valor empresarial de las perspectivas de los l\u00edderes de opini\u00f3n<\/h6>\n<p>Leer blog<\/p>\n<\/p><\/div>\n<p>                <\/a><br \/>\n                <a href=\"https:\/\/www.veeva.com\/eu\/customer-stories\/advanz-pharma-preparing-for-a-launch-pharmas-high-stakes-gamble\/\" target=\"_blank\" class=\"sub-video-nav sub-video-nav--stacked sub-video-nav--stacked--dark\" rel=\"noopener\"><\/p>\n<div class=\"sub-video-nav__thumbnail\">\n                    <span class=\"icon\" data-icon=\"button-play-circle\"><\/span>\n                  <\/div>\n<div class=\"sub-video-nav__content\">\n<h6>ADVANZ PHARMA: Preparaci\u00f3n para un lanzamiento: La apuesta de alto riesgo de la industria farmac\u00e9utica<\/h6>\n<p>Ver podcast<\/p>\n<\/p><\/div>\n<p>                <\/a>\n              <\/div>\n<\/p><\/div>\n<\/p><\/div>\n<\/p><\/div>\n<\/section><\/div>\n<p>    <!-- Card Block Z Pattern --><\/p>\n<section class=\"card-block-z-pattern card-block-z-pattern--light card-block-z-pattern--cards-end\">\n<div class=\"container\">\n<div class=\"copy-container copy-container--eyebrow-gradient\">\n<h2>Soluciones de datos y an\u00e1lisis<\/h2>\n<p>Conecta las actividades de ventas, m\u00e9dicas y de marketing con una arquitectura de datos com\u00fan.<\/p>\n<\/p><\/div>\n<div class=\"card-block-z-pattern__cards\">\n<div class=\"z-pattern-card z-pattern-card--light\">\n            <a class=\"z-pattern-card__link\" href=\"https:\/\/www.veeva.com\/eu\/products\/veeva-link\/\" target=\"_blank\" rel=\"noopener\"><\/p>\n<h4>Veeva Link <br \/> Key People<\/h4>\n<p>Datos detallados sobre l\u00edderes cient\u00edficos, digitales y cl\u00ednicos para facilitar interacciones m\u00e1s relevantes.<\/p>\n<div class=\"z-pattern-card__icon\">\n                <span class=\"icon\" data-icon=\"arrow-up-right--white\"><\/span>\n              <\/div>\n<p>            <\/a>\n          <\/div>\n<div class=\"z-pattern-card z-pattern-card--light\">\n            <a class=\"z-pattern-card__link\" href=\"https:\/\/www.veeva.com\/eu\/products\/opendata\/\" target=\"_blank\" rel=\"noopener\"><\/p>\n<h4>Veeva OpenData Commercial<\/h4>\n<p>Datos de referencia precisos y uniformes para los equipos comerciales.<\/p>\n<div class=\"z-pattern-card__icon\">\n                <span class=\"icon\" data-icon=\"arrow-up-right--white\"><\/span>\n              <\/div>\n<p>            <\/a>\n          <\/div>\n<div class=\"z-pattern-card z-pattern-card--light\">\n            <a class=\"z-pattern-card__link\" href=\"https:\/\/www.veeva.com\/eu\/services\/business-consulting-services\/\" target=\"_blank\" rel=\"noopener\"><\/p>\n<h4>An\u00e1lisis Comercial<\/h4>\n<p>Informaci\u00f3n y an\u00e1lisis para definir tu estrategia en todos los canales.<\/p>\n<div class=\"z-pattern-card__icon\">\n                <span class=\"icon\" data-icon=\"arrow-up-right--white\"><\/span>\n              <\/div>\n<p>            <\/a>\n          <\/div>\n<div class=\"z-pattern-card z-pattern-card--light\">\n            <a class=\"z-pattern-card__link\" href=\"https:\/\/www.veeva.com\/eu\/products\/crm-suite\/network-customer-master\/\" target=\"_blank\" rel=\"noopener\"><\/p>\n<h4>Veeva <br \/> Network<\/h4>\n<p>Gesti\u00f3n estandarizada de datos maestros para una visi\u00f3n consolidada del cliente.<\/p>\n<div class=\"z-pattern-card__icon\">\n                <span class=\"icon\" data-icon=\"arrow-up-right--white\"><\/span>\n              <\/div>\n<p>            <\/a>\n          <\/div>\n<\/p><\/div>\n<\/p><\/div>\n<\/section>\n<p><!-- Pre-Footer CTA --><\/p>\n<section class=\"hero-contained hero-contained--gradient hero-contained--footer-fix\">\n<div class=\"copy-container container copy-container--center\">\n<h3>\u00bfQuieres saber m\u00e1s sobre c\u00f3mo puede ayudarte Veeva?<\/h3>\n<div class=\"copy-container__buttons\">\n\t\t\t\t\t<a class=\"button-primary button-primary--gradient\" href=\"#\" id=\"cta-es-header-contact\" data-toggle=\"modal\" data-target=\"#myModal1\" rel=\"noopener\">Cont\u00e1ctanos<\/a>\n        <\/div>\n<\/p><\/div>\n<\/section><\/div>\n<p><\/main><\/p>\n","protected":false},"excerpt":{"rendered":"<p>Construye la base de datos adecuada para agilizar la gesti\u00f3n de informaci\u00f3n y aumentar la eficiencia.<\/p>\n","protected":false},"author":395,"featured_media":0,"parent":88086,"menu_order":0,"comment_status":"closed","ping_status":"closed","template":"templates\/veeva-2024.full-page.php","meta":{"footnotes":""},"coauthors":[],"class_list":["post-87829","page","type-page","status-publish","hentry","page-canonical-unique","region-es"],"aioseo_notices":[],"_links":{"self":[{"href":"https:\/\/pantheon.veeva.com\/eu\/wp-json\/wp\/v2\/pages\/87829"}],"collection":[{"href":"https:\/\/pantheon.veeva.com\/eu\/wp-json\/wp\/v2\/pages"}],"about":[{"href":"https:\/\/pantheon.veeva.com\/eu\/wp-json\/wp\/v2\/types\/page"}],"author":[{"embeddable":true,"href":"https:\/\/pantheon.veeva.com\/eu\/wp-json\/wp\/v2\/users\/395"}],"replies":[{"embeddable":true,"href":"https:\/\/pantheon.veeva.com\/eu\/wp-json\/wp\/v2\/comments?post=87829"}],"version-history":[{"count":16,"href":"https:\/\/pantheon.veeva.com\/eu\/wp-json\/wp\/v2\/pages\/87829\/revisions"}],"predecessor-version":[{"id":94123,"href":"https:\/\/pantheon.veeva.com\/eu\/wp-json\/wp\/v2\/pages\/87829\/revisions\/94123"}],"up":[{"embeddable":true,"href":"https:\/\/pantheon.veeva.com\/eu\/wp-json\/wp\/v2\/pages\/88086"}],"wp:attachment":[{"href":"https:\/\/pantheon.veeva.com\/eu\/wp-json\/wp\/v2\/media?parent=87829"}],"wp:term":[{"taxonomy":"author","embeddable":true,"href":"https:\/\/pantheon.veeva.com\/eu\/wp-json\/wp\/v2\/coauthors?post=87829"}],"curies":[{"name":"wp","href":"https:\/\/api.w.org\/{rel}","templated":true}]}}