{"id":92621,"date":"2026-01-15T00:37:45","date_gmt":"2026-01-14T23:37:45","guid":{"rendered":"https:\/\/www.veeva.com\/eu\/?page_id=92621"},"modified":"2026-01-20T22:23:30","modified_gmt":"2026-01-20T21:23:30","slug":"consumer-health","status":"publish","type":"page","link":"https:\/\/pantheon.veeva.com\/eu\/es\/productos\/consumer-health\/","title":{"rendered":"Consumer Health"},"content":{"rendered":"<style>\n<p>body {\nbackground-color: #eef1f5;\n}\n.veeva-2024 #platform-product:before {\nbackground:transparent;\n}<\/p>\n<p>.veeva-2024 .listed-up--grey {\nbackground: #fff;\ncolor: #01040b;\nmargin: 0;\npadding: 80px 0 60px 0;\n}\n@media (min-width:992px) {\n.veeva-2024 .listed-up .copy-container {\nmargin-bottom: 40px;\n}\n}\n@media (min-width:768px) {\n.veeva-2024 .listed-up-card {\npadding: 15px 28px;\n}\n}\n.veeva-2024 #platform-product #supplementary:before {\nbackground: #fff;\n}\n<\/style>\n<p><main class=\"veeva-2024\"><\/p>\n<div id=\"platform-product\" style=\"padding-top: 0 !important;\">\n<section id=\"hero\" class=\"hero-centered hero-centered--image\">\n<div class=\"container copy-container copy-container--center\">\n<h6>Veeva para el Consumer Health<\/h6>\n<h1>Soluciones Consumer Health para Interacciones Personalizadas<\/h1>\n<p>Soluciones completas y a medida para el engagement, contenido y an\u00e1lisis, dise\u00f1adas para Consumer Health.<\/p>\n<\/p><\/div>\n<\/section>\n<p>        <!-- Marquee - Subpoints &#x2705; --><\/p>\n<section class=\"marquee-subpoints marquee-subpoints--light marquee-subpoints--4-up\">\n<div class=\"copy-container container copy-container--center copy-container--eyebrow-gradient\">\n<h2>Soluci\u00f3n Integral para Ventas en Farmacias<\/h2>\n<p>Garantiza el cumplimiento de los procesos en la ejecuci\u00f3n de los equipos de campo, desde la planificaci\u00f3n de territorios y la preparaci\u00f3n de visitas hasta la interacci\u00f3n con el cliente y el cierre, gracias a las capacidades de Veeva Vault CRM.<\/p>\n<\/p><\/div>\n<div class=\"marquee-subpoints__wrapper container\">\n<ul class=\"marquee-subpoints__list\">\n<li>\n<h6>Gesti\u00f3n de Pedidos<\/h6>\n<p>\n\t\t\tMaximiza las ventas a farmacias con la negociaci\u00f3n de pedidos offline, impulsada por informaci\u00f3n detallada. Permite a los representantes capturar, fijar precios, aplicar descuentos y procesar pedidos de forma eficiente para uno o varios productos directamente en el punto de venta.\n\t\t\t<\/p>\n<\/li>\n<li>\n<h6>Supervisi\u00f3n del Inventari<\/h6>\n<p>\n\t\t\tPermite a los representantes capturar informaci\u00f3n sobre el inventario y la exhibici\u00f3n en el lineal en el punto de venta para optimizar la visibilidad del producto y garantizar la selecci\u00f3n del consumidor.\n\t\t\t<\/p>\n<\/li>\n<li>\n<h6>Formaci\u00f3n sobre Productos<\/h6>\n<p>\n\t\t\tDetalla la eficacia de la marca, facilita la negociaci\u00f3n, demuestra las inversiones en marketing y educa a los farmac\u00e9uticos sobre tus productos.\n\t\t\t<\/p>\n<\/li>\n<li>\n<h6>Contratos<\/h6>\n<p>\n\t\t\tConstruye una colaboraci\u00f3n a largo plazo con las farmacias a trav\u00e9s de contratos negociados o plantillas predefinidas. Negocia contratos para objetivos de volumen\/valor de ventas y acuerdos de colocaci\u00f3n de productos en tienda.\n\t\t\t<\/p>\n<\/li>\n<\/ul><\/div>\n<\/section>\n<section class=\"listed-up listed-up-accent listed-up--grey section-rounded-top\" style=\"padding-bottom:120px;\">\n<div class=\"copy-container container copy-container--center copy-container--left-md copy-container--eyebrow-gradient\">\n<h3>Veeva ayuda a las compa\u00f1\u00edas de Consumer Health a lograr<\/h3>\n<\/p><\/div>\n<div class=\"listed-up__cards container\">\n<div class=\"listed-up-card\">\n<div class=\"bar\"><\/div>\n<h5>Interacci\u00f3n Centrada en el Cliente<\/h5>\n<p>Permite la coordinaci\u00f3n entre ventas, equipos m\u00e9dicos y marketing para una visi\u00f3n 360\u00b0 de las interacciones con el cliente. Con una \u00fanica aplicaci\u00f3n, entrega y haz seguimiento de los mensajes de marca que cumplen con la normativa a lo largo del recorrido del profesional sanitario. Atiende a los clientes cuando lo necesiten con chats y correos electr\u00f3nicos que cumplen con la normativa, intercambio de contenidos y reuniones virtuales.<\/p>\n<\/p><\/div>\n<div class=\"listed-up-card\">\n<div class=\"bar\"><\/div>\n<h5>Mejora de la Gesti\u00f3n del Rendimiento<\/h5>\n<p>Toma decisiones basadas en datos con Vault CRM, sugerencias de la &#8220;siguiente mejor acci\u00f3n&#8221;, pedidos recomendados y procesos integrados en la tienda. Aprovecha los paneles de control de KPI, las visitas acompa\u00f1adas por gerentes y los informes de coaching para identificar mejoras en el rendimiento.<\/p>\n<\/p><\/div>\n<div class=\"listed-up-card\">\n<div class=\"bar\"><\/div>\n<h5>Gesti\u00f3n Integrada de Datos Maestros<\/h5>\n<p>Mejora la interacci\u00f3n y la transparencia en el gasto aprovechando la gesti\u00f3n de datos maestros de clientes de primera clase, totalmente integrada con Vault CRM.<\/p>\n<\/p><\/div>\n<div class=\"listed-up-card\">\n<div class=\"bar\"><\/div>\n<h5>Datos Avanzados para una Mejor Segmentaci\u00f3n<\/h5>\n<p>Veeva OpenData ofrece perfiles detallados y verificados, y afiliaciones para las organizaciones de salud (HCOs), incluyendo farmacias minoristas y hospitalarias, y farmac\u00e9uticos con licencia. Mejora la interacci\u00f3n con el cliente con datos de alta calidad, f\u00e1ciles de usar y siempre accesibles.<\/p>\n<\/p><\/div>\n<div class=\"listed-up-card\">\n<div class=\"bar\"><\/div>\n<h5>Gesti\u00f3n de Contenidos Multicanal<\/h5>\n<p>Crea, revisa y distribuye contenido a escala que cumpla con la normativa gracias a una \u00fanica soluci\u00f3n conectada a Vault CRM para una distribuci\u00f3n autom\u00e1tica.<\/p>\n<\/p><\/div>\n<\/p><\/div>\n<\/section>\n<div id=\"supplementary\" data-count=\"2\"   style=\"margin-top:-80px;\" >\n<section class=\"quote-tabs quote-tabs--dark\">\n<div class=\"quote-tabs__content\">\n<div class=\"container\">\n<div class=\"carousel slide carousel-fade\" data-slide-interval=\"8500\">\n<div class=\"carousel-indicators\"><\/div>\n<div class=\"carousel-inner\">\n<div class=\"carousel-item\">\n<div class=\"quote-card quote-card-full quote-card-full--medium-text\">\n<div class=\"quote-card__quote-wrapper\">\n<p>\u201cDecidimos asociarnos con Veeva y elegimos Vault CRM para apoyar nuestra transformaci\u00f3n, alcanzar nuestros objetivos de negocio y dar forma al futuro.\u201d<\/p>\n<\/p><\/div>\n<div class=\"quote-card__person-info\">\n<div class=\"client-logo\">\n\t\t\t\t\t\t\t<img decoding=\"async\" src=\"https:\/\/www.veeva.com\/wp-content\/uploads\/2025\/05\/customer-logo-laboratorios-vinas@2x.png\" alt=\"General Director at Laboratorio Vi\u00f1as\">\n\t\t\t\t\t\t<\/div>\n<h5>Thierry Chenain,<\/h5>\n<h6>General Director, Laboratorio Vi\u00f1as<\/h6>\n<\/p><\/div>\n<\/p><\/div>\n<\/p><\/div>\n<div class=\"carousel-item\">\n<div class=\"quote-card quote-card-full quote-card-full--medium-text\">\n<div class=\"quote-card__quote-wrapper\">\n<p>\u201cAl combinar las soluciones de vanguardia de Veeva con un profundo conocimiento de la industria, creamos la plataforma ideal para nuestra innovaci\u00f3n y un crecimiento sostenible a largo plazo.\u201d<\/p>\n<\/p><\/div>\n<div class=\"quote-card__person-info\">\n<div class=\"client-logo\">\n\t\t\t\t\t\t\t<img decoding=\"async\" src=\"https:\/\/www.veeva.com\/wp-content\/uploads\/2025\/05\/customer-logo-aboca@2x.png\" alt=\"Chief Commercial Officer, Aboca\">\n\t\t\t\t\t\t<\/div>\n<h5>Francesco Masi, <\/h5>\n<h6>Chief Commercial Officer, Aboca<\/h6>\n<\/p><\/div>\n<\/p><\/div>\n<\/p><\/div>\n<div class=\"carousel-item\"\">\n<div class=\"quote-card quote-card-full quote-card-full--medium-text\">\n<div class=\"quote-card__quote-wrapper\">\n<p>\u201cNuestros equipos de campo ahora pueden mejorar la visibilidad del producto mientras negocian r\u00e1pidamente los pedidos con precios y descuentos precisos determinados en la tienda.\u201d<\/p>\n<\/p><\/div>\n<div class=\"quote-card__person-info\">\n<div class=\"client-logo\">\n\t\t\t\t\t\t\t<img decoding=\"async\" src=\"https:\/\/www.veeva.com\/wp-content\/themes\/veeva2015\/assets\/veeva-2024\/logos\/color\/biocodex.png\" alt=\"France General Manager at Biocodex\">\n\t\t\t\t\t\t<\/div>\n<h5>Emilie Perthuiset,<\/h5>\n<h6>France General Manager, Biocodex<\/h6>\n<\/p><\/div>\n<\/p><\/div>\n<\/p><\/div>\n<\/p><\/div>\n<\/p><\/div>\n<\/p><\/div>\n<\/p><\/div>\n<\/section>\n<section id=\"platform-product-videos\" class=\"video-player-chapters video-player-chapters--dark ready\">\n<div class=\"container\">\n<div class=\"video-player-module video-player-module--chapters video-player-module--center-video\">\n<div class=\"video-player-module__video\">\n<div class=\"video-player-module__wistia-wrapper\">\n\t\t\t\t   <script>\n\t\t\twindow._wq = window._wq || [];\n\t\t\t_wq.push({\n\t\t\t  id: \"rj64jto9kz\",\n\t\t\t  options: {\n\t\t\t\tplugin: {\n\t\t\t\t  \"captions\": {\n\t\t\t\t\tonByDefault: true,\n\t\t\t\t\tlanguage: \"spa\" \/\/ ang - English, fre - French, ger - German, ita - Italian, spa - Spanish\n\t\t\t\t  }\n\t\t\t\t}\n\t\t\t  }\n\t\t\t});\n\t\t\t<\/script><script src=\"https:\/\/fast.wistia.com\/embed\/medias\/rj64jto9kz.jsonp\" async><\/script><script src=\"https:\/\/fast.wistia.com\/assets\/external\/E-v1.js\" async><\/script><div class=\"wistia_responsive_padding\" style=\"padding:56.25% 0 0 0;position:relative;\"><div class=\"wistia_responsive_wrapper\" style=\"height:100%;left:0;position:absolute;top:0;width:100%;\"><span class=\"wistia_embed wistia_async_rj64jto9kz popover=true videoFoam=true\" style=\"display:inline-block;height:100%;position:relative;width:100%\">&nbsp;<\/span><\/div><\/div>\n\t\t\t\t<\/div>\n<div class=\"video-player-module__video-info\">\n<h5> Veeva Vault CRM para Consumer Health <\/h5>\n<\/p><\/div>\n<\/p><\/div>\n<div class=\"video-player-module__video-nav chapter-tool\" style=\"max-height: 0px;\">\n<div class=\"chapter-tool__title\">\n<h6>Chapters<\/h6>\n<\/p><\/div>\n<div class=\"chapter-tool__items chapter-tool__items--dark\"><\/div>\n<\/p><\/div>\n<\/p><\/div>\n<\/p><\/div>\n<\/section>\n<\/div>\n<section class=\"resource-block-cards resource-block-cards--light\" id=\"resource-block-0\">\n<div class=\"container\">\n<div class=\"resource-block__cards resource-block__cards--gridded\">\n\t\t\t<a id=\"\" class=\"resource-card resource-card--light\" href=\"\/eu\/resources\/biocodex-unifies-pharmacy-sales-in-france-with-veeva-crm\/\" target=\"_self\" rel=\"noopener\"><\/p>\n<div class=\"resource-card__text\">\n<h6>Leer comunicado<\/h6>\n<h5>Biocodex Unifica las Ventas en Farmacias con Veeva CRM<\/h5>\n<\/div>\n<div class=\"resource-card__media\"><img decoding=\"async\" src=\"\/eu\/wp-content\/uploads\/2022\/05\/Biocodex-PR-RT-340x240-1.png\" alt=\"\"><\/div>\n<p><\/a><br \/>\n\t\t\t<a id=\"\" class=\"resource-card resource-card--light\" href=\"\/eu\/customer-stories\/ai-innovation-in-life-sciences-teva-use-cases\/\" target=\"_self\" rel=\"noopener\"><\/p>\n<div class=\"resource-card__text\">\n<h6>Ver video<\/h6>\n<h5>Innovaci\u00f3n de IA en el sector de life sciences: Casos de uso en Teva<\/h5>\n<\/div>\n<div class=\"resource-card__media\"><img decoding=\"async\" src=\"\/wp-content\/uploads\/2025\/04\/resource-tile-ai-Innovation-in-life-sciences-tevas-use-cases-video-340x240@2x.png\" alt=\"\"><\/div>\n<p><\/a><br \/>\n\t\t\t<a id=\"\" class=\"resource-card resource-card--light\" href=\"\/eu\/customer-stories\/global-leader-in-animal-health-improves-commercial-execution\/\" target=\"_self\" rel=\"noopener\"><\/p>\n<div class=\"resource-card__text\">\n<h6>Descubrir m\u00e1s<\/h6>\n<h5>Teva Armoniza las Ventas Europeas en Farmacias con Veeva CRM<\/h5>\n<\/div>\n<div class=\"resource-card__media\"><img decoding=\"async\" src=\"https:\/\/www.veeva.com\/eu\/wp-content\/uploads\/2022\/03\/Teva-PR-RT-340x240-1.png\" alt=\"\"><\/div>\n<p><\/a><br \/>\n\t\t\t<a id=\"\" class=\"resource-card resource-card--light\" href=\"https:\/\/veevaconnect.com\/communities\/APIfQOjtAAA\/about\" target=\"_blank\" rel=\"noopener\"><\/p>\n<div class=\"resource-card__text\">\n<h6>Acceder a Veeva Connect<\/h6>\n<h5>Descubre las \u00faltimas novedades sobre Consumer Health, \u00fanete a nuestra comunidad.<\/h5>\n<\/div>\n<div class=\"resource-card__media\"><img decoding=\"async\" src=\"https:\/\/www.veeva.com\/eu\/wp-content\/uploads\/2022\/03\/Teva-PR-RT-340x240-1.png\" alt=\"\"><\/div>\n<p><\/a>\n\t\t<\/div>\n<\/p><\/div>\n<\/section><\/div>\n<section id=\"pre-footer\" class=\"hero-contained hero-contained--gradient hero-contained--footer-fix\">\n<div class=\"container copy-container copy-container--center\">\n<h3>\u00bfQuieres saber m\u00e1s sobre c\u00f3mo puede ayudarte Veeva?<\/h3>\n<div class=\"copy-container__buttons\">\n            <a class=\"button-primary button-primary--gradient\" href=\"#\" id=\"cta-es-header-contact\" data-toggle=\"modal\" data-target=\"#myModal1\" rel=\"noopener\">Cont\u00e1ctanos<\/a>\n     \t<\/div>\n<\/p><\/div>\n<\/section>\n<p><\/main><\/p>\n","protected":false},"excerpt":{"rendered":"<p>Veeva para el Consumer Health Soluciones Consumer Health para Interacciones Personalizadas Soluciones completas y a medida para el engagement, contenido y an\u00e1lisis, dise\u00f1adas para Consumer Health. Soluci\u00f3n Integral para Ventas en Farmacias Garantiza el cumplimiento de los procesos en la ejecuci\u00f3n de los equipos de campo, desde la planificaci\u00f3n de territorios y la preparaci\u00f3n de&hellip;<\/p>\n","protected":false},"author":268,"featured_media":0,"parent":88086,"menu_order":0,"comment_status":"closed","ping_status":"closed","template":"templates\/veeva-2024.full-page.php","meta":{"footnotes":""},"coauthors":[],"class_list":["post-92621","page","type-page","status-publish","hentry"],"aioseo_notices":[],"_links":{"self":[{"href":"https:\/\/pantheon.veeva.com\/eu\/wp-json\/wp\/v2\/pages\/92621"}],"collection":[{"href":"https:\/\/pantheon.veeva.com\/eu\/wp-json\/wp\/v2\/pages"}],"about":[{"href":"https:\/\/pantheon.veeva.com\/eu\/wp-json\/wp\/v2\/types\/page"}],"author":[{"embeddable":true,"href":"https:\/\/pantheon.veeva.com\/eu\/wp-json\/wp\/v2\/users\/268"}],"replies":[{"embeddable":true,"href":"https:\/\/pantheon.veeva.com\/eu\/wp-json\/wp\/v2\/comments?post=92621"}],"version-history":[{"count":9,"href":"https:\/\/pantheon.veeva.com\/eu\/wp-json\/wp\/v2\/pages\/92621\/revisions"}],"predecessor-version":[{"id":92839,"href":"https:\/\/pantheon.veeva.com\/eu\/wp-json\/wp\/v2\/pages\/92621\/revisions\/92839"}],"up":[{"embeddable":true,"href":"https:\/\/pantheon.veeva.com\/eu\/wp-json\/wp\/v2\/pages\/88086"}],"wp:attachment":[{"href":"https:\/\/pantheon.veeva.com\/eu\/wp-json\/wp\/v2\/media?parent=92621"}],"wp:term":[{"taxonomy":"author","embeddable":true,"href":"https:\/\/pantheon.veeva.com\/eu\/wp-json\/wp\/v2\/coauthors?post=92621"}],"curies":[{"name":"wp","href":"https:\/\/api.w.org\/{rel}","templated":true}]}}