{"id":21038,"date":"2015-10-22T17:05:52","date_gmt":"2015-10-22T21:05:52","guid":{"rendered":"http:\/\/www.veeva.com\/?page_id=21038"},"modified":"2025-03-10T08:18:35","modified_gmt":"2025-03-10T14:18:35","slug":"pharma-biotech","status":"publish","type":"page","link":"https:\/\/pantheon.veeva.com\/la\/products\/pharma-biotech\/","title":{"rendered":"Pharma + Biotech"},"content":{"rendered":"<h2>Dise\u00f1ada para las ciencias de la vida, <br class=\"hidden-xs\">suministrada en la nube<\/h2>\n<p>Soluciones farmac\u00e9uticas y de biotecnolog\u00eda <br class=\"hidden-xs\">personalizadas para tus \u00e1reas m\u00e1s estrat\u00e9gicas.<\/p>\n<p><a href=\"\/la\/contact-us\/\" target=\"_self\" class=\"button theme-color\" id=\"cta-hero-pharmaBiotech\" rel=\"noopener noreferrer\">Cont\u00e1ctanos<span class=\"glyphicon glyphicon-menu-right\" aria-hidden=\"true\"><\/span><\/a><\/p>\n","protected":false},"excerpt":{"rendered":"<p>Streamline your operations and make the most of every customer engagement with industry-specific applications that innovate how you work.<\/p>\n","protected":false},"author":80,"featured_media":0,"parent":20394,"menu_order":0,"comment_status":"closed","ping_status":"closed","template":"templates\/template-pharma-biotech.php","meta":{"footnotes":""},"class_list":["post-21038","page","type-page","status-publish","hentry"],"aioseo_notices":[],"_links":{"self":[{"href":"https:\/\/pantheon.veeva.com\/la\/wp-json\/wp\/v2\/pages\/21038"}],"collection":[{"href":"https:\/\/pantheon.veeva.com\/la\/wp-json\/wp\/v2\/pages"}],"about":[{"href":"https:\/\/pantheon.veeva.com\/la\/wp-json\/wp\/v2\/types\/page"}],"author":[{"embeddable":true,"href":"https:\/\/pantheon.veeva.com\/la\/wp-json\/wp\/v2\/users\/80"}],"replies":[{"embeddable":true,"href":"https:\/\/pantheon.veeva.com\/la\/wp-json\/wp\/v2\/comments?post=21038"}],"version-history":[{"count":7,"href":"https:\/\/pantheon.veeva.com\/la\/wp-json\/wp\/v2\/pages\/21038\/revisions"}],"predecessor-version":[{"id":57244,"href":"https:\/\/pantheon.veeva.com\/la\/wp-json\/wp\/v2\/pages\/21038\/revisions\/57244"}],"up":[{"embeddable":true,"href":"https:\/\/pantheon.veeva.com\/la\/wp-json\/wp\/v2\/pages\/20394"}],"wp:attachment":[{"href":"https:\/\/pantheon.veeva.com\/la\/wp-json\/wp\/v2\/media?parent=21038"}],"curies":[{"name":"wp","href":"https:\/\/api.w.org\/{rel}","templated":true}]}}