{"id":58977,"date":"2024-10-21T12:10:23","date_gmt":"2024-10-21T17:10:23","guid":{"rendered":"https:\/\/www.veeva.com\/la\/?page_id=58977"},"modified":"2024-11-12T12:41:23","modified_gmt":"2024-11-12T18:41:23","slug":"veeva-commercial-summit-latam-2024-agenda","status":"publish","type":"page","link":"https:\/\/pantheon.veeva.com\/la\/events\/commercial-summit-latam\/veeva-commercial-summit-latam-2024-agenda\/","title":{"rendered":"Veeva Commercial Summit LatAm 2024 &#8211; agenda"},"content":{"rendered":"<link rel=\"stylesheet\" id=\"summit-style-css\" href=\"\/wp-content\/themes\/veeva2015\/assets\/css\/tmf-forum.css?v=4.10\"\n    type=\"text\/css\" media=\"all\"><br \/>\n<style>\n    .agenda-header {\n        padding: 0;\n        margin-bottom: 15px;\n    }<\/p>\n<p>    .agenda-header .agenda-time div {\n        min-height: 28px;\n        padding-top: 5px;\n    }<\/p>\n<p>    .listing {\n        padding: 15px 0;\n        border-bottom: 1px solid #B0B0B0;\n    }<\/p>\n<p>    \/*\n    .listing div, .agenda-header div {\n        padding:0;\n    }\n    *\/\n    .agenda-title {\n        font-weight: 400;\n        font-size: 20px;\n        \/*        line-height: 27px;*\/\n        line-height: 33px;\n        height: 33px;\n    }<\/p>\n<p>    .agenda-title.blue {\n        color: #369BD0;\n    }<\/p>\n<p>    .agenda-title.orange {\n        color: #EC8D1D;\n    }<\/p>\n<p>    .agenda-item-with-details .title {\n        font-weight: 400;\n        font-size: 20px;\n        line-height: 33px;\n        height: 33px;\n    }<\/p>\n<p>    .agenda-time {\n        text-align: left;\n        color: #868686;\n    }<\/p>\n<p>    .agenda-time-top {\n        text-align: right;\n        color: #868686;\n    }<\/p>\n<p>    .agenda-time br {\n        display: none;\n    }<\/p>\n<p>    .time {\n        margin-top: 0px;\n    }<\/p>\n<p>    .time div {\n        font-size: 28px;\n        margin-top: 0;\n        line-height: 33px;\n        height: 33px;\n    }<\/p>\n<p>    .orange .title {\n        color: #ec8e1d;\n    }<\/p>\n<p>    .blue .title {\n        color: #449fd7;\n    }<\/p>\n<p>    .time span {\n        padding-left: 0 !important;\n    }<\/p>\n<p>    .listing h4 {\n        font-weight: 400;\n    }<\/p>\n<p>    .agenda-time-top {\n        color: #444;\n        line-height: 33px;\n    }<\/p>\n<p>    .orange .agenda-item-with-details .row.agenda-speakers {\n        \/*    border-top: 3px solid orange;*\/\n        \/*    padding-top: 10px; .agenda-header*\/\n    }<\/p>\n<p>    div.time,\n    div.sessions-list-1,\n    .agenda-title,\n    .agenda-header>div {\n        padding-left: 0px;\n        padding-right: 0px;\n    }<\/p>\n<p>    .box.double .row>div {\n        padding-bottom: 7px;\n    }<\/p>\n<p>    .box p:last-child {\n        margin-bottom: 10px;\n    }<\/p>\n<p>    \/*\n        .panel-collapse div.box {\n            padding: 15px 15px 1px 15px\n        }\n    *\/<\/p>\n<p>    @media screen and (max-width: 767px) {\n        .agenda-time-top {\n            text-align: left;\n        }<\/p>\n<p>        .listing .col-sm-2.time,\n        .agenda-item-with-details .title,\n        .agenda-title,\n        .agenda-header {\n            margin-left: 15px;\n        }<\/p>\n<p>        .time div {\n            font-size: 24px;\n        }<\/p>\n<p>    }<\/p>\n<p>    @media screen and (max-width: 500px) {\n        .agenda-time br {\n            display: block;\n        }\n    }<\/p>\n<p>    \/* Hiding other time zones *\/\n    .gmt-3,\n    .gmt-4,\n    .gmt-6,\n    .gmt-7 {\n        display: none;\n    }<\/p>\n<p>    \/* select styles *\/\n    select.form-control {\n        appearance: none;\n        border-bottom: 1px solid #f7981d;\n        border-left: 1px solid #eee;\n        border-radius: 0;\n        border-right: 1px solid #eee;\n        border-top: 1px solid #f7981d;\n        box-shadow: 2px 2px 11px #e1e1e1;\n        font-size: 18px;\n        font-weight: 400;\n        height: 54px;\n        padding-right: 4rem;\n    }<\/p>\n<p>    select.form-control:focus {\n        border-color: #f7981d;\n        box-shadow: 2px 2px 11px #e1e1e1;\n    }<\/p>\n<p>    .select-wrapper {\n        display: inline-block;\n        position: relative;\n    }<\/p>\n<p>    .select-wrapper::after {\n        background-image: url('\/wp-content\/uploads\/2018\/02\/Summit_Agenda_OpenCloseArrow_Up.png');\n        content: \"\";\n        display: block;\n        height: 14px;\n        pointer-events: none;\n        position: absolute;\n        right: 5px;\n        top: 22px;\n        width: 21px;\n    }\n<\/style>\n<div class=\"row\">\n<div class=\"col-md-12\">\n<h2 class=\"title mb-40\">Agenda<\/h2>\n<\/p><\/div>\n<\/p><\/div>\n<div class=\"row\">\n<div class=\"col-md-10 col-md-offset-1 col-centered\">\n<div class=\"row\">\n<div class=\"col-xs-12 agenda-header\">\n<h2 style=\"margin:0;\" class=\"text-center\">Jueves 14 de noviembre<\/h2>\n<\/p><\/div>\n<\/p><\/div>\n<\/p><\/div>\n<\/p><\/div>\n<div class=\"row\">\n<div class=\"col-md-10 col-md-offset-1 col-centered\">\n<h3 style=\"margin-top: 20px;\">Timezones<\/h3>\n<div class=\"select-wrapper\">\n                    <select id=\"selectTimezones\" class=\"form-select form-control\" aria-label=\"Timezones\"><option value=\"gmt-3\">GMT &#8211; 3 (Argentina, Brasil, Uruguay)<\/option><option value=\"gmt-4\">GMT &#8211; 4 (Bolivia, Chile, Paraguay, Republica Dominicaca, Venezuela)<\/option><option value=\"gmt-5\" selected>GMT &#8211; 5 (Colombia, Ecuador, Panam\u00e1, Per\u00fa)<\/option><option value=\"gmt-6\">GMT &#8211; 6 (Costa Rica, El Salvador, Guatemala, Honduras, M\u00e9xico, Nicaragua)<\/option><option value=\"gmt-7\">GMT &#8211; 7 (Cuba, Haiti, M\u00e9xico)<\/option><\/select>\n                <\/div>\n<\/p><\/div>\n<\/p><\/div>\n<div class=\"row mt-40\">\n<div class=\"col-md-10 col-md-offset-1 col-centered\">\n<div class=\"row text-left\">\n<div class=\"col-xs-12 agenda-header\">\n<div class=\"col-sm-5\">\n<h2 style=\"margin:0;\">Plenaria<\/h2>\n<\/p><\/div>\n<div class=\"col-sm-7 agenda-time-top\">\n                            <!-- \n\n<div>08:30 \u2014 09:40 p.m.<\/div>\n\n -->\n                        <\/div>\n<\/p><\/div>\n<\/p><\/div>\n<div class=\"row text-left\" style=\"border-top:3px solid\">\n<div class=\"col-xs-12 listing\">\n<div class=\"col-sm-2 time\">\n<div class=\"gmt-3\">10:30<\/div>\n<div class=\"gmt-4\">09:30<\/div>\n<div class=\"gmt-5\">08:30<\/div>\n<div class=\"gmt-6\">07:30<\/div>\n<div class=\"gmt-7\">06:30<\/div>\n<\/p><\/div>\n<div class=\"col-sm-10 sessions-list-1 sessions-list-1-main orange\">\n<div class=\"agenda-item-with-details\">\n<div class=\"title\">\n<div>Bienvenida<\/div>\n<\/p><\/div>\n<div class=\"panel-collapse\">\n<div class=\"box\">\n<h4>Opening Keynote <\/h4>\n<p>                                        <!--  \n\n<p>In the opening keynote, Takeda shares how their R&D \u201cFuture Fit\u201d\n                                            transformation program accelerates trial delivery without compromising\n                                            quality. Learn how they leverage eTMF as a foundational application to\n                                            connect clinical systems, improve access to documentation and operational\n                                            data, and drive compliance. <br \/><i> Location: Lafayette South<\/i><\/p>\n\n --><\/p>\n<div class=\"row agenda-speakers\">\n<div class=\"col-xs-6 mb-15 mt-5 flex-align\" data-toggle=\"modal\"\n                                                data-target=\"#Adriano\"><br \/>\n                                                <img decoding=\"async\" src=\"https:\/\/www.veeva.com\/br\/wp-content\/uploads\/2022\/03\/Adriano-Vieira_320x320_v2.png\"\n                                                    alt=\"Adriano Vieira\"><\/p>\n<div>\n                                                    <strong>Adriano Vieira<\/strong><br \/>\n                                                    Veeva<br \/>\n                                                    General Manager, Latin America\n                                                <\/div>\n<\/p><\/div>\n<div class=\"col-xs-6 mb-15 mt-5 flex-align\" data-toggle=\"modal\"\n                                                data-target=\"#4-Monica-Shaw\"><br \/>\n                                                <img decoding=\"async\" src=\"https:\/\/www.veeva.com\/la\/wp-content\/uploads\/2024\/10\/0099c4bd-bc4f-47ff-b7f8-8520eb012d12-1.jpg\"\n                                                alt=\"Leonardo Perea\"><\/p>\n<div>\n                                                    <strong>Leonardo Perea<\/strong><br \/>\n                                                    Veeva<br \/>\n                                                   Associate Product Manager, Local Solutions, LatAm<\/p><\/div>\n<\/p><\/div>\n<\/p><\/div>\n<\/p><\/div>\n<\/p><\/div>\n<\/p><\/div>\n<\/p><\/div>\n<\/p><\/div>\n<div class=\"col-xs-12 listing\">\n<div class=\"col-sm-2 time\">\n<div class=\"gmt-3\">10:55<\/div>\n<div class=\"gmt-4\">09:55<\/div>\n<div class=\"gmt-5\">08:55<\/div>\n<div class=\"gmt-6\">07:55<\/div>\n<div class=\"gmt-7\">06:55<\/div>\n<\/p><\/div>\n<div class=\"col-sm-10 sessions-list-1 sessions-list-1-main orange\">\n<div class=\"agenda-item-with-details\">\n<div class=\"title\">\n<div>Sesi\u00f3n Veeva<\/div>\n<\/p><\/div>\n<div class=\"panel-collapse\">\n<div class=\"box\">\n<h4>Open Data<\/h4>\n<div class=\"row agenda-speakers\">\n<div class=\"col-xs-6 mb-15 mt-5 flex-align\" data-toggle=\"modal\"\n                                                    data-target=\"#4-Monica-Shaw\"><br \/>\n                                                    <img decoding=\"async\" src=\"https:\/\/www.veeva.com\/la\/wp-content\/uploads\/2022\/08\/julio.jpeg\"\n                                                        alt=\"Julio Castiglioni\"><\/p>\n<div>\n                                                        <strong>Julio Castiglioni<\/strong><br \/>\n                                                        Veeva<br \/>\n                                                        Director, OpenData, LatAm<\/p><\/div>\n<\/p><\/div>\n<\/p><\/div>\n<\/p><\/div>\n<\/p><\/div>\n<\/p><\/div>\n<\/p><\/div>\n<\/p><\/div>\n<div class=\"col-xs-12 listing\">\n<div class=\"col-sm-2 time\">\n<div class=\"gmt-3\">11:00<\/div>\n<div class=\"gmt-4\">10:00<\/div>\n<div class=\"gmt-5\">09:00<\/div>\n<div class=\"gmt-6\">08:00<\/div>\n<div class=\"gmt-7\">07:00<\/div>\n<\/p><\/div>\n<div class=\"col-sm-10 sessions-list-1 sessions-list-1-main orange\">\n<div class=\"agenda-item-with-details\">\n<div class=\"title\">\n<div>Sesi\u00f3n Veeva<\/div>\n<\/p><\/div>\n<div class=\"panel-collapse\">\n<div class=\"box\">\n<h4>MicroTargeting CLM<\/h4>\n<div class=\"row agenda-speakers\">\n<div class=\"col-xs-6 mb-15 mt-5 flex-align\" data-toggle=\"modal\"\n                                                    data-target=\"#4-Monica-Shaw\"><br \/>\n                                                    <img decoding=\"async\" src=\"https:\/\/www.veeva.com\/la\/wp-content\/uploads\/2024\/10\/6d048fe6-5f9c-456b-ad25-24e6287fe088.png\"\n                                                        alt=\"Luis Fern\u00e1ndez\"><\/p>\n<div>\n                                                        <strong>Luis Fern\u00e1ndez<\/strong><br \/>\n                                                        Veeva<br \/>\n                                                       Account Partner, LatAm Commercial<\/p><\/div>\n<\/p><\/div>\n<\/p><\/div>\n<\/p><\/div>\n<\/p><\/div>\n<\/p><\/div>\n<\/p><\/div>\n<\/p><\/div>\n<div class=\"col-xs-12 listing\">\n<div class=\"col-sm-2 time\">\n<div class=\"gmt-3\">11:05<\/div>\n<div class=\"gmt-4\">10:05<\/div>\n<div class=\"gmt-5\">09:05<\/div>\n<div class=\"gmt-6\">08:05<\/div>\n<div class=\"gmt-7\">07:05<\/div>\n<\/p><\/div>\n<div class=\"col-sm-10 sessions-list-1 sessions-list-1-main orange\">\n<div class=\"agenda-item-with-details\">\n<div class=\"title\">\n<div>Sesi\u00f3n Veeva<\/div>\n<\/p><\/div>\n<div class=\"panel-collapse\">\n<div class=\"box\">\n<h4>Marketing Solutions<br \/>\n                                            <\/h4>\n<div class=\"row agenda-speakers\">\n<div class=\"col-xs-6 mb-15 mt-5 flex-align\" data-toggle=\"modal\"\n                                                    data-target=\"#Adriano\"><br \/>\n                                                    <img decoding=\"async\" src=\"https:\/\/www.veeva.com\/la\/wp-content\/uploads\/2022\/09\/Adriano-Vieira_320x320_v2.png\"\n                                                        alt=\"Adriano Vieira\"><\/p>\n<div>\n                                                        <strong>Adriano Vieira<\/strong><br \/>\n                                                        Veeva<br \/>\n                                                        General Manager, LatAm\n                                                    <\/div>\n<\/p><\/div>\n<\/p><\/div>\n<\/p><\/div>\n<\/p><\/div>\n<\/p><\/div>\n<\/p><\/div>\n<\/p><\/div>\n<div class=\"col-xs-12 listing\">\n<div class=\"col-sm-2 time\">\n<div class=\"gmt-3\">11:15<\/div>\n<div class=\"gmt-4\">10:15<\/div>\n<div class=\"gmt-5\">09:15<\/div>\n<div class=\"gmt-6\">08:15<\/div>\n<div class=\"gmt-7\">07:15<\/div>\n<\/p><\/div>\n<div class=\"col-sm-10 sessions-list-1 sessions-list-1-main orange\">\n<div class=\"agenda-item-with-details\">\n<div class=\"title\">\n<div>Sesi\u00f3n Veeva<\/div>\n<\/p><\/div>\n<div class=\"panel-collapse\">\n<div class=\"box\">\n<h4>Veeva Training for Marketeers<br \/>\n                                            <\/h4>\n<div class=\"row agenda-speakers\">\n<div class=\"col-xs-6 mb-15 mt-5 flex-align\" data-toggle=\"modal\"\n                                                    data-target=\"#4-Monica-Shaw\"><br \/>\n                                                    <img decoding=\"async\" src=\"https:\/\/www.veeva.com\/la\/wp-content\/uploads\/2024\/09\/karla.png\"\n                                                        alt=\"Karla Nyssen\n\"><\/p>\n<div>\n                                                        <strong>Karla Nyssen<br \/>\n<\/strong><br \/>\n                                                        Veeva<br \/>\nProgram Manager, Content Partners                                                    <\/div>\n<\/p><\/div>\n<\/p><\/div>\n<\/p><\/div>\n<\/p><\/div>\n<\/p><\/div>\n<\/p><\/div>\n<\/p><\/div>\n<div class=\"col-xs-12 listing\">\n<div class=\"col-sm-2 time\">\n<div class=\"gmt-3\">11:20<\/div>\n<div class=\"gmt-4\">10:20<\/div>\n<div class=\"gmt-5\">09:20<\/div>\n<div class=\"gmt-6\">08:20<\/div>\n<div class=\"gmt-7\">07:20<\/div>\n<\/p><\/div>\n<div class=\"col-sm-10 sessions-list-1 sessions-list-1-main orange\">\n<div class=\"agenda-item-with-details\">\n<div class=\"title\">\n<div>Sesi\u00f3n Veeva<\/div>\n<\/p><\/div>\n<div class=\"panel-collapse\">\n<div class=\"box\">\n<h4>Veeva CRM Innovation<br \/>\n                                            <\/h4>\n<div class=\"row agenda-speakers\">\n<div class=\"col-xs-6 mb-15 mt-5 flex-align\" data-toggle=\"modal\"\n                                                    data-target=\"#4-Monica-Shaw\"><br \/>\n                                                    <img decoding=\"async\" src=\"https:\/\/www.veeva.com\/la\/wp-content\/uploads\/2024\/09\/db5e6394-11f1-4e66-a1b7-135dce0dc406.jpeg\"\n                                                        alt=\"Cintya Juarez\n\"><\/p>\n<div>\n                                                        <strong>Cintya Juarez<br \/>\n<\/strong><br \/>\n                                                        Veeva<br \/>\nProduct Expert, CRM, LatAm\n                                                 <\/div>\n<\/p><\/div>\n<\/p><\/div>\n<\/p><\/div>\n<\/p><\/div>\n<\/p><\/div>\n<\/p><\/div>\n<\/p><\/div>\n<div class=\"col-xs-12 listing\">\n<div class=\"col-sm-2 time\">\n<div class=\"gmt-3\">11:40<\/div>\n<div class=\"gmt-4\">10:40<\/div>\n<div class=\"gmt-5\">09:40<\/div>\n<div class=\"gmt-6\">08:40<\/div>\n<div class=\"gmt-7\">07:40<\/div>\n<\/p><\/div>\n<div class=\"col-sm-10 sessions-list-1 sessions-list-1-main orange\">\n<div class=\"agenda-item-with-details\">\n<div class=\"title\">\n<div>Sesi\u00f3n Veeva<\/div>\n<\/p><\/div>\n<div class=\"panel-collapse\">\n<div class=\"box\">\n<h4>Tendencias en el modelo de interacci\u00f3n con los m\u00e9dicos<br \/>\n                                            <\/h4>\n<div class=\"row agenda-speakers\">\n<div class=\"col-xs-6 mb-15 mt-5 flex-align\" data-toggle=\"modal\"\n                                                    data-target=\"#4-Monica-Shaw\"><br \/>\n                                                    <img decoding=\"async\" src=\"https:\/\/www.veeva.com\/la\/wp-content\/uploads\/2022\/08\/sebas.jpeg\"\n                                                        alt=\"Sebastian Arbeleche\n\"><\/p>\n<div>\n                                                        <strong>Sebastian Arbeleche<br \/>\n<\/strong><br \/>\n                                                        Veeva<br \/>\nBusiness Consulting Leader, LatAm                                                 <\/div>\n<\/p><\/div>\n<\/p><\/div>\n<\/p><\/div>\n<\/p><\/div>\n<\/p><\/div>\n<\/p><\/div>\n<\/p><\/div>\n<div class=\"col-xs-12 listing\">\n<div class=\"col-sm-2 time\">\n<div class=\"gmt-3\">11:55<\/div>\n<div class=\"gmt-4\">10:55<\/div>\n<div class=\"gmt-5\">09:55<\/div>\n<div class=\"gmt-6\">08:55<\/div>\n<div class=\"gmt-7\">07:55<\/div>\n<\/p><\/div>\n<div class=\"col-sm-10 sessions-list-1 sessions-list-1-main blue\">\n<div class=\"agenda-item-with-details\">\n<div class=\"title\">\n<div>Casos de Clientes<\/div>\n<\/p><\/div>\n<div class=\"panel-collapse\">\n<div class=\"box\">\n<h4>Gesti\u00f3n de territorios \u00e1gil y con colaboraci\u00f3n en tiempo real con Veeva Align<br \/>\n                                            <\/h4>\n<p>                                            <!-- \n\n<p>Regeneron details how they drive CRO collaboration and oversight to improve\n                                            key TMF health measurements. Learn how they identify and address bottlenecks\n                                            that impede TMF timeliness. <br \/><i> Location: Lafayette South<\/i><\/p>\n\n --><\/p>\n<div class=\"row agenda-speakers\">\n<div class=\"col-xs-6 mb-15 mt-5 flex-align\" data-toggle=\"modal\"\n                                                    data-target=\"#4-Monica-Shaw\"><br \/>\n                                                 <img decoding=\"async\" src=\"https:\/\/www.veeva.com\/la\/wp-content\/uploads\/2024\/11\/Claudia-Lopez-Bayer.png\"\n                                               alt=\"Claudia Lopez \"> <\/p>\n<div>\n                                            <strong>Claudia Lopez <\/strong><br \/>\n                                                   Bayer<br \/>CRM Manager\n                                                <\/div>\n<\/p><\/div>\n<\/p><\/div>\n<\/p><\/div>\n<\/p><\/div>\n<\/p><\/div>\n<\/div><\/div>\n<div class=\"col-xs-12 listing\">\n<div class=\"col-sm-2 time\">\n<div class=\"gmt-3\">12:20<\/div>\n<div class=\"gmt-4\">11:20<\/div>\n<div class=\"gmt-5\">10:20<\/div>\n<div class=\"gmt-6\">09:20<\/div>\n<div class=\"gmt-7\">08:20<\/div>\n<\/p><\/div>\n<div class=\"col-sm-10 sessions-list-1 sessions-list-1-main blue\">\n<div class=\"agenda-item-with-details\">\n<div class=\"title\">\n<div>Casos de Clientes<\/div>\n<\/p><\/div>\n<div class=\"panel-collapse\">\n<div class=\"box\">\n<h4>El uso de Veeva en la estrat\u00e9gia para detecci\u00f3n de lunares<br \/>\n                                            <\/h4>\n<p>                                            <!-- \n\n<p>Regeneron details how they drive CRO collaboration and oversight to improve\n                                            key TMF health measurements. Learn how they identify and address bottlenecks\n                                            that impede TMF timeliness. <br \/><i> Location: Lafayette South<\/i><\/p>\n\n --><\/p>\n<div class=\"row agenda-speakers\">\n<div class=\"col-xs-6 mb-15 mt-5 flex-align\" data-toggle=\"modal\"\n                                                    data-target=\"#4-Monica-Shaw\"><br \/>\n                                                <img decoding=\"async\" src=\"https:\/\/www.veeva.com\/la\/wp-content\/uploads\/2024\/09\/FOTO2.png\"\n                                               alt=\"Emmanuel Cordovez\"> <\/p>\n<div>\n                                              <strong>Emmanuel Cordovez<\/strong><br \/>\n                                                   L&#8217;Or\u00e9al<br \/>Business Intelligence Manager\n                                                <\/div>\n<\/p><\/div>\n<\/p><\/div>\n<\/p><\/div>\n<\/p><\/div>\n<\/p><\/div>\n<\/div><\/div>\n<div class=\"col-xs-12 listing\">\n<div class=\"col-sm-2 time\">\n<div class=\"gmt-3\">12:45<\/div>\n<div class=\"gmt-4\">11:45<\/div>\n<div class=\"gmt-5\">10:45<\/div>\n<div class=\"gmt-6\">09:45<\/div>\n<div class=\"gmt-7\">08:45<\/div>\n<\/p><\/div>\n<div class=\"col-sm-10 sessions-list-1 sessions-list-1-main orange\">\n<div class=\"agenda-item-with-details\">\n<div class=\"title\">\n<div>Sesi\u00f3n Veeva<\/div>\n<\/p><\/div>\n<div class=\"panel-collapse\">\n<div class=\"box\">\n<h4>Cierre<\/h4>\n<p>                                                <!-- \n\n<p>Regeneron details how they drive CRO collaboration and oversight to improve\n                                            key TMF health measurements. Learn how they identify and address bottlenecks\n                                            that impede TMF timeliness. <br \/><i> Location: Lafayette South<\/i><\/p>\n\n --><\/p>\n<div class=\"row agenda-speakers\">\n<div class=\"col-xs-8 mb-15 mt-5 flex-align\" data-toggle=\"modal\"\n                                                        data-target=\"#4-Monica-Shaw\"><br \/>\n                                                     <img decoding=\"async\" src=\"https:\/\/www.veeva.com\/la\/wp-content\/uploads\/2024\/10\/0099c4bd-bc4f-47ff-b7f8-8520eb012d12-1.jpg\"\n                                                alt=\"Leonardo Perea\"><\/p>\n<div>\n                                                    <strong>Leonardo Perea<\/strong><br \/>\n                                                    Veeva<br \/>\n                                                   Associate Product Manager, Local Solutions, LatAm<\/p><\/div>\n<\/p><\/div>\n<\/p><\/div>\n<\/p><\/div>\n<\/p><\/div>\n<\/p><\/div>\n<\/p><\/div>\n<\/p><\/div>\n<\/p><\/div>\n<\/p><\/div>\n<\/p><\/div>\n<\/p><\/div>\n<\/div>\n<\/div>\n<\/div>\n<\/div>\n<div class=\"modal fade\" id=\"Adriano\">\n<div class=\"modal-dialog modal-lg\">\n<div class=\"modal-content\">\n<div class=\"modal-header text-left\">\n<div class=\"flex-align\">\n        \t\t\t<img decoding=\"async\" style=\"width: 100px;border-radius: 50px;border: 2px solid #db6015;margin-right: 10px\" src=\"https:\/\/www.veeva.com\/br\/wp-content\/uploads\/2022\/03\/Adriano-Vieira_320x320_v2.png\" alt=\"Adriano Vieira\" \/><\/p>\n<p>\n\t\t\t\t\t\t<strong>Adriano Vieira<\/strong><br \/>\n        \t\t\t\tVeeva<br \/>\n        \t\t\t\t General Manager, LatAm \n\t\t\t\t\t<\/p>\n<\/p><\/div>\n<\/p><\/div>\n<div class=\"modal-body text-left\">\n<p>\n\t\tAdriano es el gerente general de Veeva para Am\u00e9rica Latina, responsable por todas sus operaciones en la regi\u00f3n. Tiene cerca de 30 a\u00f1os de experiencia trabajando como proveedor y aliado de empresas de Ciencias de la Salud, en las \u00e1reas de CRM, datos y soluciones de I&#038;D. El \u00e9xito brindado a los clientes a trav\u00e9s de proyectos, el lanzamiento de nuevos productos y servicios y la excelencia del equipo en la ejecuci\u00f3n, y el \u00e9xito de los empleados de Veeva en la regi\u00f3n son su principal raz\u00f3n de satisfacci\u00f3n y motivaci\u00f3n.<br \/>\n<br \/>\nAntes de ingresar a Veeva en 2013, Adriano ocup\u00f3 varias posiciones en Dendrite y despu\u00e9s Cegedim, incluyendo 11 a\u00f1os de gerencia general en M\u00e9xico y en Brasil. Antes de Dendrite, Adriano ocup\u00f3 posiciones t\u00e9cnicas y de gesti\u00f3n en empresas de software y de manufactura de semiconductores.<br \/>\n<br \/>\nAdriano es graduado en ingenier\u00eda electrica por la Pontif\u00edcia Universidade Cat\u00f3lica de Minas Gerais y tiene maestr\u00eda en microelectr\u00f3nica por la Universidade de Campinas, en Brasil.\n\t\t\t\t<\/p>\n<div class=\"sessions mt-20\">\n\t\t\t\t\t<span>SESSIONS<\/span><\/p>\n<hr>\n<p>\n\t\t\t\t\t<strong>Bienvenida<\/p>\n<\/p><\/div>\n<\/p><\/div>\n<\/p><\/div>\n<\/p><\/div>\n<\/div>\n<p><script>\ndocument.addEventListener(\"DOMContentLoaded\", function(){\n    $('#selectTimezones').change(function() {\n        $('.listing .time').children().hide();<\/p>\n<p>        let className = $(this).val();<\/p>\n<p>        $('.' + className).show();\n    });\n});\n<\/script><\/p>\n","protected":false},"excerpt":{"rendered":"<p>Agenda Jueves 14 de noviembre Timezones GMT &#8211; 3 (Argentina, Brasil, Uruguay)GMT &#8211; 4 (Bolivia, Chile, Paraguay, Republica Dominicaca, Venezuela)GMT &#8211; 5 (Colombia, Ecuador, Panam\u00e1, Per\u00fa)GMT &#8211; 6 (Costa Rica, El Salvador, Guatemala, Honduras, M\u00e9xico, Nicaragua)GMT &#8211; 7 (Cuba, Haiti, M\u00e9xico) Plenaria 10:30 09:30 08:30 07:30 06:30 Bienvenida Opening Keynote Adriano Vieira Veeva General Manager,&hellip;<\/p>\n","protected":false},"author":334,"featured_media":58969,"parent":57788,"menu_order":0,"comment_status":"closed","ping_status":"closed","template":"templates\/template-cs-summit-latam-2022.php","meta":{"footnotes":""},"class_list":["post-58977","page","type-page","status-publish","has-post-thumbnail","hentry"],"aioseo_notices":[],"_links":{"self":[{"href":"https:\/\/pantheon.veeva.com\/la\/wp-json\/wp\/v2\/pages\/58977"}],"collection":[{"href":"https:\/\/pantheon.veeva.com\/la\/wp-json\/wp\/v2\/pages"}],"about":[{"href":"https:\/\/pantheon.veeva.com\/la\/wp-json\/wp\/v2\/types\/page"}],"author":[{"embeddable":true,"href":"https:\/\/pantheon.veeva.com\/la\/wp-json\/wp\/v2\/users\/334"}],"replies":[{"embeddable":true,"href":"https:\/\/pantheon.veeva.com\/la\/wp-json\/wp\/v2\/comments?post=58977"}],"version-history":[{"count":15,"href":"https:\/\/pantheon.veeva.com\/la\/wp-json\/wp\/v2\/pages\/58977\/revisions"}],"predecessor-version":[{"id":59001,"href":"https:\/\/pantheon.veeva.com\/la\/wp-json\/wp\/v2\/pages\/58977\/revisions\/59001"}],"up":[{"embeddable":true,"href":"https:\/\/pantheon.veeva.com\/la\/wp-json\/wp\/v2\/pages\/57788"}],"wp:featuredmedia":[{"embeddable":true,"href":"https:\/\/pantheon.veeva.com\/la\/wp-json\/wp\/v2\/media\/58969"}],"wp:attachment":[{"href":"https:\/\/pantheon.veeva.com\/la\/wp-json\/wp\/v2\/media?parent=58977"}],"curies":[{"name":"wp","href":"https:\/\/api.w.org\/{rel}","templated":true}]}}