{"id":59018,"date":"2025-03-06T10:02:32","date_gmt":"2025-03-06T16:02:32","guid":{"rendered":"https:\/\/www.veeva.com\/la\/?page_id=59018"},"modified":"2025-03-13T12:12:22","modified_gmt":"2025-03-13T18:12:22","slug":"pulse","status":"publish","type":"page","link":"https:\/\/pantheon.veeva.com\/la\/products\/pulse\/","title":{"rendered":"Veeva CRM Pulse"},"content":{"rendered":"<style>\n@media (min-width:1200px) {\n.veeva-2024 .z-pattern-products .z-pattern__wrapper, .veeva-2024 .z-pattern-stats .z-pattern__wrapper {\ngap: 0 0rem;\n}\n}\n@media (min-width:768px) {\n.veeva-2024 .hero-centered {\npadding: 120px 0;\n}\n}\n@media (min-width:768px) {\n.veeva-2024 .hero-centered .copy-container p {<\/p>\n<p>font-size: 22px;\n}\n}\n@media (min-width:1200px) {\n.veeva-2024 .listed-up--light {\nmargin: 80px 0;\n}\n}<\/p>\n<p>@media (min-width:1200px) {\n.veeva-2024 .quote-tabs--light {\nmargin: 80px 0;\n}\n}\n@media (min-width:992px) {\n.veeva-2024 .listed-up .copy-container {\nmargin-bottom: 60px;\n}\n}\n.veeva-2024 h4.congress {\n\tfont-size: 36px;\n}\n@media (min-width:768px) {\n\t.veeva-2024 h4.congress {\n\t\tfont-size: 42px;\n\t}\n}\n.veeva-2024  #hero.hero-centered--image {\n\t--mobile-image: url(\/wp-content\/themes\/veeva2015\/assets\/veeva-2024\/background\/suite-hero-mobile.jpg);\n\t--desktop-image: url(\/wp-content\/themes\/veeva2015\/assets\/veeva-2024\/background\/suite-hero-desktop.jpg);\n}\n.veeva-2024 .quote-card__person-info .client-logo {\n\tbackground: hsla(0,0%,100%,.2);\n}<\/p>\n<p>@media (min-width:991px) {\n\t.veeva-2024 .listed-up-impact__cards {\n\t\tgap: 32px;\n\t\tgrid-template-columns: repeat(3,1fr);\n\t}\n}\n@media (min-width:992px) {\n\t.veeva-2024 .quote-card-full--medium-text.top-quote {\n\t\tdisplay: grid;\n\t\tgap: 10%;\n\t\tgrid-template-columns: 1fr 1fr;\n\t}\n}\n.veeva-2024 .quote-card-full--medium-text hr {\n\tborder-color:#000;\n\tmargin:25px 0;\n\tborder-top:1px solid #ccc;\n}<\/p>\n<p>@media (min-width:1200px) {\n\t.veeva-2024 .resource-block__cards.resource-block__cards--gridded-3-up {\n\t\tgrid-template-columns: repeat(2,1fr);\n\t\tmargin: 0 auto;\n\t\tmax-width: 1024px;\n\t}\n}<\/p>\n<p>@media (min-width:992px) {\n\t.veeva-2024 .quote-card-full--medium-text.top-quote {\n\t\tdisplay: grid;\n\t\tgap: 0%;\n\t\tgrid-template-columns: 1fr 1fr;\n\t}\n}\n@media (min-width:992px) {\n\t.veeva-2024 .quote-card-full {\n\t\tmin-height: 480px;\n\t\tpadding: 80px 6%;\n\t}\n}\n.veeva-2024 .quote-card__person-info span {\n\tcolor:#F5670E;\nfont-weight:600;\n}<\/p>\n<p>.veeva-2024 ul {\n\tfont-size: 18px;\n\tlist-style-type:none;<\/p>\n<p>\tmargin-left: -20px;\n}\t\n@media (min-width:768px) {\n\t.veeva-2024 ul {\n\t\tfont-size: 19px;\n\t}\n}<\/p>\n<p>@media (min-width:1400px) {\n\t.veeva-2024 .z-pattern--dark {\n\t\tpadding: 20px 0;\n\t}\n\t.veeva-2024 .sidebar-info-box--stats-sm h4 {\n\t\tfont-size:20px;\n\t\tfont-weight:500;\n\t\tmargin-bottom:10px;\n\t}\n}\n.veeva-2024 .sidebar-info-box--stats-sm {\n\tborder-left: 2px solid #f7981d;\n\tdisplay: block;\n\tflex-direction: column;\n\tgap: 8px;\n\tjustify-content: flex-start;\n\tposition: relative;\n}\n.veeva-2024 .sidebar-info-box--stats-sm {\n\tpadding: 8px 20px;\n}\n@media (min-width:576px) {\n.veeva-2024 .impact-card {\nmax-width: unset;\n}\n}\n@media (min-width:991px) {\n.veeva-2024 .listed-up-impact__cards {\ngap: 62px;\ngrid-template-columns: repeat(3,1fr);\n}\n}\n@media (min-width:1200px) {\n\t.veeva-2024 .listed-up-impact__cards {\n\tgap: 62px;\n\tgrid-template-columns: repeat(3,1fr);\n\tmax-width: 1160px;\n\t}\n}\n@media (min-width:767px) {\n.veeva-2024 .resource-block__cards.resource-block__cards--featured .resource-card:nth-child(2), .veeva-2024 .resource-block__cards.resource-block__cards--featured .resource-card:nth-child(3) {\ngrid-column: span 3;\nmin-height: 150px;\n}\n}\n@media (min-width:767px) {\n.veeva-2024 .resource-block__cards.resource-block__cards--featured .resource-card {\ngrid-column: span 2;\nmin-height: 150px;\n}\n}\n@media (min-width:768px){\n.veeva-2024 .resource-block__cards.resource-block__cards--featured .resource-card:nth-child(2) .resource-card__text .h5, .veeva-2024 .resource-block__cards.resource-block__cards--featured .resource-card:nth-child(2) .resource-card__text h5, .veeva-2024 .resource-block__cards.resource-block__cards--featured .resource-card:nth-child(3) .resource-card__text .h5, .veeva-2024 .resource-block__cards.resource-block__cards--featured .resource-card:nth-child(3) .resource-card__text h5 {\nfont-size: 16px;\n}\n}\n@media (min-width:992px){\n.veeva-2024 .resource-block__cards.resource-block__cards--featured .resource-card:nth-child(2) .resource-card__text .h5, .veeva-2024 .resource-block__cards.resource-block__cards--featured .resource-card:nth-child(2) .resource-card__text h5, .veeva-2024 .resource-block__cards.resource-block__cards--featured .resource-card:nth-child(3) .resource-card__text .h5, .veeva-2024 .resource-block__cards.resource-block__cards--featured .resource-card:nth-child(3) .resource-card__text h5 {\nfont-size: 20px;\n}\n}\n\/* START TABLE *\/<\/p>\n<p>.table-responsive table {\n\tborder-collapse: inherit;\n\tfont-family: Poppins, sans-serif;\n\t-webkit-border-horizontal-spacing: 0px;\n\t-webkit-border-vertical-spacing: 0px;\n}<\/p>\n<p>.table-responsive table.table thead th {\n\tborder-left: 1px solid #000000;\n\tborder-top: 1px solid #000000;\n\tcolor: #000000;\n\tfont-weight: 600;\n\tfont-size: 18px;\n\tline-height: 22px;\n\tletter-spacing: -0.6px;\n\tpadding: 12px 12px;\n\ttext-align: center;\n\tvertical-align: middle;\n}<\/p>\n<p>.table-responsive table.table thead tr:first-child th:not(:last-child),\n.table-responsive table.table thead tr:nth-child(2) th {\n\tborder-bottom: 3px solid #000000;\n}<\/p>\n<p>.table-responsive .table > thead > tr > th {\n\tborder-bottom: none;\n}<\/p>\n<p>.table-responsive table.table tbody td {\n\tborder-left: 1px solid #000000;\n\tborder-top: 0px solid #000000;\n\tborder-bottom: 1px solid #000000;\n\tcolor: #000000;\n\tfont-weight: 400;\n\tfont-size: 18px;\n\tline-height: 22px;\n\tletter-spacing: -0.6px;\n\tpadding: 12px 12px;\n\ttext-align: center;\n\tvertical-align: middle;\n}<\/p>\n<p>.table-responsive table.table > thead:first-child > tr:first-child > th {\n\tborder-top: 3px solid #000000;\n}<\/p>\n<p>.table-responsive table.table tr:first-child th:first-child,\n.table-responsive table.table tr td:first-child {\n\tborder-left: 3px solid #000000;\n}<\/p>\n<p>.table-responsive table.table tr th:last-child,\n.table-responsive table.table tr td:last-child {\n\tborder-right: 3px solid #000000;\n}<\/p>\n<p>.table-responsive table.table tbody tr:last-child td {\n\tborder-bottom: 3px solid #000000;\n}<\/p>\n<p>.table-responsive thead:first-child tr:first-child th:first-of-type {\n  border-top-left-radius: 20px;\n}<\/p>\n<p>.table-responsive thead:first-child tr:first-child th:last-of-type {\n  border-top-right-radius: 20px;\n}<\/p>\n<p>.table-responsive tbody tr:last-of-type td:first-of-type {\n  border-bottom-left-radius: 20px;\n}<\/p>\n<p>.table-responsive tbody tr:last-of-type td:last-of-type {\n  border-bottom-right-radius: 20px;\n}<\/p>\n<p>.table-responsive table tbody tr:nth-child(even) {\n\tbackground-color: #ebebeb;\n}<\/p>\n<p>.table-responsive table tfoot {\n\tempty-cells: hide;\n}<\/p>\n<p>.table-responsive table tfoot th {\n\tborder: none;\n\theight: 90px;\n\tfont-size: 18px;\n\tline-height: 22px;\n\tpadding: 0 25px 20px 25px !important;\n\tposition: relative;\n\ttext-align: center;\n\tvertical-align: middle;\n}<\/p>\n<p>.table-responsive table tfoot th[colspan]:after {\n\tbackground-image: linear-gradient(180.39deg, #F7981D -90.78%, rgba(247, 152, 29, 0) 83.22%);\n\tcontent: '';\n\tdisplay: block;\n\tposition: absolute;\n\ttop: 0;\n\tbottom: 0;\n\tleft: 15px;\n\tright: 15px;\n\tz-index: -1;\n}<\/p>\n<p>.table-responsive table.table > tfoot > tr > th:last-child,\n.table-responsive table.table > tfoot > tr:first-child > th:first-child {\n\tborder: none;\n}<\/p>\n<p>@media screen and (max-width: 767px) {\n\t.table-responsive {\n\t\tborder: none;\n\t}<\/p>\n<p>\t.table-responsive table.table thead th {\n\t\tfont-size: 14px;\n\t\tline-height: 18px;\n\t\tpadding: 10px 8px;\n\t}<\/p>\n<p>\t.table-responsive table.table tbody td {\n\t\tfont-size: 14px;\n\t\tline-height: 18px;\n\t\tpadding: 10px 8px;\n\t}<\/p>\n<p>\t.table-responsive table tbody td.wrap-mobile {\n\t\twhite-space: break-spaces;\n\t}<\/p>\n<p>\t.table-responsive table tfoot th {\n\t\tfont-size: 16px;\n\t\theight: 75px;\n\t\tline-height: 20px;\n\t}\n}<\/p>\n<\/style>\n<div class=\"veeva-2024\">\n<div id=\"\">\n<section id=\"hero\" class=\"hero-centered hero-centered--image\">\n<div class=\"container copy-container copy-container--center\">\n<h6>Veeva CRM Pulse<\/h6>\n<h1>Veeva CRM Pulse da Acceso a datos  del Profesional de la Salud para mejorar la segmentaci\u00f3n y  focalizaci\u00f3n<\/h1>\n<p>El conjunto de datos m\u00e1s completo, oportuno, preciso y detallado para el acceso de HCPs , que se entrega trimestralmente.\n<\/p>\n<\/p><\/div>\n<\/section>\n<section class=\"listed-up listed-up-impact listed-up--light\">\n<div class=\"copy-container container copy-container--center copy-container--eyebrow-gradient\">\n<h3>Datos de acceso de HCPs a nivel de Brick para 21 pa\u00edses<br \/>\n<\/h3>\n<p>Los datos exclusivos de acceso de profesionales de la salud y de interacci\u00f3n multicanal de CRM Pulse brindan un valor inmediato en la segmentaci\u00f3n, la focalizaci\u00f3n y la planificaci\u00f3n de la interacci\u00f3n.<\/p>\n<\/p><\/div>\n<div class=\"listed-up-impact__cards container\">\n\t\t<!-- [1-4x] --><\/p>\n<div class=\"impact-card impact-card-linkout\">\n<h5>Censo de la <br \/>industria real<\/h5>\n<p>Basado en el uso global de la suite CRM l\u00edder de Veeva para obtener los datos de acceso de profesionales de la salud m\u00e1s completos, oportunos y precisos\n<\/p>\n<\/p><\/div>\n<div class=\"impact-card impact-card-linkout\">\n<h5>Cobertura <br \/> inigualable<\/h5>\n<p>M\u00e9tricas de acceso y participaci\u00f3n por canal para m\u00e1s de 3 millones de profesionales de la salud, 102 especialidades, 21 pa\u00edses<\/p>\n<\/p><\/div>\n<div class=\"impact-card impact-card-linkout\">\n<h5>Agregaci\u00f3n a nivel de Brick<br \/> para privacidad<br \/>\n<\/h5>\n<p>Las m\u00e9tricas de HCP se segmentan y agregan por pa\u00eds, especialidad y brick para la privacidad de los datos<\/p>\n<\/p><\/div>\n<p>\t\t<!-- [] -->\n\t  <\/div>\n<\/section>\n<p>\t<!-- Quote Block  --><\/p>\n<section id=\"quote\" class=\"quote-tabs quote-tabs--light bg-transparent\">\n<div class=\"quote-tabs__content\">\n<div class=\"container\">\n<div class=\"quote-card quote-card-full quote-card-full quote-card-full--medium-text top-quote\">\n<div class=\"quote-card__quote-wrapper\">\n<h3 style=\"padding-right:40px\">C\u00f3mo utilizan los equipos comerciales los datos de CRM Pulse<\/p>\n<\/h3><\/div>\n<div class=\"quote-card__person-info\">\n<ul>\n<li>\tDetectando <span>errores y brechas en los procesos de targeting e interacci\u00f3n<\/span> compar\u00e1ndolos con los promedios de la industria<\/li>\n<hr>\n<li>\tSaber qu\u00e9 HCPs los reps <span>deber\u00edan ver pero no lo hacen<\/span><\/li>\n<hr>\n<li>\tSaber qu\u00e9 HCPs los reps <span>no deber\u00edan ver<\/span><\/li>\n<hr>\n<li>\tIdentificar los mejores <span>canales y frecuencias<\/span> de interacci\u00f3n\n <\/li>\n<hr>\n<li> Entender la <span>productividad del equipo de campo en comparaci\u00f3n con la industria<\/span><\/li>\n<\/ul><\/div>\n<\/p><\/div>\n<\/p><\/div>\n<\/p><\/div>\n<\/p><\/div>\n<\/section>\n<section class=\"listed-up listed-up-impact listed-up--light\">\n<div class=\"copy-container container copy-container--center copy-container--eyebrow-gradient\" style=\"margin-bottom:30px;\">\n<h3 style=\"margin-bottom:50px\">Su Suscripci\u00f3n trimestral a Veeva CRM Pulse Data<\/h3>\n<h6 style=\"font-size:26px\">Datos de HCP en Brick-level (trimestrales)<br \/>\n<\/h6>\n<p>Compare su empresa con la industria.<\/p>\n<\/p><\/div>\n<div class=\"copy-container container copy-container--left copy-container--eyebrow-gradient\">\n<div class=\"table-responsive\"  style=\"text-align:center\">\n<table class=\"table\"  style=\"margin:auto\">\n<thead>\n<tr>\n<th scope=\"col\" rowspan=\"2\">HCP Name<\/th>\n<th scope=\"col\" rowspan=\"2\">National ID<\/th>\n<th scope=\"col\" rowspan=\"2\">Country<\/th>\n<th scope=\"col\" rowspan=\"2\">Specialty<\/th>\n<th scope=\"col\" rowspan=\"2\">Brick ID<\/th>\n<th scope=\"col\" rowspan=\"2\" style=\"min-width:100px;\">Date Range<\/th>\n<th scope=\"col\" colspan=\"5\">Brick Average<\/th>\n<\/tr>\n<tr>\n<th scope=\"col\">Calls<\/th>\n<th scope=\"col\">Video Calls<\/th>\n<th scope=\"col\">Sent Emails<\/th>\n<th scope=\"col\">Opened Emails<\/th>\n<th scope=\"col\">Companies With Access<\/th>\n<\/tr>\n<\/thead>\n<tbody>\n<tr>\n<td>Joseph<\/td>\n<td>8964965428<\/td>\n<td>US<\/td>\n<td>Oncologist<\/td>\n<td>3949320<\/td>\n<td>Q4-2024<\/td>\n<td>45.6<\/td>\n<td>3.4<\/td>\n<td>21<\/td>\n<td>2.8<\/td>\n<td>10.6<\/td>\n<\/tr>\n<tr>\n<td>Kimberly<\/td>\n<td>2317860487<\/td>\n<td>US<\/td>\n<td>Oncologist<\/td>\n<td>3949320<\/td>\n<td>Q4-2024<\/td>\n<td>45.6<\/td>\n<td>3.4<\/td>\n<td>21<\/td>\n<td>2.8<\/td>\n<td>10.6<\/td>\n<\/tr>\n<tr>\n<td>Marie<\/td>\n<td>4467006016<\/td>\n<td>US<\/td>\n<td>Oncologist<\/td>\n<td>3949320<\/td>\n<td>Q4-2024<\/td>\n<td>45.6<\/td>\n<td>3.4<\/td>\n<td>21<\/td>\n<td>2.8<\/td>\n<td>10.6<\/td>\n<\/tr>\n<tr>\n<td>Harry<\/td>\n<td>1657986464<\/td>\n<td>US<\/td>\n<td>Oncologist<\/td>\n<td>3949320<\/td>\n<td>Q4-2024<\/td>\n<td>45.6<\/td>\n<td>3.4<\/td>\n<td>21<\/td>\n<td>2.8<\/td>\n<td>10.6<\/td>\n<\/tr>\n<tr>\n<td>Cecelia<\/td>\n<td>5128984031<\/td>\n<td>US<\/td>\n<td>Oncologist<\/td>\n<td>3949320<\/td>\n<td>Q4-2024<\/td>\n<td>45.6<\/td>\n<td>3.4<\/td>\n<td>21<\/td>\n<td>2.8<\/td>\n<td>10.6<\/td>\n<\/tr>\n<\/tbody>\n<tfoot>\n<tr>\n<th colspan=\"5\">Informaci\u00f3n HCP<\/th>\n<th><\/th>\n<th colspan=\"4\">Interacci\u00f3n con la industria<\/th>\n<th colspan=\"1\">Acceso a la empresa<\/th>\n<\/tr>\n<\/tfoot>\n<\/table><\/div>\n<\/p><\/div>\n<div class=\"copy-container container copy-container--center copy-container--eyebrow-gradient\" style=\"margin-bottom:30px;\">\n<h6 style=\"font-size:26px\">Ejemplo de reporte de datos productivos de la industria de los Estados Unidos (trimestral)<br \/>\n<\/h6>\n<\/p><\/div>\n<div class=\"copy-container container copy-container--left copy-container--eyebrow-gradient\">\n<div class=\"table-responsive\">\n<table class=\"table\">\n<thead>\n<tr>\n<th scope=\"col\" rowspan=\"2\">Country<\/th>\n<th scope=\"col\" rowspan=\"2\" style=\"min-width:100px;\">Date Range<\/th>\n<th scope=\"col\" rowspan=\"2\" style=\"min-width:110px;\">Type<\/th>\n<th scope=\"col\" colspan=\"6\">Industry Rep Average<\/th>\n<\/tr>\n<tr>\n<th scope=\"col\">Calls<\/th>\n<th scope=\"col\">CLM Calls<\/th>\n<th scope=\"col\">Video Calls<\/th>\n<th scope=\"col\">Video CLM Calls<\/th>\n<th scope=\"col\">Sent Emails<\/th>\n<th scope=\"col\">Opened Emails<\/th>\n<\/tr>\n<\/thead>\n<tbody>\n<tr>\n<td>US<\/td>\n<td>Q4-2024<\/td>\n<td class=\"wrap-mobile\">Weekly Average 80th Percentile Rep<\/td>\n<td>33.6<\/td>\n<td>17.7<\/td>\n<td>0.2<\/td>\n<td>0<\/td>\n<td>7.5<\/td>\n<td>3.8<\/td>\n<\/tr>\n<tr>\n<td>US<\/td>\n<td>Q4-2024<\/td>\n<td class=\"wrap-mobile\">Weekly Average per Rep<\/td>\n<td>22.4<\/td>\n<td>8.5<\/td>\n<td>0.4<\/td>\n<td>0.1<\/td>\n<td>7.9<\/td>\n<td>1.9<\/td>\n<\/tr>\n<tr>\n<td>US<\/td>\n<td>Q4-2024<\/td>\n<td class=\"wrap-mobile\">Weekly Average 20th Percentile Rep<\/td>\n<td>5.3<\/td>\n<td>0<\/td>\n<td>0<\/td>\n<td>0<\/td>\n<td>0<\/td>\n<td>0.2<\/td>\n<\/tr>\n<\/tbody>\n<tfoot>\n<tr>\n<th><\/th>\n<th><\/th>\n<th><\/th>\n<th colspan=\"6\">Rep Productividad por canal<\/th>\n<\/tr>\n<\/tfoot>\n<\/table><\/div>\n<\/p><\/div>\n<\/section>\n<p>\t  <!-- Exceed the Likely Outcome Start &#x2705; --><\/p>\n<section class=\"z-pattern z-pattern-stats z-pattern--dark section-rounded\" id=\"proven-results\">\n<div style=\"padding:0 20px;\" class=\"z-pattern__wrapper container\">\n<div class=\"z-pattern__inner\">\n<div class=\"copy-container copy-container--eyebrow-gradient\">\n<h3>Datos seguros y confidenciales para 21 pa\u00edses<\/h3>\n<p style=\"max-width:800px\">Pulse est\u00e1 disponible para los clientes de CRM de Veeva, tiene licencia por regi\u00f3n y se entrega trimestralmente.\n<\/p>\n<\/p><\/div>\n<div class=\"z-pattern__image\">\n<div class=\"z-pattern__image-wrapper d-none d-lg-block\">\n\t\t\t\t<img decoding=\"async\" src=\"https:\/\/www.veeva.com\/wp-content\/themes\/veeva2015\/assets\/veeva-2024\/home\/globe.png\" alt=\"\"\n\t\t\t\t  style=\"object-fit: contain;height:unset\" \/>\n\t\t\t  <\/div>\n<\/p><\/div>\n<div class=\"z-pattern__content z-pattern__subgrid\">\n\t\t\t  <!-- [1-4x] --><\/p>\n<div class=\"sidebar-info-box sidebar-info-box--stats-sm\">\n<h4>Estados Unidos<\/h4>\n<\/p><\/div>\n<div class=\"sidebar-info-box sidebar-info-box--stats-sm\">\n<h4>Am\u00e9rica Latina<\/h4>\n<p>Brasil, M\u00e9xico<\/p>\n<\/p><\/div>\n<div class=\"sidebar-info-box sidebar-info-box--stats-sm\">\n<h4>Canad\u00e1<\/h4>\n<\/p><\/div>\n<div class=\"sidebar-info-box sidebar-info-box--stats-sm\">\n<h4>Asia Pac\u00edfico<\/h4>\n<p>Australia, Nueva Zelanda, Singapur, Corea del Sur, Taiw\u00e1n<\/p>\n<\/p><\/div>\n<div class=\"sidebar-info-box sidebar-info-box--stats-sm\">\n<h4>Europa<\/h4>\n<p>Alemania, Reino Unido, Francia, Italia, Espa\u00f1a, Portugal, Austria, Suiza, Pa\u00edses Bajos, B\u00e9lgica, Irlanda, Hungr\u00eda<\/p>\n<\/p><\/div>\n<p>\t\t\t  <!-- \n\n<div class=\"sidebar-info-box sidebar-info-box--stats-sm\">\n\t\t\t\t\n\n<h4>Disponibilidad prevista para 2026<\/h4>\n\n\n\t\t\t\t\n\n<p>Indonesia, Jap\u00f3n, Malasia, Filipinas, Tailandia, Vietnam<\/p>\n\n\n\t\t\t  <\/div>\n\n--><br \/>\n\t\t\t  <!-- [] -->\n\t\t\t<\/div>\n<\/p><\/div>\n<\/p><\/div>\n<\/section>\n<section class=\"resource-block-featured resource-block-featured--light section-contained-width--xl\" id=\"resource-block-0\">\n<div class=\"container\">\n<div class=\"copy-container copy-container--center copy-container--eyebrow-gradient\" style=\"margin-bottom:60px\">\n<h3>Recursos<\/h3>\n<\/p><\/div>\n<div class=\"resource-block__cards resource-block__cards--featured resource-block__cards--featured--6\">\n<p>          <a class=\"d-none resource-card resource-card--mobile-show-logo\"><\/p>\n<p>          <\/a><br \/>\n          <a target=\"_blank\" class=\"resource-card resource-card--mobile-show-logo\" href=\"https:\/\/www.veeva.com\/wp-content\/uploads\/2025\/03\/Veeva-Simple-Product-Sheet-Pulse.pdf?\" rel=\"noopener\"><\/p>\n<div class=\"resource-card__text\">\n<div class=\"resource-chip\" style=\"margin-top:20px;\">Product Sheet<\/div>\n<h5>Veeva CRM Pulse Product Sheet<\/h5>\n<div class=\"resource-card__cta button-text-link button-text-link--black\">\n                <span class=\"label\">Download Product Sheet <span class=\"glyphicon glyphicon-new-window\" style=\"font-size:10px;top:-4px;\"><\/span><\/span><br \/>\n                <span class=\"underline\"><\/span>\n              <\/div>\n<div class=\"resource-card--featured__logo client-logo d-none\">\n                <img decoding=\"async\" src=\"https:\/\/www.veeva.com\/wp-content\/uploads\/2025\/01\/veeva.png\" alt=\"Veeva\">\n              <\/div>\n<\/p><\/div>\n<div class=\"resource-card__media d-none\">\n            <\/div>\n<p>          <\/a><br \/>\n          <a class=\"resource-card resource-card--mobile-show-logo\" href=\"https:\/\/www.veeva.com\/resources\/veeva-commercial-pulse-improves-segmentation-and-targeting-with-brick-level-hcp-access-data-for-21-countries\/\"><\/p>\n<div class=\"resource-card__text\">\n<div class=\"resource-chip\" style=\"margin-top:20px;\">Press Release<\/div>\n<h5>Pulse Improves Segmentation and Targeting with HCP Access Data for 21 Countries<\/h5>\n<div class=\"resource-card__cta button-text-link button-text-link--black\">\n                <span class=\"label\">Read Press Release <span class=\"glyphicon glyphicon-new-window\" style=\"font-size:10px;top:-4px;\"><\/span><\/span><br \/>\n                <span class=\"underline\"><\/span>\n              <\/div>\n<div class=\"resource-card--featured__logo client-logo d-none\">\n                <img decoding=\"async\" src=\"https:\/\/www.veeva.com\/wp-content\/uploads\/2025\/01\/veeva.png\" alt=\"Veeva\">\n              <\/div>\n<\/p><\/div>\n<div class=\"resource-card__media d-none\">\n            <\/div>\n<p>          <\/a><br \/>\n           <a class=\"resource-card resource-card--mobile-show-logo\" href=\"https:\/\/www.veeva.com\/resources\/veeva-pulse-field-trends-report\/\"><\/p>\n<div class=\"resource-card__text\">\n<div class=\"resource-chip\" style=\"margin-top:20px;\">Report<\/div>\n<h5>Trends Improving HCP Engagement and Accelerating Treatment Adoption<\/h5>\n<div class=\"resource-card__cta button-text-link button-text-link--black\">\n                <span class=\"label\">See Pulse Field Trends Report  <span class=\"glyphicon glyphicon-new-window\" style=\"font-size:10px;top:-4px;\"><\/span><\/span><br \/>\n                <span class=\"underline\"><\/span>\n              <\/div>\n<div class=\"resource-card--featured__logo client-logo d-none\">\n                <img decoding=\"async\" src=\"https:\/\/www.veeva.com\/wp-content\/uploads\/2025\/01\/veeva.png\" alt=\"Veeva\">\n              <\/div>\n<\/p><\/div>\n<div class=\"resource-card__media d-none\">\n            <\/div>\n<p>          <\/a><br \/>\n          <a class=\"resource-card resource-card--mobile-show-logo\" href=\"https:\/\/www.veeva.com\/resources\/veeva-pulse-field-trends-report-1q24\/\"><\/p>\n<div class=\"resource-card__text\">\n<div class=\"resource-chip\" style=\"margin-top:20px;\">Report<\/div>\n<h5>As Access Declines, Connected Engagement Creates an Edge<\/h5>\n<div class=\"resource-card__cta button-text-link button-text-link--black\">\n                <span class=\"label\">See Pulse Field Trends Report  <span class=\"glyphicon glyphicon-new-window\" style=\"font-size:10px;top:-4px;\"><\/span><\/span><br \/>\n                <span class=\"underline\"><\/span>\n              <\/div>\n<div class=\"resource-card--featured__logo client-logo d-none\">\n                <img decoding=\"async\" src=\"https:\/\/www.veeva.com\/wp-content\/uploads\/2025\/01\/veeva.png\" alt=\"Veeva\">\n              <\/div>\n<\/p><\/div>\n<div class=\"resource-card__media d-none\">\n            <\/div>\n<p>          <\/a>\n        <\/div>\n<\/p><\/div>\n<\/section>\n<p>\t<!-- Pre-Footer CTA --><\/p>\n<section class=\"hero-contained hero-contained--gradient hero-contained--footer-fix\">\n<div class=\"copy-container container copy-container--center\">\n<h3>Mejore su segmentaci\u00f3n y su orientaci\u00f3n<br \/>con Veeva CRM Pulse Data<\/h3>\n<div class=\"copy-container__buttons\">\n\t\t  <a class=\"button-primary button-primary--gradient\" href=\"\/contact-us\/\">Cont\u00e1ctenos<\/a>\n\t\t<\/div>\n<\/p><\/div>\n<\/section><\/div>\n<p><\/main><\/p>\n","protected":false},"excerpt":{"rendered":"<p>The most complete, timely, accurate, and detailed data set for HCP access \u2013 delivered quarterly.<\/p>\n","protected":false},"author":217,"featured_media":0,"parent":20394,"menu_order":0,"comment_status":"closed","ping_status":"closed","template":"templates\/veeva-2024.full-page.php","meta":{"footnotes":""},"class_list":["post-59018","page","type-page","status-publish","hentry"],"aioseo_notices":[],"_links":{"self":[{"href":"https:\/\/pantheon.veeva.com\/la\/wp-json\/wp\/v2\/pages\/59018"}],"collection":[{"href":"https:\/\/pantheon.veeva.com\/la\/wp-json\/wp\/v2\/pages"}],"about":[{"href":"https:\/\/pantheon.veeva.com\/la\/wp-json\/wp\/v2\/types\/page"}],"author":[{"embeddable":true,"href":"https:\/\/pantheon.veeva.com\/la\/wp-json\/wp\/v2\/users\/217"}],"replies":[{"embeddable":true,"href":"https:\/\/pantheon.veeva.com\/la\/wp-json\/wp\/v2\/comments?post=59018"}],"version-history":[{"count":11,"href":"https:\/\/pantheon.veeva.com\/la\/wp-json\/wp\/v2\/pages\/59018\/revisions"}],"predecessor-version":[{"id":59068,"href":"https:\/\/pantheon.veeva.com\/la\/wp-json\/wp\/v2\/pages\/59018\/revisions\/59068"}],"up":[{"embeddable":true,"href":"https:\/\/pantheon.veeva.com\/la\/wp-json\/wp\/v2\/pages\/20394"}],"wp:attachment":[{"href":"https:\/\/pantheon.veeva.com\/la\/wp-json\/wp\/v2\/media?parent=59018"}],"curies":[{"name":"wp","href":"https:\/\/api.w.org\/{rel}","templated":true}]}}