{"id":59350,"date":"2025-06-24T13:55:45","date_gmt":"2025-06-24T18:55:45","guid":{"rendered":"https:\/\/www.veeva.com\/la\/?page_id=59350"},"modified":"2025-08-01T12:36:45","modified_gmt":"2025-08-01T17:36:45","slug":"leadership-latam","status":"publish","type":"page","link":"https:\/\/pantheon.veeva.com\/la\/leadership\/leadership-latam\/","title":{"rendered":"Liderazgo Latam"},"content":{"rendered":"<style>\n.veeva-2024 .hero-centered {\npadding: 100px 0 60px 0;\n}<\/p>\n<p>@media (min-width:768px){\n.veeva-2024 .hero-centered {\npadding: 150px 0 100px 0;\n}\n}\n@media (min-width:1400px) {\n.veeva-2024 .team-cards--light {\nmargin: 100px 0;\n}\n}\n<\/style>\n<p><main class=\"veeva-2024\"><\/p>\n<div id=\"resource-detail\">\n<section class=\"hero-centered hero-centered--logo\">\n<div class=\"container copy-container copy-container--center copy-container--eyebrow-gradient\">\n\t\t\t<!-- \n\n<h6> Lideran\u00e7a <\/h6>\n\n--><\/p>\n<h1> Liderazgo Latam<\/h1>\n<\/p><\/div>\n<\/section>\n<\/div>\n<section class=\"team-cards team-cards--light\">\n<div class=\"container\">\n<div class=\"team-cards__grid wp-block-veeva-veeva-teams\">\n<div class=\"team-card wp-block-veeva-team-member\" aria-label=\"\">\n<div class=\"team-card__header\">\n<div class=\"team-card__headshot\">\n\t\t\t\t\t\t<img fetchpriority=\"high\" decoding=\"async\" width=\"500\" height=\"500\" src=\"https:\/\/www.veeva.com\/br\/wp-content\/uploads\/2016\/12\/Adriano-Vieira_320x320_v2.png\" class=\"attachment-full size-full\" alt=\"\">\n\t\t\t\t\t<\/div>\n<div class=\"team-card__content\">\n<h3 class=\"team-card__name\">Adriano Vieira<\/h3>\n<p class=\"team-card__title\">General Manager, Latin America<\/p>\n<p class=\"team-card__tenure\">12 A\u00f1os en Veeva<\/p>\n<p>\t\t\t\t\t\t<a href=\"https:\/\/br.linkedin.com\/in\/adrianofachinivieira\" class=\"team-card__social\" rel=\"noopener\" target=\"_blank\"><br \/>\n\t\t\t\t\t\t<svg xmlns=\"http:\/\/www.w3.org\/2000\/svg\" width=\"32\" height=\"32\" fill=\"#0A66C2\" viewBox=\"0 0 16 16\" aria-hidden=\"true\">\n\t\t\t\t\t\t\t<path d=\"M0 1.146C0 .513.526 0 1.175 0h13.65C15.474 0 16 .513 16 1.146v13.708c0 .633-.526 1.146-1.175 1.146H1.175C.526 16 0 15.487 0 14.854zm4.943 12.248V6.169H2.542v7.225zm-1.2-8.212c.837 0 1.358-.554 1.358-1.248-.015-.709-.52-1.248-1.342-1.248S2.4 3.226 2.4 3.934c0 .694.521 1.248 1.327 1.248zm4.908 8.212V9.359c0-.216.016-.432.08-.586.173-.431.568-.878 1.232-.878.869 0 1.216.662 1.216 1.634v3.865h2.401V9.25c0-2.22-1.184-3.252-2.764-3.252-1.274 0-1.845.7-2.165 1.193v.025h-.016l.016-.025V6.169h-2.4c.03.678 0 7.225 0 7.225z\"><\/path>\n\t\t\t\t\t\t<\/svg><br \/>\n\t\t\t\t\t\t<\/a>\n\t\t\t\t\t<\/div>\n<\/p><\/div>\n<p class=\"team-card__description\">Adriano es el gerente general de Veeva para Am\u00e9rica Latina, responsable por todas sus operaciones en la regi\u00f3n.<\/p>\n<\/p><\/div>\n<div class=\"team-card wp-block-veeva-team-member\" aria-label=\"\">\n<div class=\"team-card__header\">\n<div class=\"team-card__headshot\">\n\t\t\t\t\t\t<img loading=\"lazy\" decoding=\"async\" width=\"500\" height=\"500\" src=\"https:\/\/www.veeva.com\/br\/wp-content\/uploads\/2021\/09\/Leo-Oliveira_320x320_v2.jpg\" class=\"attachment-full size-full\" alt=\"\">\n\t\t\t\t\t<\/div>\n<div class=\"team-card__content\">\n<h3 class=\"team-card__name\">Leo Oliveira<\/h3>\n<p class=\"team-card__title\">Director, R&#038;D, Latin America<\/p>\n<p class=\"team-card__tenure\">12 A\u00f1os en Veeva<\/p>\n<p>\t\t\t\t\t\t<a href=\"https:\/\/br.linkedin.com\/in\/leomco\" class=\"team-card__social\" rel=\"noopener\" target=\"_blank\"><br \/>\n\t\t\t\t\t\t<svg xmlns=\"http:\/\/www.w3.org\/2000\/svg\" width=\"32\" height=\"32\" fill=\"#0A66C2\" viewBox=\"0 0 16 16\" aria-hidden=\"true\">\n\t\t\t\t\t\t\t<path d=\"M0 1.146C0 .513.526 0 1.175 0h13.65C15.474 0 16 .513 16 1.146v13.708c0 .633-.526 1.146-1.175 1.146H1.175C.526 16 0 15.487 0 14.854zm4.943 12.248V6.169H2.542v7.225zm-1.2-8.212c.837 0 1.358-.554 1.358-1.248-.015-.709-.52-1.248-1.342-1.248S2.4 3.226 2.4 3.934c0 .694.521 1.248 1.327 1.248zm4.908 8.212V9.359c0-.216.016-.432.08-.586.173-.431.568-.878 1.232-.878.869 0 1.216.662 1.216 1.634v3.865h2.401V9.25c0-2.22-1.184-3.252-2.764-3.252-1.274 0-1.845.7-2.165 1.193v.025h-.016l.016-.025V6.169h-2.4c.03.678 0 7.225 0 7.225z\"><\/path>\n\t\t\t\t\t\t<\/svg><br \/>\n\t\t\t\t\t\t<\/a>\n\t\t\t\t\t<\/div>\n<\/p><\/div>\n<p class=\"team-card__description\">Leo Oliveira es responsable de las operaciones de R&#038;D en Am\u00e9rica Latina<\/p>\n<\/p><\/div>\n<div class=\"team-card wp-block-veeva-team-member\" aria-label=\"\">\n<div class=\"team-card__header\">\n<div class=\"team-card__headshot\">\n\t\t\t\t\t\t<img loading=\"lazy\" decoding=\"async\" width=\"500\" height=\"500\" src=\"https:\/\/www.veeva.com\/br\/wp-content\/uploads\/2021\/09\/Paulo-H_320x320.jpeg\" class=\"attachment-full size-full\" alt=\"\">\n\t\t\t\t\t<\/div>\n<div class=\"team-card__content\">\n<h3 class=\"team-card__name\">Paulo Garcia<\/h3>\n<p class=\"team-card__title\">Practice Director, Commercial Services, Latin America<\/p>\n<p class=\"team-card__tenure\">10 A\u00f1os en Veeva<\/p>\n<p>\t\t\t\t\t\t<a href=\"http:\/\/br.linkedin.com\/in\/paulohenriquegarcia\/\" class=\"team-card__social\" rel=\"noopener\" target=\"_blank\"><br \/>\n\t\t\t\t\t\t<svg xmlns=\"http:\/\/www.w3.org\/2000\/svg\" width=\"32\" height=\"32\" fill=\"#0A66C2\" viewBox=\"0 0 16 16\" aria-hidden=\"true\">\n\t\t\t\t\t\t<path d=\"M0 1.146C0 .513.526 0 1.175 0h13.65C15.474 0 16 .513 16 1.146v13.708c0 .633-.526 1.146-1.175 1.146H1.175C.526 16 0 15.487 0 14.854zm4.943 12.248V6.169H2.542v7.225zm-1.2-8.212c.837 0 1.358-.554 1.358-1.248-.015-.709-.52-1.248-1.342-1.248S2.4 3.226 2.4 3.934c0 .694.521 1.248 1.327 1.248zm4.908 8.212V9.359c0-.216.016-.432.08-.586.173-.431.568-.878 1.232-.878.869 0 1.216.662 1.216 1.634v3.865h2.401V9.25c0-2.22-1.184-3.252-2.764-3.252-1.274 0-1.845.7-2.165 1.193v.025h-.016l.016-.025V6.169h-2.4c.03.678 0 7.225 0 7.225z\"><\/path>\n\t\t\t\t\t\t<\/svg><br \/>\n\t\t\t\t\t\t<\/a>\n\t\t\t\t\t<\/div>\n<\/p><\/div>\n<p class=\"team-card__description\">Paulo es el responsable por el equipo de consultoria de implementaci\u00f3n y tambi\u00e9n del equipo de post implementaci\u00f3n.<\/p>\n<\/p><\/div>\n<\/p><\/div>\n<\/p><\/div>\n<\/section>\n<p><\/main><\/p>\n","protected":false},"excerpt":{"rendered":"<p>Liderazgo Latam Adriano Vieira General Manager, Latin America Adriano es el gerente general de Veeva para Am\u00e9rica Latina, responsable por todas sus operaciones en la regi\u00f3n. Leo Oliveira Director, R&#038;D, Latin America Leo Oliveira es responsable de las operaciones de R&#038;D en Am\u00e9rica Latina Paulo Garcia Practice Director, Commercial Services, Latin America Paulo es el&hellip;<\/p>\n","protected":false},"author":80,"featured_media":0,"parent":15570,"menu_order":0,"comment_status":"closed","ping_status":"closed","template":"templates\/veeva-2024.full-page.php","meta":{"footnotes":""},"class_list":["post-59350","page","type-page","status-publish","hentry"],"aioseo_notices":[],"_links":{"self":[{"href":"https:\/\/pantheon.veeva.com\/la\/wp-json\/wp\/v2\/pages\/59350"}],"collection":[{"href":"https:\/\/pantheon.veeva.com\/la\/wp-json\/wp\/v2\/pages"}],"about":[{"href":"https:\/\/pantheon.veeva.com\/la\/wp-json\/wp\/v2\/types\/page"}],"author":[{"embeddable":true,"href":"https:\/\/pantheon.veeva.com\/la\/wp-json\/wp\/v2\/users\/80"}],"replies":[{"embeddable":true,"href":"https:\/\/pantheon.veeva.com\/la\/wp-json\/wp\/v2\/comments?post=59350"}],"version-history":[{"count":7,"href":"https:\/\/pantheon.veeva.com\/la\/wp-json\/wp\/v2\/pages\/59350\/revisions"}],"predecessor-version":[{"id":59439,"href":"https:\/\/pantheon.veeva.com\/la\/wp-json\/wp\/v2\/pages\/59350\/revisions\/59439"}],"up":[{"embeddable":true,"href":"https:\/\/pantheon.veeva.com\/la\/wp-json\/wp\/v2\/pages\/15570"}],"wp:attachment":[{"href":"https:\/\/pantheon.veeva.com\/la\/wp-json\/wp\/v2\/media?parent=59350"}],"curies":[{"name":"wp","href":"https:\/\/api.w.org\/{rel}","templated":true}]}}