{"id":59815,"date":"2026-03-31T14:45:45","date_gmt":"2026-03-31T20:45:45","guid":{"rendered":"https:\/\/www.veeva.com\/la\/?page_id=59815"},"modified":"2026-04-07T13:31:33","modified_gmt":"2026-04-07T19:31:33","slug":"veeva-commercial-summit-mexico-acerca","status":"publish","type":"page","link":"https:\/\/pantheon.veeva.com\/la\/events\/veeva-commercial-summit-mexico-acerca\/","title":{"rendered":"Veeva Commercial Summit Mexico"},"content":{"rendered":"<p><main class=\"veeva-2024\"><\/p>\n<style>\n#veeva-header-nav.navbar {\n\tbox-shadow: none;\n}\n<\/style>\n<div id=\"secondary-navigation\" class=\"secondary-navigation ready\" style=\"top: 101px;\">\n<div class=\"secondary-navigation__wrapper container\">\n<div class=\"secondary-navigation__left\">\n<h3>\n\t\t\t\t\t\t\t\t\t<a href=\"\/la\/events\/veeva-commercial-summit-mexico-acerca\/\" class=\"\"><br \/>\n\t\t\t\t\t\t\t\tCommercial Summit\t\t\t\t\t\t\t\t\t<\/a><br \/>\n\t\t\t\t\t\t\t<\/h3>\n<\/p><\/div>\n<p>\t\t<!-- dropdown-item--main d-block d-lg-none dropdown-item dropdown-item--with-submenu --><\/p>\n<div class=\"secondary-navigation__right\">\n<ul class=\"secondary-navigation__desktop-menulist\">\n\t\t\t<a href=\"\/la\/events\/veeva-commercial-summit-mexico-acerca\/\" aria-current=\"page\" class=\"menu-item menu-item-type-custom menu-item-object-custom current-menu-item dropdown-item active d-none d-lg-block\"><\/p>\n<li>Acerca<\/li>\n<p><\/a><a href=\"\/la\/events\/veeva-commercial-summit-mexico-agenda\/\" class=\"menu-item menu-item-type-custom menu-item-object-custom dropdown-item d-none d-lg-block\"><\/p>\n<li>Agenda<\/li>\n<p><\/a><a href=\"\/la\/events\/veeva-commercial-summit-register\/\" class=\"menu-item menu-item-type-custom menu-item-object-custom dropdown-item d-none d-xl-block\"><\/p>\n<li>Registro<\/li>\n<p><\/a>\t<a href=\"\/la\/events\/veeva-commercial-summit-vma\/\"  class=\"menu-item menu-item-type-custom menu-item-object-custom dropdown-item d-none d-xl-block\"><\/p>\n<li>Marketing Awards<\/li>\n<p><\/a>\t\t<\/ul>\n<div id=\"secondary-navigation__mobile-dropdown\" class=\"secondary-navigation__mobile-menulist dropdown d-block d-xxl-none\">\n<div class=\"secondary-navigation__mobile-display-item dropdown-toggle\" role=\"button\" id=\"subnavLink\" data-bs-toggle=\"dropdown\" aria-expanded=\"false\">\n<h6 class=\"desktop d-none d-lg-block\">\n\t\t\t\t\t\tVer Mais\t\t\t\t\t<\/h6>\n<h6 class=\"mobile d-block d-lg-none\"><\/h6>\n<\/div>\n<ul class=\"secondary-navigation__mobile-dropdown-menu dropdown-menu container\" aria-labelledby=\"subnavLink\" data-popper-placement=\"bottom-start\">\n<div class=\"dropdown-menu-content\"><\/div>\n<\/ul><\/div>\n<\/p><\/div>\n<\/p><\/div>\n<\/div>\n<div id=\"summit-overview\">\n<p><!-- Hero Start --><\/p>\n<section class=\"hero-centered hero-centered--image hero-centered--anchor-bottom pt-8 pb-9 pb-md-10\" style=\"background-image: url('https:\/\/www.veeva.com\/wp-content\/uploads\/2025\/02\/2025-CS-Web-Banner@2x.png')\">\n<div class=\"copy-container container copy-container--center\">\n\t\t<img decoding=\"async\" src=\"https:\/\/www.veeva.com\/la\/wp-content\/uploads\/2026\/03\/Commercial-Summitmx-logo-center1.png\" alt=\"Veeva Commercial Summit - Brasil\" style=\"max-height:none;max-width:514px; margin-bottom:10px\"><\/p>\n<p>1\u00ba de Octubre | CDMX<\/p>\n<h1 class=\"mt-3 mb-5 mt-md-5 mb-md-7\">Conexi\u00f3n. Colaboraci\u00f3n. Innovaci\u00f3n.<\/h1>\n<p>\t\t\t<!-- <a class=\"button-primary button-primary--gradient\" href=\"https:\/\/www.veeva.com\/events\/commercial-summit\/register\/\" target=\"_self\" rel=\"noopener\">Inscreva-se Agora!<\/a>--><\/p><\/div>\n<\/section>\n<p><!-- Hero End --><\/p>\n<section class=\"card-block-3-up card-block-3-up--light section-rounded-bottom\" style=\"padding-top:75px\">\n<div class=\"container\">\n<div style=\"margin-bottom:-35px;\" class=\"copy-container copy-container--center copy-container--eyebrow-gradient\">\n<h2>\u00a1Descubre c\u00f3mo ser\u00e1 la edici\u00f3n de 2026!<\/h2>\n<p>Con el objetivo de ofrecer siempre las \u00faltimas novedades y perspectivas valiosas del sector de las ciencias de la salud, el Veeva Commercia Summit M\u00e9xico promueve un espacio enriquecedor para el conocimiento.<\/p>\n<p>Ven y descubre las \u00faltimas innovaciones y planes de desarrollo para Commercial Cloud y Data Cloud, y aprende junto a l\u00edderes de la industria farmac\u00e9utica c\u00f3mo la IA de Veeva est\u00e1 generando valor hoy en d\u00eda.<\/p>\n<p style=\"font-size:14px;\"><em>Este evento es exclusivo para profesionales de la industria farmac\u00e9utica y la entrada es gratuita.<\/p>\n<p><\/em><\/p>\n<\/div>\n<div style=\"margin-top:0px;\" class=\"card-block-3-up__cards\" hidden>\n<div class=\"icon-card icon-card--light icon-card--large\">\n<div class=\"floating-icon\">\n\t\t\t\t\t\t\t<span class=\"icon ready\" data-icon=\"business-handshake\"><\/span>\n\t\t\t\t\t\t<\/div>\n<h5>Vendas<\/h5>\n<p>Descubra como o Veeva AI, o CRM omnichannel e a integra\u00e7\u00e3o de software, dados e conte\u00fado eliminam silos, reduzem a complexidade e transformam dados em insights em tempo real \u2014 trazendo mais intelig\u00eancia e precis\u00e3o para a execu\u00e7\u00e3o comercial.\n<\/p>\n<\/p><\/div>\n<div class=\"icon-card icon-card--light icon-card--large\">\n<div class=\"floating-icon\">\n\t\t\t\t\t\t\t<span class=\"icon ready\" data-icon=\"announcement-megaphone\"><\/span>\n\t\t\t\t\t\t<\/div>\n<h5>Marketing<\/h5>\n<p> Conhe\u00e7a as inova\u00e7\u00f5es \u2014 incluindo o Veeva AI \u2014 que est\u00e3o transformando o processo de MLR. Veja como o alinhamento entre Marketing e Vendas acelera o ciclo de campanhas e garante conte\u00fados cient\u00edficos mais relevantes para profissionais de sa\u00fade em uma jornada omnichannel integrada.\n<\/p>\n<\/p><\/div>\n<div class=\"icon-card icon-card--light icon-card--large\">\n<div class=\"floating-icon\">\n\t\t\t\t\t\t\t<span class=\"icon ready\" data-icon=\"business-handshake\"><\/span>\n\t\t\t\t\t\t<\/div>\n<h5>Connect &#038; Learn<\/h5>\n<p>Explore how Veeva AI, omnichannel CRM, and connected software and data power more strategic HCP engagement and improve commercial execution.<\/p>\n<\/p><\/div>\n<\/p><\/div>\n<\/div>\n<\/section>\n<p><!-- Reasons to Attend Start &#x2705; --><\/p>\n<section class=\"z-pattern z-pattern-products z-pattern--light\">\n<div class=\"z-pattern__wrapper container\">\n<div class=\"z-pattern__inner\">\n<div class=\"copy-container copy-container--eyebrow-gradient copy-container--center copy-container--left-lg\">\n<h6>\u00bfPor qu\u00e9 participar?<\/h6>\n<h3>El evento Veeva m\u00e1s esperado del a\u00f1o.<\/h3>\n<p>\t\t\t<!-- <a class=\"button-primary button-primary--gradient\" href=\"https:\/\/www.veeva.com\/events\/commercial-summit\/register\/\" target=\"_self\" rel=\"noopener\">Inscreva-se Agora<\/a>--><\/p><\/div>\n<div class=\"z-pattern__image\">\n<div class=\"z-pattern__image-wrapper\">\n\t\t\t\t\t\t<img decoding=\"async\" src=\"https:\/\/www.veeva.com\/la\/wp-content\/uploads\/2026\/04\/2026-mx-Comm-Summit-Image-Why-Attend-1a.png\" alt=\"\" \/>\n\t\t\t\t\t\t<\/div>\n<\/p><\/div>\n<div class=\"z-pattern__content z-pattern__subgrid\">\n\t\t\t\t\t\t<!-- [1-6x] --><\/p>\n<div class=\"z-pattern-products__subpoint\">\n<div class=\"z-pattern-products__subpoint-headline\">\n<h6>Experiencia del Cliente<\/h6>\n<\/div>\n<div class=\"z-pattern-products__subpoint-body\">\n<p>Conozca directamente de nuestros clientes sus experiencias en la industria utilizando las diversas aplicaciones de Veeva.<\/p>\n<\/div><\/div>\n<div class=\"z-pattern-products__subpoint\">\n<div class=\"z-pattern-products__subpoint-headline\">\n<h6>Novedades Veeva<\/h6>\n<\/div>\n<div class=\"z-pattern-products__subpoint-body\">\n<p>Acceda a las \u00faltimas novedades de Veeva, asista a demostraciones en vivo y siga nuestros roadmaps exclusivos.<\/p>\n<\/div><\/div>\n<div class=\"z-pattern-products__subpoint\">\n<div class=\"z-pattern-products__subpoint-headline\">\n<h6>Partners<\/h6>\n<\/div>\n<div class=\"z-pattern-products__subpoint-body\">\n<p>Conozca a los Partners de Veeva que patrocinan el evento; para que su experiencia sea completa visite el \u00e1rea de stands y descubra c\u00f3mo pueden apoyarle a usted y a su equipo en su labor profesional.<\/p>\n<\/div><\/div>\n<div class=\"z-pattern-products__subpoint\">\n<div class=\"z-pattern-products__subpoint-headline\">\n<h6>Networking<\/h6>\n<\/div>\n<div class=\"z-pattern-products__subpoint-body\">\n<p>Reconecte con sus colegas, genere nuevos contactos y trate con l\u00edderes del sector. Disfrute del c\u00f3ctel al finalizar el evento; es el momento ideal para socializar en un ambiente profesional m\u00e1s relajado.<\/p>\n<\/p><\/div>\n<\/p><\/div>\n<p>\t\t\t\t\t\t<!-- [] -->\n\t\t\t\t<\/div>\n<\/p><\/div>\n<\/section>\n<p><!-- Quotes Start &#x2705; --><\/p>\n<section class=\"quote-tabs quote-tabs--light hidden\">\n<div class=\"copy-container container copy-container--center copy-container--eyebrow-gradient\">\n<h3>Exchange Ideas and Build Your Network<\/h3>\n<\/p><\/div>\n<div class=\"quote-tabs__content\">\n<div class=\"container\">\n<div class=\"carousel slide carousel-fade\" data-bs-ride=\"carousel\">\n<div class=\"carousel-indicators\"><\/div>\n<div class=\"carousel-inner\">\n\t\t\t\t\t\t\t<!-- [1-6x] --><\/p>\n<div class=\"carousel-item\">\n<div class=\"quote-card quote-card-single\">\n<div class=\"quote-card__quote-wrapper\">\n<p>\u201cThis is the event where you will learn about best practices and hear from other colleagues how they have applied new features.\u201d<\/p>\n<\/p><\/div>\n<\/p><\/div>\n<\/p><\/div>\n<div class=\"carousel-item\">\n<div class=\"quote-card quote-card-single\">\n<div class=\"quote-card__quote-wrapper\">\n<p>&#8220;The best thing about Summit is the people. If you have a question, there&#8217;s going to be someone with answers for you.\u201d<\/p>\n<\/p><\/div>\n<\/p><\/div>\n<\/p><\/div>\n<div class=\"carousel-item\">\n<div class=\"quote-card quote-card-single\">\n<div class=\"quote-card__quote-wrapper\">\n<p>\u201cSummit always provides me the opportunity to catch up with both my peers and Veeva product experts to understand the latest direction of the industry and Veeva\u2019s capabilities.\u201d<\/p>\n<\/p><\/div>\n<\/p><\/div>\n<\/p><\/div>\n<div class=\"carousel-item\">\n<div class=\"quote-card quote-card-single\">\n<div class=\"quote-card__quote-wrapper\">\n<p>\u201cThe presentations were very informative, and I didn&#8217;t want to miss any of them! The presenters were all excellent and gave practical tips we can use.\u201d <\/p>\n<\/p><\/div>\n<\/p><\/div>\n<\/p><\/div>\n<p>\t\t\t\t\t\t\t<!-- [] -->\n\t\t\t\t\t\t<\/div>\n<\/p><\/div>\n<\/p><\/div>\n<\/p><\/div>\n<\/section>\n<section class=\"logo-wall-listed logo-wall-listed--light\">\n<div class=\"copy-container container copy-container--center copy-container--eyebrow-gradient\">\n<h6>Participantes 2025<\/h6>\n<h3>Consulte las empresas presentes<\/h3>\n<\/p><\/div>\n<div class=\"logo-wall-listed__logos container\">\n\t\t\t\t<img decoding=\"async\" src=\"https:\/\/www.veeva.com\/la\/wp-content\/uploads\/2026\/04\/empresas-mx-em-2025.png\" alt=\"empresas\" style=\"width:1400px;\" ><\/p><\/div>\n<div class=\"copy-container container copy-container--center d-none\">\n<p>Check out the full speaker lineup <a href=\"\/events\/commercial-summit\/speakers\/\">here<\/a>.<\/p>\n<\/p><\/div>\n<\/section>\n<section id=\"video\" class=\"video-player-stacked video-player-stacked--dark section-rounded-top\" style=\"padding-bottom:150px;\">\n<div class=\"copy-container container copy-container--center\">\n<h3>\u00a1La experiencia que lo espera!<\/h3>\n<\/p><\/div>\n<div class=\"video-player-stacked__video container\">\n\t<script src=\"https:\/\/fast.wistia.com\/embed\/medias\/3dsufo24wa.jsonp\" data-cookieconsent=\"ignore\" async><\/script><script src=\"https:\/\/fast.wistia.com\/assets\/external\/E-v1.js\" data-cookieconsent=\"ignore\" async><\/script><div class=\"wistia_responsive_padding\" style=\"padding:56.25% 0 0 0;position:relative;\"><div class=\"wistia_responsive_wrapper\" style=\"height:100%;left:0;position:absolute;top:0;width:100%;\"><div class=\"wistia_embed wistia_async_3dsufo24wa videoFoam=true\" style=\"height:100%;position:relative;width:100%\"><div class=\"wistia_swatch\" style=\"height:100%;left:0;opacity:0;overflow:hidden;position:absolute;top:0;transition:opacity 200ms;width:100%;\"><img decoding=\"async\" src=\"https:\/\/fast.wistia.com\/embed\/medias\/3dsufo24wa\/swatch\" style=\"filter:blur(5px);height:100%;object-fit:contain;width:100%;\" alt=\"\" aria-hidden=\"true\" onload=\"this.parentNode.style.opacity=1;\" \/><\/div><\/div><\/div><\/div><\/p><\/div>\n<\/section>\n<p><!-- Sticky Banner Start --><\/p>\n<section class=\"alert-banner\" hidden>\n<div class=\"alert-banner__bar\">\n<div class=\"container\">\n<div class=\"alert-banner__copy\">\n<h5>O evento Veeva mais esperado pela ind\u00fastria farmac\u00eautica<\/h5>\n<p class=\"body-m\"> S\u00e3o Paulo | 27 de Agosto de 2026 <\/p>\n<\/p><\/div>\n<p>\t\t\t<a class=\"button-primary button-primary--gradient\" href=\"https:\/\/www.veeva.com\/events\/commercial-summit\/register\/\" target=\"_self\" rel=\"noopener\">Inscreva-se<\/a>\n\t\t<\/div>\n<\/p><\/div>\n<\/section>\n<p><!-- Sticky Banner End --><\/p>\n<p><!-- Bottom Banner Start --><\/p>\n<section class=\"hero-contained hero-contained--dark hero-contained--image hero-contained--footer-fix\" style=\"min-height:300px;margin-top:-50px;background-image: url('https:\/\/www.veeva.com\/wp-content\/uploads\/2025\/06\/2025-RD-Summit-hp-footer.jpg')\">\n<div class=\"copy-container container copy-container--center\">\n<h3>Conexi\u00f3n, colaboraci\u00f3n e innovaci\u00f3n<br \/>en el Veeva Commercial Summit<\/h3>\n<div class=\"copy-container__buttons\">\n\t\t\t<a class=\"button-primary button-primary--gradient\" href=\"\" target=\"_self\" rel=\"noopener\">Inscripciones pr\u00f3ximamente<\/a>\n\t\t<\/div>\n<\/p><\/div>\n<\/section>\n<p><!-- Bottom Banner End --><\/p><\/div>\n<p><\/main><\/p>\n","protected":false},"excerpt":{"rendered":"<p>Commercial Summit Acerca Agenda Registro Marketing Awards Ver Mais 1\u00ba de Octubre | CDMX Conexi\u00f3n. Colaboraci\u00f3n. Innovaci\u00f3n. \u00a1Descubre c\u00f3mo ser\u00e1 la edici\u00f3n de 2026! Con el objetivo de ofrecer siempre las \u00faltimas novedades y perspectivas valiosas del sector de las ciencias de la salud, el Veeva Commercia Summit M\u00e9xico promueve un espacio enriquecedor para el&hellip;<\/p>\n","protected":false},"author":334,"featured_media":0,"parent":15572,"menu_order":0,"comment_status":"closed","ping_status":"closed","template":"templates\/veeva-2024.full-page.php","meta":{"footnotes":""},"class_list":["post-59815","page","type-page","status-publish","hentry"],"aioseo_notices":[],"_links":{"self":[{"href":"https:\/\/pantheon.veeva.com\/la\/wp-json\/wp\/v2\/pages\/59815"}],"collection":[{"href":"https:\/\/pantheon.veeva.com\/la\/wp-json\/wp\/v2\/pages"}],"about":[{"href":"https:\/\/pantheon.veeva.com\/la\/wp-json\/wp\/v2\/types\/page"}],"author":[{"embeddable":true,"href":"https:\/\/pantheon.veeva.com\/la\/wp-json\/wp\/v2\/users\/334"}],"replies":[{"embeddable":true,"href":"https:\/\/pantheon.veeva.com\/la\/wp-json\/wp\/v2\/comments?post=59815"}],"version-history":[{"count":17,"href":"https:\/\/pantheon.veeva.com\/la\/wp-json\/wp\/v2\/pages\/59815\/revisions"}],"predecessor-version":[{"id":59898,"href":"https:\/\/pantheon.veeva.com\/la\/wp-json\/wp\/v2\/pages\/59815\/revisions\/59898"}],"up":[{"embeddable":true,"href":"https:\/\/pantheon.veeva.com\/la\/wp-json\/wp\/v2\/pages\/15572"}],"wp:attachment":[{"href":"https:\/\/pantheon.veeva.com\/la\/wp-json\/wp\/v2\/media?parent=59815"}],"curies":[{"name":"wp","href":"https:\/\/api.w.org\/{rel}","templated":true}]}}