{"id":59829,"date":"2026-04-02T09:03:30","date_gmt":"2026-04-02T15:03:30","guid":{"rendered":"https:\/\/www.veeva.com\/la\/?page_id=59829"},"modified":"2026-04-07T13:31:21","modified_gmt":"2026-04-07T19:31:21","slug":"veeva-commercial-summit-mexico-agenda","status":"publish","type":"page","link":"https:\/\/pantheon.veeva.com\/la\/events\/veeva-commercial-summit-mexico-agenda\/","title":{"rendered":"2026 Veeva Commercial Summit &#8211; Agenda"},"content":{"rendered":"<p><main class=\"veeva-2024\"><\/p>\n<style>\n#veeva-header-nav.navbar {\n\tbox-shadow: none;\n}\n<\/style>\n<div id=\"secondary-navigation\" class=\"secondary-navigation ready\" style=\"top: 101px;\">\n<div class=\"secondary-navigation__wrapper container\">\n<div class=\"secondary-navigation__left\">\n<h3>\n\t\t\t\t\t\t\t\t\t<a href=\"\/la\/events\/veeva-commercial-summit-mexico-acerca\/\" class=\"\"><br \/>\n\t\t\t\t\t\t\t\tCommercial Summit\t\t\t\t\t\t\t\t\t<\/a><br \/>\n\t\t\t\t\t\t\t<\/h3>\n<\/p><\/div>\n<p>\t\t<!-- dropdown-item--main d-block d-lg-none dropdown-item dropdown-item--with-submenu --><\/p>\n<div class=\"secondary-navigation__right\">\n<ul class=\"secondary-navigation__desktop-menulist\">\n\t\t\t<a href=\"\/la\/events\/veeva-commercial-summit-mexico-acerca\/\" class=\"menu-item menu-item-type-custom menu-item-object-custom dropdown-item d-none d-xl-block\"><\/p>\n<li>Acerca<\/li>\n<p><\/a><a href=\"\/la\/events\/veeva-commercial-summit-mexico-agenda\/\" aria-current=\"page\" class=\"menu-item menu-item-type-custom menu-item-object-custom current-menu-item dropdown-item active d-none d-lg-block\"><\/p>\n<li>Agenda<\/li>\n<p><\/a><a href=\"\/la\/events\/veeva-commercial-summit-register\/\" class=\"menu-item menu-item-type-custom menu-item-object-custom dropdown-item d-none d-xl-block\"><\/p>\n<li>Registro<\/li>\n<p><a href=\"\/la\/events\/veeva-commercial-summit-vma\/\"  class=\"menu-item menu-item-type-custom menu-item-object-custom dropdown-item d-none d-xl-block\"><\/p>\n<li>Marketing Awards<\/li>\n<p><\/a><\/a>\t\t\t<\/ul>\n<div id=\"secondary-navigation__mobile-dropdown\" class=\"secondary-navigation__mobile-menulist dropdown d-block d-xxl-none\">\n<div class=\"secondary-navigation__mobile-display-item dropdown-toggle\" role=\"button\" id=\"subnavLink\" data-bs-toggle=\"dropdown\" aria-expanded=\"false\">\n<h6 class=\"desktop d-none d-lg-block\">\n\t\t\t\t\t\tVer Mais\t\t\t\t\t<\/h6>\n<h6 class=\"mobile d-block d-lg-none\"><\/h6>\n<\/div>\n<ul class=\"secondary-navigation__mobile-dropdown-menu dropdown-menu container\" aria-labelledby=\"subnavLink\" data-popper-placement=\"bottom-start\">\n<div class=\"dropdown-menu-content\"><\/div>\n<\/ul><\/div>\n<\/p><\/div>\n<\/p><\/div>\n<\/div>\n<div id=\"summit-overview\">\n<p><!-- Hero Start --><\/p>\n<section class=\"hero-centered hero-centered--image hero-centered--anchor-bottom pt-8 pb-9 pb-md-10\" style=\"background-image: url('https:\/\/www.veeva.com\/wp-content\/uploads\/2025\/02\/2025-CS-Web-Banner@2x.png')\">\n<div class=\"copy-container container copy-container--center\">\n\t\t<img decoding=\"async\" src=\"https:\/\/www.veeva.com\/la\/wp-content\/uploads\/2026\/03\/Commercial-Summitmx-logo-center1.png\" alt=\"Veeva Commercial Summit - Brasil\" style=\"max-height:none;max-width:514px;margin-bottom:10px\"><\/p>\n<p>1\u00ba de Octubre | CDMX<\/p>\n<h1 class=\"mt-3 mb-5 mt-md-5 mb-md-7\">Conexi\u00f3n. Colaboraci\u00f3n. Innovaci\u00f3n.<\/h1>\n<p>\t\t\t<!-- <a class=\"button-primary button-primary--gradient\" href=\"https:\/\/www.veeva.com\/events\/commercial-summit\/register\/\" target=\"_self\" rel=\"noopener\">Inscreva-se Agora!<\/a> --><\/p><\/div>\n<\/section>\n<p><!-- Hero End --><\/p>\n<style>\n.col-centered {\n\tfloat: none;\n\tmargin: 0 auto;\n}\n.high-level-agenda h4 {\n\tcolor:#F46700;\n\tmargin:50px 0 15px 0;\n}\n.high-level-agenda h6 {\n\tmargin:7px 0;\n}\n.high-level-agenda .divider {\n\tpadding:17px 0;\n\tborder-bottom:1px solid #ccc\n}\n.high-level-agenda .agenda-time {\n\ttext-align:right;\n\tcolor:#53627D;\n}\n@media (max-width: 576px) {\n    .high-level-agenda .agenda-time {\n\ttext-align:left;\n\t}\n}\n.veeva-2024 .agend-open  {\npadding:60px 10px;\n}\n@media (min-width:992px) {\n.veeva-2024 .agend-open  {\npadding:80px 10px;\n}\n}<\/p>\n<p>.veeva-2024 .agend-open .container  {\nmax-width:1100px;\n}<\/p>\n<p>.veeva-2024 .agend-open .copy-container  {\npadding-bottom:20px;\n}<\/p>\n<p>.veeva-2024 .agend-open .agenda-date {\npadding:40px 0 10px 0;\nborder-bottom:3px solid;\n}\n.veeva-2024 .agend-open .agenda-date h3 {\nmargin:0;font-size: 22px;\n}<\/p>\n<p>@media (min-width:992px) {\n.veeva-2024 .agend-open .agenda-date h3 {\nmargin:0;font-size: 26px;\n}\n}<\/p>\n<p>.veeva-2024 .agend-open .agenda-date .time {\nfont-size:18px;\ntext-align:left;\nmargin-top:10px;\nfont-weight:400;\n}\n@media (min-width:565px) {\n.veeva-2024 .agend-open .agenda-date .time {\ntext-align:right;\nmargin-top:0px;\n}\n}\n@media (min-width:767px) {\n.veeva-2024 .agend-open .agenda-date .time {\nfont-size:20px;\ntext-align:right;\n}\n}\n.veeva-2024 .agend-open .agenda-slot {\npadding:17px 0 15px 0;\nborder-bottom:1px solid;\n}\n@media (min-width:767px) {\n.veeva-2024 .agend-open .agenda-slot {\npadding:19px 0 17px 0;\n}\n}\n.veeva-2024 .agend-open .agenda-slot .time {\nfont-size:18px;\ncolor:#666;\n}<\/p>\n<p>@media (min-width:767px) {\n.veeva-2024 .agend-open .agenda-slot .time {\nfont-size:20px;\n}\n}\n.veeva-2024 .agend-open .agenda-slot .title {\nfont-size:18px;\nfont-weight:500;\n}<\/p>\n<p>@media (min-width:767px) {\n.veeva-2024 .agend-open .agenda-slot .title {\nfont-size:20px;\n}\n}\n.veeva-2024 .agend-open .agenda-slot .session-box {\nbackground: #eef1f5;border-radius:20px;\npadding:30px 30px 25px 30px;\nmargin-top:15px;\nmargin-bottom:5px;\n}\n.veeva-2024 .agend-open .agenda-slot .session-box h4 {\nfont-size:16px;font-weight:500;\nmargin-bottom:5px;\n}<\/p>\n<p>@media (min-width:767px) {\n.veeva-2024 .agend-open .agenda-slot .session-box h4 {\nfont-size:18px;\n}\n}\n.veeva-2024 .agend-open .agenda-slot .session-box .speaker {\ndisplay:flex;\nalign-items: center;\npadding:10px 15px 5px 0;\n}\n@media (min-width:767px) {\n.veeva-2024 .agend-open .agenda-slot .session-box .speaker {\npadding:5px 15px 5px 0;\n}\n}<\/p>\n<p>.veeva-2024 .agend-open .agenda-slot .session-box .speaker div {\nfont-size:14px;\nline-height:130%;\nfont-weight:300;\n}\n.veeva-2024 .agend-open .agenda-slot .session-box .speaker div strong {\nfont-weight:500;\n}\n.veeva-2024 .agend-open .agenda-slot .session-box .speaker img {\nborder-radius: 50%;width: 100%;max-width: 75px;margin-right: 15px;\n}<\/p>\n<\/style>\n<section class=\"card-block-3-up card-block-3-up--light section-rounded-bottom\" style=\"padding-top:75px;\">\n<div class=\"container\" style=\"margin-bottom:-85px;\">\n<div class=\"copy-container copy-container--center copy-container--eyebrow-gradient\">\n<h2>Agenda<\/h2>\n<p> El programa del evento estar\u00e1 disponible pr\u00f3ximamente.<\/p>\n<\/div>\n<\/div>\n<\/section>\n<section class=\"people-events people-events--light\" style=\"margin-top:75px;\">\n<div class=\"copy-container container copy-container--center copy-container--eyebrow-gradient\">\n<h6>Mientras Espera&#8230;<\/h6>\n<h2>Conozca a los ganadores del Veeva Heroes 2025.<\/h2>\n<p>Cada a\u00f1o, en el Veeva Commercial Summit M\u00e9xico, Veeva rinde homenaje a algunos pioneros de la industria que, a lo largo del a\u00f1o, han hecho todo lo posible por impulsar el sector. Estas personas innovadoras superaron los l\u00edmites y gestionaron los cambios dentro de sus empresas para mejorar los procesos y obtener resultados.<\/p>\n<\/p><\/div>\n<div class=\"people-events__cards container\">\n<div class=\"person-card-events person-card-events--light\">\n<p>\t\t\t\t\t<img decoding=\"async\" class=\"person-card-events__thumbnail\" src=\"https:\/\/www.veeva.com\/la\/wp-content\/uploads\/2026\/04\/Adobe-Express-file-2025-10-16T105829.015-scaled-e1775069068410.jpg\" alt=\"\"><\/p>\n<h6>Ganadora: Liliana Vazquez<\/h6>\n<p class=\"\">Cliente: Adium<\/p>\n<p class=\"hidden\"><strong>Book $\/night Veeva Rate<\/strong><\/p>\n<\/p><\/div>\n<div class=\"person-card-events person-card-events--light\">\n\t\t\t\t\t<img decoding=\"async\" class=\"person-card-events__thumbnail\" src=\"https:\/\/www.veeva.com\/la\/wp-content\/uploads\/2026\/04\/Adobe-Express-file-2025-10-16T105735.926-scaled.jpg\" alt=\"\"><\/p>\n<h6>Ganador: Angel Hernandez<\/h6>\n<p class=\"\">Cliente: Bayer<\/p>\n<p class=\"hidden\"><strong>Book $\/night Veeva Rate<\/strong><\/p>\n<\/p><\/div>\n<div class=\"person-card-events person-card-events--light\">\n<p>\t\t\t\t\t<img decoding=\"async\" class=\"person-card-events__thumbnail\" src=\"https:\/\/www.veeva.com\/la\/wp-content\/uploads\/2026\/04\/Adobe-Express-file-2025-10-16T105818.716-scaled.jpg\" alt=\"\"><\/p>\n<h6>Ganadores: Fernando Estevez, Damian Leis y Diego Calvete <\/h6>\n<p class=\"\">Cliente: Adium<\/p>\n<p class=\"hidden\"><strong>Book $\/night Veeva Rate<\/strong><\/p>\n<\/p><\/div>\n<\/div>\n<div class=\"people-events__cards container\">\n<div class=\"person-card-events person-card-events--light d-none\">\n<p>\t\t\t\t\t<img decoding=\"async\" class=\"person-card-events__thumbnail\" src=\"\/br\/wp-content\/uploads\/2026\/03\/Veeva-Comercial-Summit-316.jpg\" alt=\"\"><\/p>\n<h6>Ganhadores: Raphael Carvalho e Rodrigo Sousa<\/h6>\n<p class=\"\">Cliente: Knight<\/p>\n<p class=\"hidden\">10 Huntington Ave, Boston, MA 02116<br \/>Distance from Hynes: 0.5 miles (10 min walk)<\/p>\n<p class=\"hidden\"><strong>Book $\/night Veeva Rate<\/strong><\/p>\n<\/p><\/div>\n<div class=\"person-card-events person-card-events--light d-none\">\n\t\t\t\t\t<img decoding=\"async\" class=\"person-card-events__thumbnail\" src=\"\/br\/wp-content\/uploads\/2026\/03\/Veeva-Comercial-Summit-322.jpg\" alt=\"\"><\/p>\n<h6>Ganhador: Igor Lima<\/h6>\n<p class=\"\">Cliente: L&#8217;Or\u00e9al<\/p>\n<p class=\"hidden\">110 Huntington Ave, Boston, MA 02116<br \/>Distance from Hynes: 0.5 miles (10 min walk)<\/p>\n<p class=\"hidden\"><strong>Book $\/night Veeva Rate<\/strong><\/p>\n<\/p><\/div>\n<div class=\"person-card-events person-card-events--light d-none\">\n\t\t\t\t\t<img decoding=\"async\" class=\"person-card-events__thumbnail\" src=\"\/br\/wp-content\/uploads\/2026\/03\/Veeva-Comercial-Summit-323.jpg\" alt=\"\"><\/p>\n<h6>Todos os Veeva Heroes 2025<\/h6>\n<p class=\"hidden\">Veeva discounted rate sold out<\/p>\n<p class=\"hidden\">47 Huntington Ave, Boston, MA 02116<br \/>Distance from Hynes: 0.3 miles (7 min walk)<\/p>\n<p class=\"hidden\"><strong>Book $\/night Veeva Rate<\/strong><\/p>\n<\/p><\/div>\n<div class=\"person-card-events person-card-events--light d-none\">\n\t\t\t\t\t<img decoding=\"async\" class=\"person-card-events__thumbnail\" src=\"https:\/\/www.veeva.com\/wp-content\/uploads\/2025\/04\/2025-NA-CS-hotel-charlesmarque-350x215-1.jpg\" alt=\"\"><\/p>\n<h6>Charlesmark Boutique Hotel<\/h6>\n<p class=\"hidden\">Veeva discounted rate sold out<\/p>\n<p class=\"\">655 Boylston St, Boston, MA 02116<br \/>Distance from Hynes: 0.3 miles (7 min walk)<\/p>\n<p class=\"hidden\"><strong>Book $\/night Veeva Rate<\/strong><\/p>\n<\/p><\/div>\n<div class=\"person-card-events person-card-events--light d-none\">\n\t\t\t\t\t<img decoding=\"async\" class=\"person-card-events__thumbnail\" src=\"https:\/\/www.veeva.com\/wp-content\/uploads\/2022\/02\/Boston_Park_Plaza_Hotel.png\" alt=\"\"><\/p>\n<h6>Hilton Boston Park Plaza<\/h6>\n<p class=\"hidden\">Veeva discounted rate sold out<\/p>\n<p class=\"\">50 Park Plaza, Boston, MA 02116<br \/>Distance from Hynes: 0.8 miles (10 min walk)<\/p>\n<p class=\"hidden\"><strong>Book $\/night Veeva Rate<\/strong><\/p>\n<\/p><\/div>\n<div class=\"person-card-events person-card-events--light d-none\">\n\t\t\t\t\t<img decoding=\"async\" class=\"person-card-events__thumbnail\" src=\"https:\/\/www.veeva.com\/wp-content\/uploads\/2025\/04\/2025-NA-CS-hotel-doubletree-350x215-b.jpg\" alt=\"\"><\/p>\n<h6>DoubleTree by Hilton Hotel Boston \u2013 Downtown<\/h6>\n<p class=\"hidden\">Veeva discounted rate sold out<\/p>\n<p class=\"\">821 Washington St, Boston, MA 02111<br \/>Distance from Hynes: 1.5 miles (15 min drive)<\/p>\n<p class=\"hidden\"><strong>Book $\/night Veeva Rate<\/strong><\/p>\n<\/p><\/div>\n<div class=\"person-card-events person-card-events--light d-none\">\n\t\t\t\t\t<img decoding=\"async\" class=\"person-card-events__thumbnail\" src=\"https:\/\/www.veeva.com\/wp-content\/uploads\/2025\/04\/2025-NA-CS-hotel-moxy-350x215-a.jpg\" alt=\"\"><\/p>\n<h6>Moxy Boston Downtown<\/h6>\n<p class=\"hidden\">Veeva discounted rate sold out<\/p>\n<p class=\"\">240 Tremont St, Boston, MA 02116<br \/>Distance from Hynes: 1.7 miles (20 min drive)<\/p>\n<p class=\"hidden\"><strong>Book $\/night Veeva Rate<\/strong><\/p>\n<\/p><\/div>\n<\/p><\/div>\n<\/section>\n<section class=\"agend-open hidden\" >\n<div class=\"container\">\n<div class=\"copy-container copy-container--center copy-container--eyebrow-gradient\">\n<h2>Agenda<\/h2>\n<\/p><\/div>\n<div class=\"row agenda-date\">\n<div class=\"col-sm-5\">\n<h3>Tuesday, April 1<\/h3>\n<\/p><\/div>\n<div class=\"col-sm-7 time\">\n\t\t\t\t5:00 p.m. \u2014 8:30 p.m.\n\t\t\t<\/div>\n<\/p><\/div>\n<p>\t\t<!-- slot --><\/p>\n<div class=\"row agenda-slot\">\n<div class=\"col-sm-3 col-md-2 time\">\n\t\t\t\t5:00 <span>p.m.<\/span>\n\t\t\t<\/div>\n<div class=\"col-sm-9 col-md-10 title\">\n\t\t\t\tWelcome Dinner\n\t\t\t<\/div>\n<\/p><\/div>\n<div class=\"row agenda-date\">\n<div class=\"col-sm-5\">\n<h3>Wednesday, April 2<\/h3>\n<\/p><\/div>\n<div class=\"col-sm-7 time\">\n\t\t\t\t8:00 a.m. \u2014 4:00 p.m.\n\t\t\t<\/div>\n<\/p><\/div>\n<p>\t\t<!-- slot --><\/p>\n<div class=\"row agenda-slot\">\n<div class=\"col-sm-3 col-md-2 time\">\n\t\t\t\t8:00 <span>a.m.<\/span>\n\t\t\t<\/div>\n<div class=\"col-sm-9 col-md-10 title\">\n\t\t\t\tBreakfast\n\t\t\t<\/div>\n<\/p><\/div>\n<p>    \t<!-- slot --><\/p>\n<div class=\"row agenda-slot\">\n<div class=\"col-sm-3 col-md-2 time\">\n\t\t\t\t9:00 <span>a.m.<\/span>\n\t\t\t<\/div>\n<div class=\"col-sm-9 col-md-10 title\">\n\t\t\t\tOpening Keynote<\/p>\n<div class=\"session-box\">\n<h4>Pfizer: Changing TMF Operating Models for Simplicity and Connectivity<\/h4>\n<p>Pfizer shares how a new TMF operating model will enable simplicity and improve connectivity across the business and with sites. This includes practical tips for change management and examples of key processes to simplify.<\/p>\n<div class=\"row\">\n<div class=\"col-md-6 speaker\">\n\t\t\t\t\t\t\t<img decoding=\"async\" src=\"https:\/\/www.veeva.com\/wp-content\/uploads\/2025\/03\/Leila-Canlas.jpg\"><\/p>\n<div>\n\t\t\t\t\t\t\t\t<strong>Leila Canlas<\/strong><br \/>\n\t\t\t\t\t\t\t\tPfizer<br \/>\n\t\t\t\t\t\t\t\tTMF Operations Lead, Director\n\t\t\t\t\t\t\t<\/div>\n<\/p><\/div>\n<\/p><\/div>\n<\/p><\/div>\n<\/p><\/div>\n<\/p><\/div>\n<p>\t\t<!-- slot --><\/p>\n<div class=\"row agenda-slot\">\n<div class=\"col-sm-3 col-md-2 time\">\n\t\t\t\t10:10 <span>a.m.<\/span>\n\t\t\t<\/div>\n<div class=\"col-sm-9 col-md-10 title\">\n\t\t\t\tSession\t\t\t\t\t<\/p>\n<div class=\"session-box\">\n<h4>Emerging Biotech: Strengthening CRO Partnerships for TMF Quality and Efficiency<\/h4>\n<p>Apellis\u2019 head of TMF shares lessons learned from current and former companies, including how to build an operating model on strong CRO partnerships and align processes and metrics for TMF teams of all sizes.<\/p>\n<div class=\"row\">\n<div class=\"col-md-6 speaker\">\n\t\t\t\t\t\t\t<img decoding=\"async\" src=\"https:\/\/www.veeva.com\/wp-content\/uploads\/2025\/03\/Steph-Viscomi.jpg\"><\/p>\n<div>\n\t\t\t\t\t\t\t\t<strong>Steph Viscomi<\/strong><br \/>\n\t\t\t\t\t\t\t\tApellis Pharmaceuticals<br \/>\n\t\t\t\t\t\t\t\tDirector, Clinical Documentation &#038; TMF\n\t\t\t\t\t\t\t<\/div>\n<\/p><\/div>\n<\/p><\/div>\n<\/p><\/div>\n<\/p><\/div>\n<\/p><\/div>\n<p>\t\t<!-- slot --><\/p>\n<div class=\"row agenda-slot\">\n<div class=\"col-sm-3 col-md-2 time\">\n\t\t\t\t11:10 <span>a.m.<\/span>\n\t\t\t<\/div>\n<div class=\"col-sm-9 col-md-10 title\">\n\t\t\t\tFacilitated Networking\t\t\t\t\t<\/p>\n<div class=\"session-box\">\n<h4>Discussion: Understanding the CDISC TMF Reference Model Revision and Roadmap<\/h4>\n<p>CDISC shares how organizations can prepare for the latest revision of the TMF Reference Model, which aims to standardize and digitize the historical model. Discuss key takeaways from the revision, steps to prepare your organization, and what\u2019s next on CDISC\u2019s roadmap.<\/p>\n<div class=\"row\">\n<div class=\"col-md-6 speaker\">\n\t\t\t\t\t\t\t<img decoding=\"async\" src=\"https:\/\/www.veeva.com\/wp-content\/uploads\/2025\/03\/Paul-Fenton.jpg\"><\/p>\n<div>\n\t\t\t\t\t\t\t\t<strong>Paul Fenton<\/strong><br \/>\n\t\t\t\t\t\t\t\tCDISC<br \/>\n\t\t\t\t\t\t\t\tChair of TMF Reference Model Working Group and TMF Standards Subgroup, Member of TMF Reference Model Steering Committee\n\t\t\t\t\t\t\t<\/div>\n<\/p><\/div>\n<div class=\"col-md-6 speaker\">\n\t\t\t\t\t\t\t<img decoding=\"async\" src=\"https:\/\/www.veeva.com\/wp-content\/uploads\/2025\/03\/Jamie-Toth.jpg\"><\/p>\n<div>\n\t\t\t\t\t\t\t\t<strong>Jamie Toth<\/strong><br \/>\n\t\t\t\t\t\t\t\tCDISC<br \/>\n\t\t\t\t\t\t\t\tIncoming Chair-Elect of the TMF Reference Model Working Group, Member of TMF Reference Model Steering Committee\n\t\t\t\t\t\t\t<\/div>\n<\/p><\/div>\n<div class=\"col-md-6 speaker\">\n\t\t\t\t\t\t\t<img decoding=\"async\" src=\"https:\/\/www.veeva.com\/wp-content\/uploads\/2025\/03\/Jason-Methia.jpg\"><\/p>\n<div>\n\t\t\t\t\t\t\t\t<strong>Jason Methia<\/strong><br \/>\n\t\t\t\t\t\t\t\tVeeva Systems<br \/>\n\t\t\t\t\t\t\t\tVice President, Clinical Operations Strategy\n\t\t\t\t\t\t\t<\/div>\n<\/p><\/div>\n<\/p><\/div>\n<h4 class=\"mt-5\">Discussion: Strategies to Improve Site Collaboration (Repeat Session)<\/h4>\n<p>More than 70% of total documents by volume in the TMF come from sites. Discuss strategies to improve site collaboration and TMF planning.<\/p>\n<div class=\"row\">\n<div class=\"col-md-6 speaker\">\n\t\t\t\t\t\t\t<img decoding=\"async\" src=\"https:\/\/www.veeva.com\/wp-content\/uploads\/2025\/03\/Frank-Lin.jpg\"><\/p>\n<div>\n\t\t\t\t\t\t\t\t<strong>Frank Lin<\/strong><br \/>\n\t\t\t\t\t\t\t\tVeeva Systems<br \/>\n\t\t\t\t\t\t\t\tDirector, Clinical Operations Strategy\n\t\t\t\t\t\t\t<\/div>\n<\/p><\/div>\n<div class=\"col-md-6 speaker\">\n\t\t\t\t\t\t\t<img decoding=\"async\" src=\"https:\/\/www.veeva.com\/wp-content\/uploads\/2025\/03\/Neha-Ramani.jpg\"><\/p>\n<div>\n\t\t\t\t\t\t\t\t<strong>Neha Ramani<\/strong><br \/>\n\t\t\t\t\t\t\t\tVeeva Systems<br \/>\n\t\t\t\t\t\t\t\tManager, Customer Success, Clinical Operations\n\t\t\t\t\t\t\t<\/div>\n<\/p><\/div>\n<\/p><\/div>\n<\/p><\/div>\n<\/p><\/div>\n<\/p><\/div>\n<p>   \t\t<!-- slot --><\/p>\n<div class=\"row agenda-slot\">\n<div class=\"col-sm-3 col-md-2 time\">\n\t\t\t\t12:00 <span>p.m.<\/span>\n\t\t\t<\/div>\n<div class=\"col-sm-9 col-md-10 title\">\n\t\t\t\tLunch\n\t\t\t<\/div>\n<\/p><\/div>\n<p>    \t<!-- slot --><\/p>\n<div class=\"row agenda-slot\">\n<div class=\"col-sm-3 col-md-2 time\">\n\t\t\t\t1:00 <span>p.m.<\/span>\n\t\t\t<\/div>\n<div class=\"col-sm-9 col-md-10 title\">\n\t\t\t\tSession<\/p>\n<div class=\"session-box\">\n<h4>AbbVie: Driving Organizational Change with Strategic Partnerships<\/h4>\n<p>AbbVie shares the importance of TMF in leading organizational change. This includes how collaboration with study teams and sites and task distribution improve accuracy and completeness.<\/p>\n<div class=\"row\">\n<div class=\"col-md-6 speaker\">\n\t\t\t\t\t\t\t<img decoding=\"async\" src=\"https:\/\/www.veeva.com\/wp-content\/uploads\/2025\/03\/Renee-Fate.jpg\"><\/p>\n<div>\n\t\t\t\t\t\t\t\t<strong>Renee Fate<\/strong><br \/>\n\t\t\t\t\t\t\t\tAbbVie<br \/>\n\t\t\t\t\t\t\t\tDirector, Clinical Records Management\n\t\t\t\t\t\t\t<\/div>\n<\/p><\/div>\n<\/p><\/div>\n<\/p><\/div>\n<\/p><\/div>\n<\/p><\/div>\n<p>\t\t<!-- slot --><\/p>\n<div class=\"row agenda-slot\">\n<div class=\"col-sm-3 col-md-2 time\">\n\t\t\t\t2:10  <span>p.m.<\/span>\n\t\t\t<\/div>\n<div class=\"col-sm-9 col-md-10 title\">\n\t\t\t\tFacilitated Networking\t\t\t\t\t<\/p>\n<div class=\"session-box\">\n<h4>Discussion: How Technology Can Help Make Data-Driven Decisions<\/h4>\n<p>Discuss with peers how to use technology to identify actionable insights from your data. Veeva will also share TMF trends across studies that can inform decision-making.<\/p>\n<div class=\"row\">\n<div class=\"col-md-6 speaker\">\n\t\t\t\t\t\t\t<img decoding=\"async\" src=\"https:\/\/www.veeva.com\/wp-content\/uploads\/2025\/03\/Jim-Horstmann.jpg\"><\/p>\n<div>\n\t\t\t\t\t\t\t\t<strong>Jim Horstmann<\/strong><br \/>\n\t\t\t\t\t\t\t\tVeeva Systems<br \/>\n\t\t\t\t\t\t\t\tSenior Product Manager, Veeva eTMF\n\t\t\t\t\t\t\t<\/div>\n<\/p><\/div>\n<div class=\"col-md-6 speaker\">\n\t\t\t\t\t\t\t<img decoding=\"async\" src=\"https:\/\/www.veeva.com\/wp-content\/uploads\/2025\/03\/Neha-Ramani.jpg\"><\/p>\n<div>\n\t\t\t\t\t\t\t\t<strong>Neha Ramani<\/strong><br \/>\n\t\t\t\t\t\t\t\tVeeva Systems<br \/>\n\t\t\t\t\t\t\t\tManager, Customer Success, Clinical Operations\n\t\t\t\t\t\t\t<\/div>\n<\/p><\/div>\n<\/p><\/div>\n<h4 class=\"mt-5\">Discussion: Strategies to Improve Site Collaboration (Repeat Session)<\/h4>\n<p>More than 70% of total documents by volume in the TMF come from sites. Discuss strategies to improve site collaboration and TMF planning.<\/p>\n<div class=\"row\">\n<div class=\"col-md-6 speaker\">\n\t\t\t\t\t\t\t<img decoding=\"async\" src=\"https:\/\/www.veeva.com\/wp-content\/uploads\/2025\/03\/Angela-Faircloth.jpg\"><\/p>\n<div>\n\t\t\t\t\t\t\t\t<strong>Angela Faircloth<\/strong><br \/>\n\t\t\t\t\t\t\t\tVeeva Systems<br \/>\n\t\t\t\t\t\t\t\tSenior Director, Clinical Operations Strategy\n\t\t\t\t\t\t\t<\/div>\n<\/p><\/div>\n<div class=\"col-md-6 speaker\">\n\t\t\t\t\t\t\t<img decoding=\"async\" src=\"https:\/\/www.veeva.com\/wp-content\/uploads\/2025\/03\/Lauren-Garson.jpg\"><\/p>\n<div>\n\t\t\t\t\t\t\t\t<strong>Lauren Garson<\/strong><br \/>\n\t\t\t\t\t\t\t\tVeeva Systems<br \/>\n\t\t\t\t\t\t\t\tSenior Director, Clinical Operations Strategy\n\t\t\t\t\t\t\t<\/div>\n<\/p><\/div>\n<\/p><\/div>\n<\/p><\/div>\n<\/p><\/div>\n<\/p><\/div>\n<p> \t\t<!-- slot --><\/p>\n<div class=\"row agenda-slot\">\n<div class=\"col-sm-3 col-md-2 time\">\n\t\t\t\t3:10 <span>p.m.<\/span>\n\t\t\t<\/div>\n<div class=\"col-sm-9 col-md-10 title\">\n\t\t\t\tSession and Close\t\t\t\t\t<\/p>\n<div class=\"session-box\">\n<h4>Biotech Panel: Unifying Clinical Processes and Teams with TMF<\/h4>\n<p>TMF experts from Biomea Fusion and Dren Bio share lessons learned about working cross-functionally and creatively solving challenges, all with lean teams and small budgets. Hear about their latest inspection experiences, methods of influencing users and stakeholders, and strategies for driving real-time TMF completeness.<\/p>\n<div class=\"row\">\n<div class=\"col-md-6 speaker\">\n\t\t\t\t\t\t\t<img decoding=\"async\" src=\"https:\/\/www.veeva.com\/wp-content\/uploads\/2025\/11\/Annette-Bugno.png\"><\/p>\n<div>\n\t\t\t\t\t\t\t\t<strong>Annette Bugno<\/strong><br \/>\n\t\t\t\t\t\t\t\tBiomea Fusion<br \/>\n\t\t\t\t\t\t\t\tAssociate Director, Clinical Records Management (TMF)\n\t\t\t\t\t\t\t<\/div>\n<\/p><\/div>\n<div class=\"col-md-6 speaker\">\n\t\t\t\t\t\t\t<img decoding=\"async\" src=\"https:\/\/www.veeva.com\/wp-content\/uploads\/2025\/03\/Ashley-Sawaf.jpg\"><\/p>\n<div>\n\t\t\t\t\t\t\t\t<strong>Ashley Sawaf<\/strong><br \/>\n\t\t\t\t\t\t\t\tDren Bio<br \/>\n\t\t\t\t\t\t\t\tSenior Manager, TMF Operations\n\t\t\t\t\t\t\t<\/div>\n<\/p><\/div>\n<\/p><\/div>\n<\/p><\/div>\n<\/p><\/div>\n<\/p><\/div>\n<p>   \t\t<!-- slot --><\/p>\n<div class=\"row agenda-slot\">\n<div class=\"col-sm-3 col-md-2 time\">\n\t\t\t\t4:00 <span>p.m.<\/span>\n\t\t\t<\/div>\n<div class=\"col-sm-9 col-md-10 title\">\n\t\t\t\tEnd of Program\n\t\t\t<\/div>\n<\/p><\/div>\n<p>    \t<!-- end all slots -->\n\t<\/div>\n<\/section><\/div>\n<p><!-- Sticky Banner Start --><\/p>\n<section class=\"alert-banner\" hidden>\n<div class=\"alert-banner__bar\">\n<div class=\"container\">\n<div class=\"alert-banner__copy\">\n<h5>O evento Veeva mais esperado pela ind\u00fastria farmac\u00eautica<\/h5>\n<p class=\"body-m\"> S\u00e3o Paulo | 27 de Agosto de 2026 <\/p>\n<\/p><\/div>\n<p>\t\t\t<a class=\"button-primary button-primary--gradient\" href=\"https:\/\/www.veeva.com\/br\/events\/veeva-commercial-summit-sobre\/\" target=\"_self\" rel=\"noopener\">Inscreva-se<\/a>\n\t\t<\/div>\n<\/p><\/div>\n<\/section>\n<p><!-- Sticky Banner End --><\/p>\n<p><!-- Bottom Banner Start --><\/p>\n<section class=\"hero-contained hero-contained--dark hero-contained--image hero-contained--footer-fix\" style=\"min-height:300px;margin-top:-50px;background-image: url('https:\/\/www.veeva.com\/wp-content\/uploads\/2025\/06\/2025-RD-Summit-hp-footer.jpg')\">\n<div class=\"copy-container container copy-container--center\">\n<h3>Conexi\u00f3n, colaboraci\u00f3n e innovaci\u00f3n<br \/>en el Veeva Commercial Summit<\/h3>\n<div class=\"copy-container__buttons\">\n\t\t\t<a class=\"button-primary button-primary--gradient\" href=\"\" target=\"_self\" rel=\"noopener\">Inscripciones pr\u00f3ximamente<\/a>\n\t\t<\/div>\n<\/p><\/div>\n<\/section>\n<p><!-- Bottom Banner End --><\/p><\/div>\n<p><\/main><\/p>\n","protected":false},"excerpt":{"rendered":"<p>View the agenda for Veeva Commercial Summit, North America. This event is complimentary for life sciences professionals across sales, medical, and marketing. View the agenda.<\/p>\n","protected":false},"author":334,"featured_media":0,"parent":15572,"menu_order":0,"comment_status":"closed","ping_status":"closed","template":"templates\/veeva-2024.full-page.php","meta":{"footnotes":""},"class_list":["post-59829","page","type-page","status-publish","hentry"],"aioseo_notices":[],"_links":{"self":[{"href":"https:\/\/pantheon.veeva.com\/la\/wp-json\/wp\/v2\/pages\/59829"}],"collection":[{"href":"https:\/\/pantheon.veeva.com\/la\/wp-json\/wp\/v2\/pages"}],"about":[{"href":"https:\/\/pantheon.veeva.com\/la\/wp-json\/wp\/v2\/types\/page"}],"author":[{"embeddable":true,"href":"https:\/\/pantheon.veeva.com\/la\/wp-json\/wp\/v2\/users\/334"}],"replies":[{"embeddable":true,"href":"https:\/\/pantheon.veeva.com\/la\/wp-json\/wp\/v2\/comments?post=59829"}],"version-history":[{"count":15,"href":"https:\/\/pantheon.veeva.com\/la\/wp-json\/wp\/v2\/pages\/59829\/revisions"}],"predecessor-version":[{"id":59897,"href":"https:\/\/pantheon.veeva.com\/la\/wp-json\/wp\/v2\/pages\/59829\/revisions\/59897"}],"up":[{"embeddable":true,"href":"https:\/\/pantheon.veeva.com\/la\/wp-json\/wp\/v2\/pages\/15572"}],"wp:attachment":[{"href":"https:\/\/pantheon.veeva.com\/la\/wp-json\/wp\/v2\/media?parent=59829"}],"curies":[{"name":"wp","href":"https:\/\/api.w.org\/{rel}","templated":true}]}}