{"id":59844,"date":"2026-04-02T09:06:16","date_gmt":"2026-04-02T15:06:16","guid":{"rendered":"https:\/\/www.veeva.com\/la\/?page_id=59844"},"modified":"2026-04-07T13:31:14","modified_gmt":"2026-04-07T19:31:14","slug":"veeva-commercial-summit-register","status":"publish","type":"page","link":"https:\/\/pantheon.veeva.com\/la\/events\/veeva-commercial-summit-register\/","title":{"rendered":"2026 Veeva Commercial Summit &#8211; Register"},"content":{"rendered":"<p><main class=\"veeva-2024\"><\/p>\n<style>\n#veeva-header-nav.navbar {\n\tbox-shadow: none;\n}\n<\/style>\n<div id=\"secondary-navigation\" class=\"secondary-navigation ready\" style=\"top: 101px;\">\n<div class=\"secondary-navigation__wrapper container\">\n<div class=\"secondary-navigation__left\">\n<h3>\n\t\t\t\t\t\t\t\t\t<a href=\"\/la\/events\/veeva-commercial-summit-mexico-acerca\/\" class=\"\"><br \/>\n\t\t\t\t\t\t\t\tCommercial Summit\t\t\t\t\t\t\t\t\t<\/a><br \/>\n\t\t\t\t\t\t\t<\/h3>\n<\/p><\/div>\n<p>\t\t<!-- dropdown-item--main d-block d-lg-none dropdown-item dropdown-item--with-submenu --><\/p>\n<div class=\"secondary-navigation__right\">\n<ul class=\"secondary-navigation__desktop-menulist\">\n\t\t\t<a href=\"\/la\/events\/veeva-commercial-summit-mexico-acerca\/\" class=\"menu-item menu-item-type-custom menu-item-object-custom dropdown-item d-none d-xl-block\"><\/p>\n<li>Acerca<\/li>\n<p><\/a><a href=\"\/la\/events\/veeva-commercial-summit-mexico-agenda\/\" class=\"menu-item menu-item-type-custom menu-item-object-custom dropdown-item d-none d-xl-block\"><\/p>\n<li>Agenda<\/li>\n<p><\/a><a href=\"\/la\/events\/veeva-commercial-summit-register\/\" aria-current=\"page\" class=\"menu-item menu-item-type-custom menu-item-object-custom current-menu-item dropdown-item active d-none d-lg-block\"><\/p>\n<li>Registro<\/li>\n<p><a href=\"\/la\/events\/veeva-commercial-summit-vma\/\"  class=\"menu-item menu-item-type-custom menu-item-object-custom dropdown-item d-none d-xl-block\"><\/p>\n<li>Marketing Awards<\/li>\n<p><\/a><\/a>\t\t\t<\/ul>\n<div id=\"secondary-navigation__mobile-dropdown\" class=\"secondary-navigation__mobile-menulist dropdown d-block d-xxl-none\">\n<div class=\"secondary-navigation__mobile-display-item dropdown-toggle\" role=\"button\" id=\"subnavLink\" data-bs-toggle=\"dropdown\" aria-expanded=\"false\">\n<h6 class=\"desktop d-none d-lg-block\">\n\t\t\t\t\t\tVer Mais\t\t\t\t\t<\/h6>\n<h6 class=\"mobile d-block d-lg-none\"><\/h6>\n<\/div>\n<ul class=\"secondary-navigation__mobile-dropdown-menu dropdown-menu container\" aria-labelledby=\"subnavLink\" data-popper-placement=\"bottom-start\">\n<div class=\"dropdown-menu-content\"><\/div>\n<\/ul><\/div>\n<\/p><\/div>\n<\/p><\/div>\n<\/div>\n<div id=\"summit-overview\">\n<p><!-- Hero Start --><\/p>\n<section class=\"hero-centered hero-centered--image hero-centered--anchor-bottom pt-8 pb-9 pb-md-10\" style=\"background-image: url('https:\/\/www.veeva.com\/wp-content\/uploads\/2025\/02\/2025-CS-Web-Banner@2x.png')\">\n<div class=\"copy-container container copy-container--center\">\n\t<img decoding=\"async\" src=\"https:\/\/www.veeva.com\/la\/wp-content\/uploads\/2026\/03\/Commercial-Summitmx-logo-center1.png\" alt=\"Veeva Commercial Summit - Brasil\" style=\"max-height:none;max-width:514px;margin-bottom:10px\"><\/p>\n<p>1\u00ba de Octubre | CDMX<\/p>\n<h1 class=\"mt-3 mb-5 mt-md-5 mb-md-7\">Conexi\u00f3n. Colaboraci\u00f3n. Innovaci\u00f3n.<\/h1>\n<\/p><\/div>\n<\/section>\n<p><!-- Hero End --><\/p>\n<p><!-- Form Starts &#x2705; --><\/p>\n<section class=\"form section-spacing\" style=\"padding-top:50px;\">\n<div class=\"container\">\n<div class=\"copy-container container copy-container--center\">\n<h2>Inscripciones en breve.<\/h2>\n<p class=\"body-m\">Las inscripciones para este evento a\u00fan no est\u00e1n abiertas. Mant\u00e9ngase al tanto de nuestras redes sociales para conocer las \u00faltimas novedades sobre este y otros eventos.<\/p>\n<p><a class=\"button-primary button-primary--gradient\" href=\"https:\/\/qrco.de\/bggQJk\" target=\"_self\" rel=\"noopener\"> Siga a Veeva<\/a><\/p>\n<p hidden>Sponsor registration for partners opens on February 20, 2026. If you are a partner, email alliances@veeva.com for Summit sponsorship information.\n<\/p>\n<p><span><span>\n\t\t\t\t<\/div>\n<div class=\"row\" style=\"padding-top:30px;\" hidden>\n<div class=\"col-sm-12 col-md-10 col-lg-10 col-xl-8 col-centered\">\n<form id=\"mktoForm_3219\"><\/form><div id=\"mktoForm_3219_thankyou\"  style=\"text-align:center;display:none;color:#636669;\"><h3>Thank you for your inquiry.<\/h3><p style=\"padding:0\">We will review your request shortly.<\/p><\/div>\n<\/div>\n<\/p><\/div>\n<\/p><\/div>\n<\/section>\n<style>\n.mktoForm .mktoFormRow select.mktoField {\n    white-space: pre-line;\n}\n.mktoForm .mktoFormRow textarea.mktoField {\n    height: auto;\n    field-sizing: content;\n}\n.mktoForm .mktoFieldWrap input:not([type=checkbox]):not([type=submit]) {field-sizing: content;}\n.mktoForm .mktoFieldWrap input:not([type=checkbox]):not([type=submit])::-webkit-input-placeholder {\n  white-space:pre-line;  \n}\n.mktoForm .mktoFieldWrap input:not([type=checkbox]):not([type=submit]):-moz-placeholder {\n  white-space:pre-line;  \n}\n.mktoForm .mktoFieldWrap input:not([type=checkbox]):not([type=submit])::-moz-placeholder  {\n  white-space:pre-line;  \n}\n.mktoForm .mktoFieldWrap input:not([type=checkbox]):not([type=submit]):-ms-input-placeholder {\n  white-space:pre-line;  \n}\n<\/style>\n<p><script>\nif ( window.chrome == null ) {\n(async() => {\n        await new Promise((resolve, reject) => {\n                this.waitInterval = setInterval(() => {\n                    if(typeof MktoForms2 !== 'undefined') {\n                        clearInterval(this.waitInterval);\n                        MktoForms2.whenReady(function () {\n    var input = document.querySelectorAll('textarea.mktoField');\n    for(i=0; i<input.length; i++){\n        input[i].setAttribute('style', 'height:' + input[i].scrollHeight + 'px');\n    }\n});\n                        resolve();\n                    }\n                }, 500);\n            })\n})();\n}\n<\/script><\/p>\n<div class=\"copy-container container copy-container--center d-none\">\n<p>Check out the full speaker lineup <a href=\"\/events\/commercial-summit\/speakers\/\">here<\/a>.<\/p>\n<\/p><\/div>\n<\/section>\n<section id=\"video\" class=\"video-player-stacked video-player-stacked--dark section-rounded-top\" style=\"padding-bottom:150px;\">\n<div class=\"copy-container container copy-container--center\">\n<h3>\u00a1La experiencia que lo espera!<br \/>\n<\/h3>\n<\/p><\/div>\n<div class=\"video-player-stacked__video container\">\n\t\t<script src=\"https:\/\/fast.wistia.com\/embed\/medias\/3dsufo24wa.jsonp\" data-cookieconsent=\"ignore\" async><\/script><script src=\"https:\/\/fast.wistia.com\/assets\/external\/E-v1.js\" data-cookieconsent=\"ignore\" async><\/script><div class=\"wistia_responsive_padding\" style=\"padding:56.25% 0 0 0;position:relative;\"><div class=\"wistia_responsive_wrapper\" style=\"height:100%;left:0;position:absolute;top:0;width:100%;\"><div class=\"wistia_embed wistia_async_3dsufo24wa videoFoam=true\" style=\"height:100%;position:relative;width:100%\"><div class=\"wistia_swatch\" style=\"height:100%;left:0;opacity:0;overflow:hidden;position:absolute;top:0;transition:opacity 200ms;width:100%;\"><img decoding=\"async\" src=\"https:\/\/fast.wistia.com\/embed\/medias\/3dsufo24wa\/swatch\" style=\"filter:blur(5px);height:100%;object-fit:contain;width:100%;\" alt=\"\" aria-hidden=\"true\" onload=\"this.parentNode.style.opacity=1;\" \/><\/div><\/div><\/div><\/div><\/p><\/div>\n<\/section>\n<p><!-- Bottom Banner Start --><\/p>\n<section class=\"hero-contained hero-contained--dark hero-contained--image hero-contained--footer-fix\" style=\"min-height:300px;margin-top:-50px;background-image: url('https:\/\/www.veeva.com\/wp-content\/uploads\/2025\/06\/2025-RD-Summit-hp-footer.jpg')\">\n<div class=\"copy-container container copy-container--center\">\n<h3>Conexi\u00f3n, colaboraci\u00f3n e innovaci\u00f3n<br \/>\nen el Veeva Commercial Summit<\/h3>\n<\/p><\/div>\n<\/p><\/div>\n<\/section>\n<p><!-- Bottom Banner End --><\/p><\/div>\n<p><\/main><\/p>\n","protected":false},"excerpt":{"rendered":"<p>Veeva Commercial Summit, North America. This event is complimentary for life sciences professionals across sales, medical, and marketing. Register today.<\/p>\n","protected":false},"author":334,"featured_media":0,"parent":15572,"menu_order":0,"comment_status":"closed","ping_status":"closed","template":"templates\/veeva-2024.full-page.php","meta":{"footnotes":""},"class_list":["post-59844","page","type-page","status-publish","hentry"],"aioseo_notices":[],"_links":{"self":[{"href":"https:\/\/pantheon.veeva.com\/la\/wp-json\/wp\/v2\/pages\/59844"}],"collection":[{"href":"https:\/\/pantheon.veeva.com\/la\/wp-json\/wp\/v2\/pages"}],"about":[{"href":"https:\/\/pantheon.veeva.com\/la\/wp-json\/wp\/v2\/types\/page"}],"author":[{"embeddable":true,"href":"https:\/\/pantheon.veeva.com\/la\/wp-json\/wp\/v2\/users\/334"}],"replies":[{"embeddable":true,"href":"https:\/\/pantheon.veeva.com\/la\/wp-json\/wp\/v2\/comments?post=59844"}],"version-history":[{"count":12,"href":"https:\/\/pantheon.veeva.com\/la\/wp-json\/wp\/v2\/pages\/59844\/revisions"}],"predecessor-version":[{"id":59896,"href":"https:\/\/pantheon.veeva.com\/la\/wp-json\/wp\/v2\/pages\/59844\/revisions\/59896"}],"up":[{"embeddable":true,"href":"https:\/\/pantheon.veeva.com\/la\/wp-json\/wp\/v2\/pages\/15572"}],"wp:attachment":[{"href":"https:\/\/pantheon.veeva.com\/la\/wp-json\/wp\/v2\/media?parent=59844"}],"curies":[{"name":"wp","href":"https:\/\/api.w.org\/{rel}","templated":true}]}}