{"id":59850,"date":"2026-04-02T09:08:21","date_gmt":"2026-04-02T15:08:21","guid":{"rendered":"https:\/\/www.veeva.com\/la\/?page_id=59850"},"modified":"2026-04-07T13:30:55","modified_gmt":"2026-04-07T19:30:55","slug":"veeva-commercial-summit-vma","status":"publish","type":"page","link":"https:\/\/pantheon.veeva.com\/la\/events\/veeva-commercial-summit-vma\/","title":{"rendered":"2026 Veeva Commercial Summit &#8211; VMA"},"content":{"rendered":"<p><main class=\"veeva-2024\"><\/p>\n<style>\n#veeva-header-nav.navbar {\n\tbox-shadow: none;\n}\n<\/style>\n<div id=\"secondary-navigation\" class=\"secondary-navigation ready\" style=\"top: 101px;\">\n<div class=\"secondary-navigation__wrapper container\">\n<div class=\"secondary-navigation__left\">\n<h3>\n\t\t\t\t\t\t\t\t\t<a href=\"\/la\/events\/veeva-commercial-summit-mexico-acerca\/\" class=\"\"><br \/>\n\t\t\t\t\t\t\t\tCommercial Summit\t\t\t\t\t\t\t\t\t<\/a><br \/>\n\t\t\t\t\t\t\t<\/h3>\n<\/p><\/div>\n<p>\t\t<!-- dropdown-item--main d-block d-lg-none dropdown-item dropdown-item--with-submenu --><\/p>\n<div class=\"secondary-navigation__right\">\n<ul class=\"secondary-navigation__desktop-menulist\">\n\t\t\t<a href=\"\/la\/events\/veeva-commercial-summit-mexico-acerca\/\" class=\"menu-item menu-item-type-custom menu-item-object-custom dropdown-item d-none d-lg-block\"><\/p>\n<li>Acerca<\/li>\n<p><\/a><a href=\"\/la\/events\/veeva-commercial-summit-mexico-agenda\/\" class=\"menu-item menu-item-type-custom menu-item-object-custom dropdown-item d-none d-lg-block\"><\/p>\n<li>Agenda<\/li>\n<p><\/a><a href=\"\/la\/events\/veeva-commercial-summit-register\/\" class=\"menu-item menu-item-type-custom menu-item-object-custom dropdown-item d-none d-xl-block\"><\/p>\n<li>Registro<\/li>\n<p><\/a>\t<a href=\"\/la\/events\/veeva-commercial-summit-vma\/\" aria-current=\"page\" class=\"menu-item menu-item-type-custom menu-item-object-custom current-menu-item dropdown-item active d-none d-lg-block\"><\/p>\n<li>Marketing Awards<\/li>\n<p><\/a>\t\t<\/ul>\n<div id=\"secondary-navigation__mobile-dropdown\" class=\"secondary-navigation__mobile-menulist dropdown d-block d-xxl-none\">\n<div class=\"secondary-navigation__mobile-display-item dropdown-toggle\" role=\"button\" id=\"subnavLink\" data-bs-toggle=\"dropdown\" aria-expanded=\"false\">\n<h6 class=\"desktop d-none d-lg-block\">\n\t\t\t\t\t\tVer Mais\t\t\t\t\t<\/h6>\n<h6 class=\"mobile d-block d-lg-none\"><\/h6>\n<\/div>\n<ul class=\"secondary-navigation__mobile-dropdown-menu dropdown-menu container\" aria-labelledby=\"subnavLink\" data-popper-placement=\"bottom-start\">\n<div class=\"dropdown-menu-content\"><\/div>\n<\/ul><\/div>\n<\/p><\/div>\n<\/p><\/div>\n<\/div>\n<div id=\"summit-overview\">\n<p><!-- Hero Start --><\/p>\n<section class=\"hero-centered hero-centered--image hero-centered--anchor-bottom pt-8 pb-9 pb-md-10\" style=\"background-image: url('https:\/\/www.veeva.com\/br\/wp-content\/uploads\/2026\/03\/fundo-banner-site-vma.png');\">\n<div class=\"copy-container container copy-container--center\">\n\t\t<img decoding=\"async\" src=\"https:\/\/www.veeva.com\/la\/wp-content\/uploads\/2026\/04\/logo-VMA-2026-esp-.png\" alt=\"Veeva Marketing Awards 4 edi\u00e7\u00e3o\" style=\"max-height:none;max-width:450px;\"><br \/>\n<a class=\"button-outline button-outline--white\" href=\"https:\/\/docs.google.com\/forms\/d\/e\/1FAIpQLSdwxX9-7F15TblfqhWIGztpbhZ_ljaiLO7b0DFMDD8H9l7N_A\/viewform?usp=dialog\" target=\"_self\" rel=\"noopener\"> Enviar un Caso <\/a><\/p><\/div>\n<\/section>\n<p><!-- Hero End --><\/p>\n<style>\n@media (min-width:1200px) {\n.veeva-2024 .people-events__cards .person-card-events {\nwidth: calc(33% - 9.8rem)!important;\n}\n}<\/p>\n<p>ul {\nlist-style-position: inside;\n}<\/p>\n<\/style>\n<p><!-- Listed up - Impact, Light, Numbered --><\/p>\n<section class=\"listed-up listed-up-impact listed-up--light\">\n<div class=\"copy-container container copy-container--center copy-container--eyebrow-gradient\">\n<h3>El Est\u00e1ndar de Excelencia que Inspira el Futuro de la Salud.<br \/>\n<\/h3>\n<p>Los Veeva Marketing Awards nacieron para crear una comunidad de l\u00edderes que inspira el ma\u00f1ana. Defendemos el potencial de la tecnolog\u00eda no solo como herramienta, sino como el puente que nos permite conectar de forma m\u00e1s humana y precisa en cada fase del journey comercial.<\/p>\n<p>Desde el primer insight hasta el paciente final, honramos las ideas que utilizan el ecosistema digital para derribar barreras y llegar con el mensaje correcto a profesionales de la salud.\n<\/p>\n<p>Es momento de que sus proyectos se conviertan en el nuevo est\u00e1ndar de efectividad en la industria farmac\u00e9utica.\n<\/p>\n<p><\/p>\n<h4>Conoce los pilares de los Veeva Marketing Awards<\/h4>\n<p><i>Los porcentajes se refieren a la ponderaci\u00f3n de cada tema en la evaluaci\u00f3n del caso.<\/i>\n<\/p>\n<\/p><\/div>\n<div class=\"listed-up-impact__cards container d-grid\">\n<div class=\"impact-card impact-card-numbered\">\n<h5>23,3%<\/h5>\n<h5>Estrategia y Desaf\u00edo<\/h5>\n<p>El grado de dificultad del reto de negocio y c\u00f3mo CRM o Veeva PromoMats fueron la soluci\u00f3n. <\/p>\n<\/p><\/div>\n<div class=\"impact-card impact-card-numbered\">\n<h5>23,3%<\/h5>\n<h5>Idea Estrat\u00e9gica <\/h5>\n<p>El uso de insights de datos para configurar el plan de acci\u00f3n (estrategia y t\u00e1cticas).<\/p>\n<\/p><\/div>\n<div class=\"impact-card impact-card-numbered\">\n<h5>23,3%<\/h5>\n<h5>Ejecuci\u00f3n <\/h5>\n<p>Ejecuci\u00f3n creativa a trav\u00e9s de CRM y optimizaci\u00f3n de flujos de trabajo en Veeva PromoMats.\n<\/p>\n<\/p><\/div>\n<div class=\"impact-card impact-card-numbered\">\n<h5>30%<\/h5>\n<h5>Resultados de Negocio<\/h5>\n<p>El impacto tangible en ventas, eficiencia operativa o mejora cl\u00ednica, respaldado por datos verificables.\n<\/p>\n<\/p><\/div>\n<\/p><\/div>\n<\/section>\n<p><!-- Sticky Banner Start --><\/p>\n<section class=\"alert-banner d-none\">\n<div class=\"alert-banner__bar\">\n<div class=\"container\">\n<div class=\"alert-banner__copy\">\n<h5>Where Commercial and Medical Leaders Meet<\/h5>\n<p class=\"body-m\"> Boston | May 19-20, 2026 <\/p>\n<\/p><\/div>\n<p>\t\t\t<a class=\"button-primary button-primary--gradient\" href=\"https:\/\/www.veeva.com\/events\/commercial-summit\/register\/\" target=\"_self\" rel=\"noopener\">Register Now<\/a>\n\t\t<\/div>\n<\/p><\/div>\n<\/section>\n<p><!-- Card Block 4 Up, light mode, card large --><\/p>\n<section class=\"card-block-4-up card-block-4-up--light section-rounded-top\">\n<div class=\"container\">\n        <!-- copy container --><\/p>\n<div class=\"copy-container copy-container--center copy-container--eyebrow-gradient\">\n<h3>\nBases de Participaci\u00f3n:            <\/h3>\n<\/p><\/div>\n<p>        <!-- content --><\/p>\n<div class=\"card-block-3-up__cards\">\n            <!-- icon card: medium, light  --><br \/>\n            <a class=\"icon-card icon-card--light icon-card--medium\" target=\"_blank\" rel=\"noopener\"><\/p>\n<div class=\"floating-icon\">\n                    <span class=\"icon\" data-icon=\"user-multiple-group\"><\/span>\n                <\/div>\n<h5>Equipos Elegibles<\/h5>\n<p>\u00danicamente los equipos de marketing o de estrategia digital que hayan implementado un proyecto\/campa\u00f1a a trav\u00e9s de CRM o Veeva PromoMats pueden participar en la premiaci\u00f3n.<\/p>\n<p>            <\/a><\/p>\n<p>            <a class=\"icon-card icon-card--light icon-card--medium\" href=\"https:\/\/www.veeva.com\/meet-veeva\/partners\/content\/partner-finder\/\" target=\"_blank\" rel=\"noopener\"><\/p>\n<div class=\"floating-icon\">\n                    <span class=\"icon\" data-icon=\"user-collaborate-group\"><\/span>\n                <\/div>\n<h5>CRM<\/h5>\n<p>En los proyectos de CRM los clientes s\u00f3lo podr\u00e1n participar con una agencia partner de Veeva. Haz clic abajo y conoce a las agencias partners. <\/p>\n<div class=\"button-text-link button-text-link--black\">\n                    <span class=\"label\">Conocer<\/span><br \/>\n                    <span class=\"underline\"><\/span>\n                <\/div>\n<p>            <\/a><\/p>\n<p>            <a class=\"icon-card icon-card--light icon-card--medium\" target=\"_blank\" rel=\"noopener\"><\/p>\n<div class=\"floating-icon\">\n                    <span class=\"icon\" data-icon=\"graph-bar-increase\"><\/span>\n                <\/div>\n<h5>Veeva PromoMats<\/h5>\n<p>En los proyectos de Veeva PromoMats es opcional la inscripci\u00f3n del caso junto con una agencia; s\u00f3lo si la agencia tuvo un rol fundamental para el \u00e9xito del caso se puede someter el proyecto en conjunto y deber\u00e1 de ser una agencia partner. El jurado se reservar\u00e1 el derecho a premiar a la agencia.\n<\/p>\n<p>            <\/a><\/p>\n<p>            <a class=\"icon-card icon-card--light icon-card--medium\" target=\"_blank\" rel=\"noopener\"><\/p>\n<div class=\"floating-icon\">\n                    <span class=\"icon\" data-icon=\"database-alert\"><\/span>\n                <\/div>\n<h5>Datos<\/h5>\n<p>Para asegurar la confidencialidad de los datos de cada proyecto se permite a los laboratorios presentar resultados en porcentajes o \u00edndices para proteger informaci\u00f3n sensible. Adem\u00e1s, todo dato presentado debe citar una fuente (ej. Multichannel Activity Dashboard).\n<\/p>\n<p>            <\/a><\/p>\n<p>            <a class=\"icon-card icon-card--light icon-card--medium\" target=\"_blank\" rel=\"noopener\"><\/p>\n<div class=\"floating-icon\">\n                    <span class=\"icon\" data-icon=\"location-person-pin\"><\/span>\n                <\/div>\n<h5>Participaci\u00f3n<\/h5>\n<p>Al menos dos integrantes del equipo de Marketing o Digital responsables del proyecto, acompa\u00f1ados por dos representantes de su agencia partner, deber\u00e1n asistir al Veeva Commercial Summit en representaci\u00f3n de todo el equipo.<\/p>\n<p>            <\/a><\/p>\n<p>            <a class=\"icon-card icon-card--light icon-card--medium\" href=\"https:\/\/docs.google.com\/forms\/d\/e\/1FAIpQLSdwxX9-7F15TblfqhWIGztpbhZ_ljaiLO7b0DFMDD8H9l7N_A\/viewform?usp=dialog\" target=\"_blank\" rel=\"noopener\"><\/p>\n<div class=\"floating-icon\">\n                    <span class=\"icon\" data-icon=\"send-email-square\"><\/span>\n                <\/div>\n<h5>Envio<\/h5>\n<p>Los clientes, no los partners, ser\u00e1n responsables de enviar los casos y proporcionar todos los datos necesarios.\n<\/p>\n<div class=\"button-text-link button-text-link--black\">\n                    <span class=\"label\">Enviar un Caso<\/span><br \/>\n                    <span class=\"underline\"><\/span>\n                <\/div>\n<p>            <\/a><\/p><\/div>\n<\/p><\/div>\n<\/section>\n<p><!-- Card Block 4 Up, light mode, card large --><\/p>\n<section class=\"card-block-4-up card-block-4-up--light\">\n<div class=\"container\" style=\"margin-bottom:-105px; margin-top:-125px;\">\n        <!-- copy container --><\/p>\n<div class=\"copy-container copy-container--center copy-container--eyebrow-gradient\">\n<h4>Periodo de elegibilidad: <\/h4>\n<p> Proyectos ejecutados entre el <strong> 1 de julio de 2024 y el 31 de diciembre de 2025<\/strong>. El per\u00edodo de ejecuci\u00f3n puede ser flexible en caso de que alguno de los proyectos haya finalizado meses previos a la fecha de apertura de esta convocatoria. <\/p>\n<p>No se aceptar\u00e1n casos enviados en ediciones anteriores. Si en el pasado, se someti\u00f3 la primera fase de un proyecto\/campa\u00f1a; en esta edici\u00f3n pueden participar las fases siguientes, ser\u00e1n considerados nuevos casos.<\/p>\n<\/p><\/div>\n<\/p><\/div>\n<\/section>\n<p><!-- Listed up - Subpoints, light --><\/p>\n<section class=\"listed-up listed-up-subpoints listed-up--light\">\n<div class=\"copy-container container copy-container--center copy-container--eyebrow-gradient\">\n<h3>Cronograma:<\/h3>\n<\/p><\/div>\n<div class=\"listed-up__cards container\">\n<div class=\"listed-up-card listed-up-card-subpoints\">\n<div class=\"\"><\/div>\n<h5>Fase 1: Lanzamiento y Recepci\u00f3n de Casos.<br \/>\n<\/h5>\n<ul class=\"card-subtext\">\n<li>\n<p class=\"body-m\"><strong>6 de abril:<\/strong> Apertura de inscripciones<\/p>\n<\/li>\n<li>\n<p class=\"body-m\"><strong>6 de abril a 31 de julio:<\/strong> Periodo de recepci\u00f3n de Casos.<\/p>\n<\/li>\n<li>\n<p class=\"body-m\"><strong>31 de julio: <\/strong>Cierre de inscripciones.<\/p>\n<\/li>\n<\/ul><\/div>\n<div class=\"listed-up-card listed-up-card-subpoints\">\n<div class=\"\"><\/div>\n<h5>Fase 2: Evaluaci\u00f3n del Jurado<\/p>\n<\/h5>\n<ul class=\"card-subtext\">\n<li>\n<p class=\"body-m\"><strong>3 a 13 de agosto:<\/strong> Revisi\u00f3n t\u00e9cnica y deliberaci\u00f3n del jurado (Veeva comprueba que los casos cumplan con las bases de participaci\u00f3n).<\/p>\n<\/li>\n<\/ul><\/div>\n<div class=\"listed-up-card listed-up-card-subpoints\">\n<div class=\"\"><\/div>\n<h5>Fase 3: Anuncio de Finalistas y Planeaci\u00f3n del Evento.<br \/>\n<\/h5>\n<ul class=\"card-subtext\">\n<li>\n<p class=\"body-m\"><strong>14 de agosto: <\/strong>Anuncio de los finalistas.<\/p>\n<\/li>\n<li>\n<p class=\"body-m\">A partir de este momento, iniciaremos la planeaci\u00f3n para la participaci\u00f3n de los finalistas en el Veeva Commercial Summit.<\/p>\n<\/li>\n<\/ul><\/div>\n<\/p><\/div>\n<\/section>\n<p><!-- Z Pattern - Subpoints, Light --><\/p>\n<section class=\"z-pattern z-pattern-subpoints z-pattern--light z-pattern--bg-grey\">\n<div class=\"z-pattern__wrapper container\">\n<div class=\"z-pattern__inner\">\n            <!-- copy container--><\/p>\n<div class=\"copy-container copy-container--eyebrow-gradient copy-container--center copy-container--left-lg\">\n<h3>Insp\u00edrate con algunas ideas para tu caso:<br \/>\n<\/h3>\n<p>\u00bfTienes un caso de \u00e9xito que podr\u00eda inspirar el futuro del marketing en salud?\n<\/p>\n<div class=\"copy-container__buttons\">\n                    <a class=\"button-outline button-outline--black\" href=\"https:\/\/docs.google.com\/forms\/d\/e\/1FAIpQLSdwxX9-7F15TblfqhWIGztpbhZ_ljaiLO7b0DFMDD8H9l7N_A\/viewform?usp=dialog\" target=\"_self\" rel=\"noopener\">Enviar un Caso<br \/>\n<\/a><\/p>\n<p>                    <\/a>\n                <\/div>\n<\/p><\/div>\n<p>            <!-- z-pattern-subpoints__stats --><\/p><\/div>\n<div class=\"z-pattern-subpoints__points\">\n<div class=\"z-pattern-subpoints__point\">\n<h6>Eficacia Operativa (Veeva PromoMats): <\/h6>\n<p>Equipos con los ciclos de aprobaci\u00f3n m\u00e1s \u00e1giles y con mayor cumplimiento (Compliance). <\/p>\n<\/p><\/div>\n<div class=\"z-pattern-subpoints__point\">\n<h6>Excelencia Comercial (CRM):  <\/h6>\n<p>Mejor uso de anal\u00edtica y segmentaci\u00f3n para impactar la labor de ventas.\n<\/p>\n<\/p><\/div>\n<div class=\"z-pattern-subpoints__point\">\n<h6>Innovaci\u00f3n en Lanzamiento: <\/h6>\n<p>Uso integral del ecosistema Veeva para introducir un nuevo producto al mercado.\n<\/p>\n<\/p><\/div>\n<\/p><\/div>\n<\/p><\/div>\n<\/section>\n<section class=\"people-events people-events--light\" style=\"margin-top:75px;\">\n<div class=\"copy-container container copy-container--center copy-container--eyebrow-gradient\">\n<h2>Galer\u00eda de ediciones anteriores:<\/h2>\n<\/p><\/div>\n<div class=\"people-events__cards container\">\n<div class=\"person-card-events person-card-events--light\">\n<p>\t\t\t\t\t<img decoding=\"async\" class=\"person-card-events__thumbnail\" src=\"https:\/\/www.veeva.com\/la\/wp-content\/uploads\/2026\/04\/Adobe-Express-file-2025-10-16T110344.329-scaled.jpg\" alt=\"\"><\/p>\n<h6>Ganadores 1\u00ba lugar 2025<\/h6>\n<p class=\"\">Cliente MSD y Agencia Digital Health <\/p>\n<p class=\"hidden\"><strong>Book $\/night Veeva Rate<\/strong><\/p>\n<\/p><\/div>\n<div class=\"person-card-events person-card-events--light\">\n\t\t\t\t\t<img decoding=\"async\" class=\"person-card-events__thumbnail\" src=\"https:\/\/www.veeva.com\/la\/wp-content\/uploads\/2026\/04\/Adobe-Express-file-2025-10-16T110442.909-scaled.jpg\" alt=\"\"><\/p>\n<h6>Ganadores 2\u00ba lugar 2025<\/h6>\n<p class=\"\">Cliente Teva y Agencia McCANN Health<\/p>\n<p class=\"hidden\"><strong>Book $\/night Veeva Rate<\/strong><\/p>\n<\/p><\/div>\n<div class=\"person-card-events person-card-events--light\">\n<p>\t\t\t\t\t<img decoding=\"async\" class=\"person-card-events__thumbnail\" src=\"https:\/\/www.veeva.com\/la\/wp-content\/uploads\/2026\/04\/Adobe-Express-file-2025-10-16T110340.596-scaled.jpg\" alt=\"\"><\/p>\n<h6>Ganadores 3\u00ba lugar 2025<\/h6>\n<p class=\"\">Cliente MSD y Agencia AD Acosta <\/p>\n<p class=\"hidden\"><strong>Book $\/night Veeva Rate<\/strong><\/p>\n<\/p><\/div>\n<div class=\"person-card-events person-card-events--light\">\n<p>\t\t\t\t\t<img decoding=\"async\" class=\"person-card-events__thumbnail\" src=\"https:\/\/www.veeva.com\/la\/wp-content\/uploads\/2026\/04\/49310991_1-scaled.jpg\" alt=\"\"><\/p>\n<h6>Ganadores 1\u00ba lugar 2024<\/h6>\n<p class=\"\">Cliente Eli Lilly y Agencia A6 Life<\/p>\n<p class=\"hidden\"><strong>Book $\/night Veeva Rate<\/strong><\/p>\n<\/p><\/div>\n<div class=\"person-card-events person-card-events--light\">\n\t\t\t\t\t<img decoding=\"async\" class=\"person-card-events__thumbnail\" src=\"https:\/\/www.veeva.com\/la\/wp-content\/uploads\/2026\/04\/49310985_1-scaled.jpg\" alt=\"\"><\/p>\n<h6>Ganadores 2\u00ba lugar 2024<\/h6>\n<p class=\"\">Cliente BMS y Agencia VML Health<\/p>\n<p class=\"hidden\"><strong>Book $\/night Veeva Rate<\/strong><\/p>\n<\/p><\/div>\n<div class=\"person-card-events person-card-events--light\">\n\t\t\t\t\t<img decoding=\"async\" class=\"person-card-events__thumbnail\" src=\"https:\/\/www.veeva.com\/la\/wp-content\/uploads\/2026\/04\/49310986_1-scaled.jpg\" alt=\"\"><\/p>\n<h6>Ganadores 3\u00ba lugar 2024<\/h6>\n<p class=\"\">Cliente L&#8217;Or\u00e9al y Agencia McCANN Health<\/p>\n<p class=\"hidden\"><strong>Book $\/night Veeva Rate<\/strong><\/p>\n<\/p><\/div>\n<div class=\"person-card-events person-card-events--light\">\n\t\t\t\t\t<img decoding=\"async\" class=\"person-card-events__thumbnail\" src=\"https:\/\/www.veeva.com\/la\/wp-content\/uploads\/2026\/04\/40879362_1-scaled.jpeg\" alt=\"\"><\/p>\n<h6>Ganhadores 1\u00ba lugar 2023<\/h6>\n<p class=\"\">Cliente Organon y Agencia AD Acosta<\/p>\n<p class=\"hidden\"><strong>Book $\/night Veeva Rate<\/strong><\/p>\n<\/p><\/div>\n<div class=\"person-card-events person-card-events--light\">\n\t\t\t\t\t<img decoding=\"async\" class=\"person-card-events__thumbnail\" src=\"https:\/\/www.veeva.com\/la\/wp-content\/uploads\/2026\/04\/40879359_1-scaled.jpeg\" alt=\"\"><\/p>\n<h6>Ganadores 2\u00ba lugar 2023<\/h6>\n<p class=\"\">Cliente MSD y Agencia AD Acosta<\/p>\n<p class=\"hidden\"><strong>Book $\/night Veeva Rate<\/strong><\/p>\n<\/p><\/div>\n<div class=\"person-card-events person-card-events--light\">\n\t\t\t\t\t<img decoding=\"async\" class=\"person-card-events__thumbnail\" src=\"https:\/\/www.veeva.com\/la\/wp-content\/uploads\/2026\/04\/40879354_1-scaled.jpeg\" alt=\"\"><\/p>\n<h6>Ganhadores 3\u00ba lugar 2023<\/h6>\n<p class=\"\">Cliente Eli Lilly y Agencia A6<\/p>\n<p class=\"hidden\"><strong>Book $\/night Veeva Rate<\/strong><\/p>\n<\/p><\/div>\n<div class=\"person-card-events person-card-events--light d-none\">\n\t\t\t\t\t<img decoding=\"async\" class=\"person-card-events__thumbnail\" src=\"https:\/\/www.veeva.com\/wp-content\/uploads\/2025\/04\/2025-NA-CS-hotel-moxy-350x215-a.jpg\" alt=\"\"><\/p>\n<h6>Moxy Boston Downtown<\/h6>\n<p class=\"hidden\">Veeva discounted rate sold out<\/p>\n<p class=\"\">240 Tremont St, Boston, MA 02116<br \/>Distance from Hynes: 1.7 miles (20 min drive)<\/p>\n<p class=\"hidden\"><strong>Book $\/night Veeva Rate<\/strong><\/p>\n<\/p><\/div>\n<\/p><\/div>\n<\/section>\n<p><!-- Sticky Banner End --><\/p>\n<p><!-- Bottom Banner Start --><\/p>\n<section class=\"hero-contained hero-contained--dark hero-contained--image hero-contained--footer-fix\" style=\"min-height:300px;margin-top:50px;background-image: url('https:\/\/www.veeva.com\/wp-content\/uploads\/2025\/06\/2025-RD-Summit-hp-footer.jpg')\">\n<div class=\"copy-container container copy-container--center\">\n<h3>Inspire a Ind\u00fastria com a sua Experi\u00eancia<\/h3>\n<div class=\"copy-container__buttons\">\n\t\t\t<a class=\"button-primary button-primary--gradient\" href=\"https:\/\/docs.google.com\/forms\/d\/e\/1FAIpQLSeJerTpW0Y5DF_8Xaf6nDqV12eTVqL49Bs9I-HpCpRPgWQZuw\/viewform?usp=dialog\" target=\"_self\" rel=\"noopener\">Submeter um Case!<\/a>\n\t<\/div>\n<\/section>\n<p><!-- Bottom Banner End --><\/p><\/div>\n<p><\/main><\/p>\n","protected":false},"excerpt":{"rendered":"<p>Travel details for the Veeva Commercial Summit, North America. This event is complimentary for life sciences professionals across sales, medical, and marketing. View travel information.<\/p>\n","protected":false},"author":334,"featured_media":0,"parent":15572,"menu_order":0,"comment_status":"closed","ping_status":"closed","template":"templates\/veeva-2024.full-page.php","meta":{"footnotes":""},"class_list":["post-59850","page","type-page","status-publish","hentry"],"aioseo_notices":[],"_links":{"self":[{"href":"https:\/\/pantheon.veeva.com\/la\/wp-json\/wp\/v2\/pages\/59850"}],"collection":[{"href":"https:\/\/pantheon.veeva.com\/la\/wp-json\/wp\/v2\/pages"}],"about":[{"href":"https:\/\/pantheon.veeva.com\/la\/wp-json\/wp\/v2\/types\/page"}],"author":[{"embeddable":true,"href":"https:\/\/pantheon.veeva.com\/la\/wp-json\/wp\/v2\/users\/334"}],"replies":[{"embeddable":true,"href":"https:\/\/pantheon.veeva.com\/la\/wp-json\/wp\/v2\/comments?post=59850"}],"version-history":[{"count":12,"href":"https:\/\/pantheon.veeva.com\/la\/wp-json\/wp\/v2\/pages\/59850\/revisions"}],"predecessor-version":[{"id":59895,"href":"https:\/\/pantheon.veeva.com\/la\/wp-json\/wp\/v2\/pages\/59850\/revisions\/59895"}],"up":[{"embeddable":true,"href":"https:\/\/pantheon.veeva.com\/la\/wp-json\/wp\/v2\/pages\/15572"}],"wp:attachment":[{"href":"https:\/\/pantheon.veeva.com\/la\/wp-json\/wp\/v2\/media?parent=59850"}],"curies":[{"name":"wp","href":"https:\/\/api.w.org\/{rel}","templated":true}]}}